{"id":87,"date":"2019-01-30T21:37:27","date_gmt":"2019-01-30T21:37:27","guid":{"rendered":"https:\/\/dewabp.com\/?page_id=87"},"modified":"2026-03-30T14:31:45","modified_gmt":"2026-03-30T14:31:45","slug":"paylasimlar","status":"publish","type":"page","link":"https:\/\/dewabp.com\/tr\/paylasimlar\/","title":{"rendered":"Kar\u0131\u015f\u0131k d\u00fczenlenmi\u015f Payla\u015f\u0131mlar"},"content":{"rendered":"\n<figure class=\"wp-block-image\"><img loading=\"lazy\" decoding=\"async\" width=\"850\" height=\"283\" src=\"https:\/\/dewabp.com\/wp-content\/uploads\/2019\/02\/en-g\u00fczel-BP.png\" alt=\"\" class=\"wp-image-613\" srcset=\"https:\/\/dewabp.com\/wp-content\/uploads\/2019\/02\/en-g\u00fczel-BP.png 850w, https:\/\/dewabp.com\/wp-content\/uploads\/2019\/02\/en-g\u00fczel-BP-300x100.png 300w, https:\/\/dewabp.com\/wp-content\/uploads\/2019\/02\/en-g\u00fczel-BP-768x256.png 768w\" sizes=\"auto, (max-width: 850px) 100vw, 850px\" \/><\/figure>\n\n\n<div class='pt-cv-wrapper'> <h3 class='pt-cv-heading-container heading1' data-blockid='sydfep9h'><span class='pt-cv-heading'> Kar\u0131\u015f\u0131k d\u00fczenlenmi\u015f Payla\u015f\u0131mlar <\/span><\/h3><div class=\"pt-cv-view pt-cv-blockgrid iscvblock iscvreal grid1 layout1\" id=\"pt-cv-view-sydfep9h\"><div data-id=\"pt-cv-page-1\" class=\"pt-cv-page\" data-cvc=\"3\"><div class=\" pt-cv-content-item pt-cv-1-col\" ><h4 class=\"pt-cv-title\"><a href=\"https:\/\/dewabp.com\/tr\/dunya-sanat-gunu-15-nisan\/\" class=\"_self\" target=\"_self\" >D\u00fcnya Sanat G\u00fcn\u00fc 15 Nisan<\/a><\/h4>\n<div class=\"pt-cv-content\">ALEV\u0130 OLMAK &#8211; D\u00fcnya Sanat g\u00fcn\u00fc 15 Nisan\u0130NDir KONUNUN TAKV\u0130M Linki &#8230;<\/div>\n<div class=\"pt-cv-rmwrap\"><a href=\"https:\/\/dewabp.com\/tr\/dunya-sanat-gunu-15-nisan\/\" class=\"_self pt-cv-readmore btn btn-success\" target=\"_self\" >Devam\u0131n\u0131 oku\u2026<\/a><\/div><\/div>\n<div class=\" pt-cv-content-item pt-cv-1-col\" ><h4 class=\"pt-cv-title\"><a href=\"https:\/\/dewabp.com\/tr\/musa-demirden-oezel-arsiv-resimleri\/\" class=\"_self\" target=\"_self\" >Musa Demir\u00b4den \u00d6zel Ar\u015fiv Resimleri<\/a><\/h4>\n<div class=\"pt-cv-content\"> &#8230;<\/div>\n<div class=\"pt-cv-rmwrap\"><a href=\"https:\/\/dewabp.com\/tr\/musa-demirden-oezel-arsiv-resimleri\/\" class=\"_self pt-cv-readmore btn btn-success\" target=\"_self\" >Devam\u0131n\u0131 oku\u2026<\/a><\/div><\/div>\n<div class=\" pt-cv-content-item pt-cv-1-col\" ><h4 class=\"pt-cv-title\"><a href=\"https:\/\/dewabp.com\/tr\/benim-annem-siir\/\" class=\"_self\" target=\"_self\" >BEN\u0130M ANNEM (\u015eiir)<\/a><\/h4>\n<div class=\"pt-cv-content\">BEN\u0130M ANNEMBenim annem s\u0131rt\u0131nda da\u011f ta\u015f\u0131rd\u0131Annemin s\u0131rt\u0131nda da\u011flar kadar y\u00fck vard\u0131Benim annemBa\u011f\u0131 bah\u00e7eyiYeni a\u00e7an \u00e7i\u00e7ekleriHafiften esen r\u00fczg\u00e2r\u0131 severdiAsl\u0131nda benim annem &#8230;<\/div>\n<div class=\"pt-cv-rmwrap\"><a href=\"https:\/\/dewabp.com\/tr\/benim-annem-siir\/\" class=\"_self pt-cv-readmore btn btn-success\" target=\"_self\" >Devam\u0131n\u0131 oku\u2026<\/a><\/div><\/div>\n<div class=\" pt-cv-content-item pt-cv-1-col\" ><h4 class=\"pt-cv-title\"><a href=\"https:\/\/dewabp.com\/tr\/sana-olan-askim-siir\/\" class=\"_self\" target=\"_self\" >SANA OLAN A\u015eKIM (\u015eiir)<\/a><\/h4>\n<div class=\"pt-cv-content\">SANA OLAN A\u015eKIMSana olan a\u015fk\u0131mBenimle beraber kimsesiz kald\u0131Bazen \u00f6l\u00fc bir denizBazen co\u015fan sularBazen de deli bir r\u00fczgar oldu\u00d6yle b\u00fcy\u00fcd\u00fcHalen seni &#8230;<\/div>\n<div class=\"pt-cv-rmwrap\"><a href=\"https:\/\/dewabp.com\/tr\/sana-olan-askim-siir\/\" class=\"_self pt-cv-readmore btn btn-success\" target=\"_self\" >Devam\u0131n\u0131 oku\u2026<\/a><\/div><\/div>\n<div class=\" pt-cv-content-item pt-cv-1-col\" ><h4 class=\"pt-cv-title\"><a href=\"https:\/\/dewabp.com\/tr\/guzeldik-biz-eskiden-siir\/\" class=\"_self\" target=\"_self\" >G\u00dcZELD\u0130K B\u0130Z ESK\u0130DEN (\u015eiir)<\/a><\/h4>\n<div class=\"pt-cv-content\">G\u00dcZELD\u0130K B\u0130Z ESK\u0130DENG\u00fczeldik biz \u00e7ok eskiden,Y\u00fcrekler i\u00e7i\u00e7eyken,Bir lokma ekme\u011fi b\u00f6l\u00fc\u015f\u00fcrken,Ac\u0131y\u0131 mutlulu\u011fu payla\u015f\u0131rken.Kom\u015fular\u0131m\u0131z\u0131n yan\u0131nda selams\u0131z sabahs\u0131z ge\u00e7mezken,Yard\u0131mla\u015fman\u0131n ne demek oldu\u011funun bilincindeyken,Menfaats\u0131z &#8230;<\/div>\n<div class=\"pt-cv-rmwrap\"><a href=\"https:\/\/dewabp.com\/tr\/guzeldik-biz-eskiden-siir\/\" class=\"_self pt-cv-readmore btn btn-success\" target=\"_self\" >Devam\u0131n\u0131 oku\u2026<\/a><\/div><\/div>\n<div class=\" pt-cv-content-item pt-cv-1-col\" ><h4 class=\"pt-cv-title\"><a href=\"https:\/\/dewabp.com\/tr\/umudun-yoruldugu-yer-siir\/\" class=\"_self\" target=\"_self\" >UMUDUN YORULDU\u011eU YERDEY\u0130Z (\u015eiir)<\/a><\/h4>\n<div class=\"pt-cv-content\">Umudun yoruldu\u011fu yerdeyiz, Ne eski baharlar renk renk a\u00e7an \u00e7i\u00e7eklerin kokular\u0131 var, Ne de ku\u015flar\u0131n sesleri var,Umutlar\u0131m\u0131z sevdalar\u0131m\u0131z \u00f6fkemiz,Ka\u00e7 mevsime &#8230;<\/div>\n<div class=\"pt-cv-rmwrap\"><a href=\"https:\/\/dewabp.com\/tr\/umudun-yoruldugu-yer-siir\/\" class=\"_self pt-cv-readmore btn btn-success\" target=\"_self\" >Devam\u0131n\u0131 oku\u2026<\/a><\/div><\/div>\n<div class=\" pt-cv-content-item pt-cv-1-col\" ><h4 class=\"pt-cv-title\"><a href=\"https:\/\/dewabp.com\/tr\/soyle-gardas-siir\/\" class=\"_self\" target=\"_self\" >S\u00d6YLE GARDA\u015e (\u015eiir)<\/a><\/h4>\n<div class=\"pt-cv-content\">S\u00d6YLE GARDA\u015eS\u00f6yle garda\u015f, nas\u0131ld\u0131r k\u00f6y\u00fcm\u00fcn son hali?Bahar geldi mi da\u011flar\u0131na k\u00f6y\u00fcm\u00fcn?A\u011fa\u00e7lar tomurcuk a\u00e7t\u0131 m\u0131,\u00c7i\u011fdemler olu\u015ftu mu? Oy garda\u015f, y\u00fcre\u011fim yang\u0131n &#8230;<\/div>\n<div class=\"pt-cv-rmwrap\"><a href=\"https:\/\/dewabp.com\/tr\/soyle-gardas-siir\/\" class=\"_self pt-cv-readmore btn btn-success\" target=\"_self\" >Devam\u0131n\u0131 oku\u2026<\/a><\/div><\/div>\n<div class=\" pt-cv-content-item pt-cv-1-col\" ><h4 class=\"pt-cv-title\"><a href=\"https:\/\/dewabp.com\/tr\/meclis-uyelerimiz-2025-secimleri\/\" class=\"_self\" target=\"_self\" >K\u00d6Y MECL\u0130S TEMS\u0130LC\u0130LER\u0130 VE Y\u00d6NET\u0130M<\/a><\/h4>\n<div class=\"pt-cv-content\">K\u00f6y Meclis 2019 Cem ve A\u015fevleri A\u00e7\u0131l\u0131\u015f\u0131 &#8230;<\/div>\n<div class=\"pt-cv-rmwrap\"><a href=\"https:\/\/dewabp.com\/tr\/meclis-uyelerimiz-2025-secimleri\/\" class=\"_self pt-cv-readmore btn btn-success\" target=\"_self\" >Devam\u0131n\u0131 oku\u2026<\/a><\/div><\/div>\n<div class=\" pt-cv-content-item pt-cv-1-col\" ><h4 class=\"pt-cv-title\"><a href=\"https:\/\/dewabp.com\/tr\/arastirmaci-yazar-kadir-doganla-hawtemal-soeylesisi\/\" class=\"_self\" target=\"_self\" >Ara\u015ft\u0131rmac\u0131 &amp; Yazar, Kadir Do\u011fan&#8217;la Hawtemal s\u00f6yle\u015fisi<\/a><\/h4>\n<div class=\"pt-cv-content\"> &#8230;<\/div>\n<div class=\"pt-cv-rmwrap\"><a href=\"https:\/\/dewabp.com\/tr\/arastirmaci-yazar-kadir-doganla-hawtemal-soeylesisi\/\" class=\"_self pt-cv-readmore btn btn-success\" target=\"_self\" >Devam\u0131n\u0131 oku\u2026<\/a><\/div><\/div>\n<div class=\" pt-cv-content-item pt-cv-1-col\" ><h4 class=\"pt-cv-title\"><a href=\"https:\/\/dewabp.com\/tr\/dewa-bulmis-palanqa-tercan-erzincan-dron-cekimi-2023\/\" class=\"_self\" target=\"_self\" >Dewa Bulm\u0131s &amp; Palanqa, Tercan\/Erzincan, Dron \u00e7ekimi 2023<\/a><\/h4>\n<div class=\"pt-cv-content\"> &#8230;<\/div>\n<div class=\"pt-cv-rmwrap\"><a href=\"https:\/\/dewabp.com\/tr\/dewa-bulmis-palanqa-tercan-erzincan-dron-cekimi-2023\/\" class=\"_self pt-cv-readmore btn btn-success\" target=\"_self\" >Devam\u0131n\u0131 oku\u2026<\/a><\/div><\/div>\n<div class=\" pt-cv-content-item pt-cv-1-col\" ><h4 class=\"pt-cv-title\"><a href=\"https:\/\/dewabp.com\/tr\/1-mayis-2025-cemal-zoenguerle-soeyleyis\/\" class=\"_self\" target=\"_self\" >1 May\u0131s 2025 &#8211; Cemal Z\u00f6ng\u00fcr\u00b4le S\u00f6yleyi\u015fi<\/a><\/h4>\n<div class=\"pt-cv-content\"> &#8230;<\/div>\n<div class=\"pt-cv-rmwrap\"><a href=\"https:\/\/dewabp.com\/tr\/1-mayis-2025-cemal-zoenguerle-soeyleyis\/\" class=\"_self pt-cv-readmore btn btn-success\" target=\"_self\" >Devam\u0131n\u0131 oku\u2026<\/a><\/div><\/div>\n<div class=\" pt-cv-content-item pt-cv-1-col\" ><h4 class=\"pt-cv-title\"><a href=\"https:\/\/dewabp.com\/tr\/bir-yapinin-yeniden-dogusu-siir\/\" class=\"_self\" target=\"_self\" >Bir Yap\u0131n\u0131n Yeniden Do\u011fu\u015fu (\u015eiir)<\/a><\/h4>\n<div class=\"pt-cv-content\"> &#8230;<\/div>\n<div class=\"pt-cv-rmwrap\"><a href=\"https:\/\/dewabp.com\/tr\/bir-yapinin-yeniden-dogusu-siir\/\" class=\"_self pt-cv-readmore btn btn-success\" target=\"_self\" >Devam\u0131n\u0131 oku\u2026<\/a><\/div><\/div>\n<div class=\" pt-cv-content-item pt-cv-1-col\" ><h4 class=\"pt-cv-title\"><a href=\"https:\/\/dewabp.com\/tr\/insan-olmak\/\" class=\"_self\" target=\"_self\" >\u0130nsan Olmak (\u015eiir)<\/a><\/h4>\n<div class=\"pt-cv-content\"> &#8230;<\/div>\n<div class=\"pt-cv-rmwrap\"><a href=\"https:\/\/dewabp.com\/tr\/insan-olmak\/\" class=\"_self pt-cv-readmore btn btn-success\" target=\"_self\" >Devam\u0131n\u0131 oku\u2026<\/a><\/div><\/div>\n<div class=\" pt-cv-content-item pt-cv-1-col\" ><h4 class=\"pt-cv-title\"><a href=\"https:\/\/dewabp.com\/tr\/dueruestluek-gueven-ve-basari-siir\/\" class=\"_self\" target=\"_self\" >D\u00fcr\u00fcstl\u00fck, G\u00fcven ve Ba\u015far\u0131 (\u015eiir)<\/a><\/h4>\n<div class=\"pt-cv-content\"> &#8230;<\/div>\n<div class=\"pt-cv-rmwrap\"><a href=\"https:\/\/dewabp.com\/tr\/dueruestluek-gueven-ve-basari-siir\/\" class=\"_self pt-cv-readmore btn btn-success\" target=\"_self\" >Devam\u0131n\u0131 oku\u2026<\/a><\/div><\/div>\n<div class=\" pt-cv-content-item pt-cv-1-col\" ><h4 class=\"pt-cv-title\"><a href=\"https:\/\/dewabp.com\/tr\/gavanda-bir-olduk-siir\/\" class=\"_self\" target=\"_self\" >GABAN\u2019DA B\u0130R OLDUK (\u015eiir)<\/a><\/h4>\n<div class=\"pt-cv-content\"> &#8230;<\/div>\n<div class=\"pt-cv-rmwrap\"><a href=\"https:\/\/dewabp.com\/tr\/gavanda-bir-olduk-siir\/\" class=\"_self pt-cv-readmore btn btn-success\" target=\"_self\" >Devam\u0131n\u0131 oku\u2026<\/a><\/div><\/div>\n<div class=\" pt-cv-content-item pt-cv-1-col\" ><h4 class=\"pt-cv-title\"><a href=\"https:\/\/dewabp.com\/tr\/ask-ile-basari-siir\/\" class=\"_self\" target=\"_self\" >A\u015fk ile Ba\u015far\u0131 (\u015eiir)<\/a><\/h4>\n<div class=\"pt-cv-content\"> &#8230;<\/div>\n<div class=\"pt-cv-rmwrap\"><a href=\"https:\/\/dewabp.com\/tr\/ask-ile-basari-siir\/\" class=\"_self pt-cv-readmore btn btn-success\" target=\"_self\" >Devam\u0131n\u0131 oku\u2026<\/a><\/div><\/div>\n<div class=\" pt-cv-content-item pt-cv-1-col\" ><h4 class=\"pt-cv-title\"><a href=\"https:\/\/dewabp.com\/tr\/mirasin-izinde-siir\/\" class=\"_self\" target=\"_self\" >M\u0130RASIN \u0130Z\u0130NDE (\u015eiir)<\/a><\/h4>\n<div class=\"pt-cv-content\"> &#8230;<\/div>\n<div class=\"pt-cv-rmwrap\"><a href=\"https:\/\/dewabp.com\/tr\/mirasin-izinde-siir\/\" class=\"_self pt-cv-readmore btn btn-success\" target=\"_self\" >Devam\u0131n\u0131 oku\u2026<\/a><\/div><\/div>\n<div class=\" pt-cv-content-item pt-cv-1-col\" ><h4 class=\"pt-cv-title\"><a href=\"https:\/\/dewabp.com\/tr\/kendimle-hesaplasma-siir\/\" class=\"_self\" target=\"_self\" >Kendimle hesapla\u015fma (\u015eiir)<\/a><\/h4>\n<div class=\"pt-cv-content\"> &#8230;<\/div>\n<div class=\"pt-cv-rmwrap\"><a href=\"https:\/\/dewabp.com\/tr\/kendimle-hesaplasma-siir\/\" class=\"_self pt-cv-readmore btn btn-success\" target=\"_self\" >Devam\u0131n\u0131 oku\u2026<\/a><\/div><\/div>\n<div class=\" pt-cv-content-item pt-cv-1-col\" ><h4 class=\"pt-cv-title\"><a href=\"https:\/\/dewabp.com\/tr\/sertifika-2019\/\" class=\"_self\" target=\"_self\" >CEM ve A\u015fevleri &#8211; SERT\u0130F\u0130KALAR 2019<\/a><\/h4>\n<div class=\"pt-cv-content\">CEM ve A\u015fevleri &#8216;\u0130n\u015fat Projesi&#8217; \u00e7al\u0131\u015fmalar\u0131nda \u00f6nc\u00fcl\u00fck yapan ve emek veren k\u00f6yl\u00fclere verilen Sertifikalar &#8230;<\/div>\n<div class=\"pt-cv-rmwrap\"><a href=\"https:\/\/dewabp.com\/tr\/sertifika-2019\/\" class=\"_self pt-cv-readmore btn btn-success\" target=\"_self\" >Devam\u0131n\u0131 oku\u2026<\/a><\/div><\/div>\n<div class=\" pt-cv-content-item pt-cv-1-col\" ><h4 class=\"pt-cv-title\"><a href=\"https:\/\/dewabp.com\/tr\/5182-2\/\" class=\"_self\" target=\"_self\" >Ali Haydar Hekimo\u011flu: Alican Babal\u0131\u011f\u0131n An\u0131s\u0131na<\/a><\/h4>\n<div class=\"pt-cv-content\">Alican amca (Babal\u0131k) mahallemizde; kad\u0131nlar aralar\u0131nda konu\u015fuyor &#8220;eri vane Alcan amu&#8221; Biz \u00e7ocuklar i\u00e7in, her gelen gurbet\u00e7i, \u015feker demekti. K\u00f6y\u00fcn &#8230;<\/div>\n<div class=\"pt-cv-rmwrap\"><a href=\"https:\/\/dewabp.com\/tr\/5182-2\/\" class=\"_self pt-cv-readmore btn btn-success\" target=\"_self\" >Devam\u0131n\u0131 oku\u2026<\/a><\/div><\/div><\/div><\/div> <\/div> <style>\n\n#pt-cv-view-sydfep9h .pt-cv-meta-fields {  }#pt-cv-view-sydfep9h .pt-cv-meta-fields * { font-size: 13px; }#pt-cv-view-sydfep9h .pt-cv-thumb-wrapper:not(.miniwrap) {  }#pt-cv-view-sydfep9h .pt-cv-thumbnail:not(.pt-cv-thumbnailsm) { height: 250px; }#pt-cv-view-sydfep9h .pt-cv-title a { display: block; }#pt-cv-view-sydfep9h .pt-cv-title:not(.pt-cv-titlesm) a { font-weight: 600;text-decoration: none;font-size: 20px; }#pt-cv-view-sydfep9h .pt-cv-titlesm a { font-weight: 600;font-size: 18px; }#pt-cv-view-sydfep9h .pt-cv-content { font-size: 15px; }#pt-cv-view-sydfep9h .pt-cv-rmwrap {  }#pt-cv-view-sydfep9h .pt-cv-readmore { color: #fff;background-color: #0075ff;font-size: 14px; }#pt-cv-view-sydfep9h .pt-cv-taxoterm {  }#pt-cv-view-sydfep9h .pt-cv-taxoterm * { color: #222;background-color: #fff6f6;font-size: 14px; }#pt-cv-view-sydfep9h + .pt-cv-pagination-wrapper {  }#pt-cv-view-sydfep9h + .pt-cv-pagination-wrapper a { font-size: 14px; }#pt-cv-view-sydfep9h > .pt-cv-page {grid-template-columns: repeat(3, 1fr);grid-gap: 20px;}\n@media all and (max-width: 1024px) { \n#pt-cv-view-sydfep9h > .pt-cv-page {}\n} \n@media all and (max-width: 767px) { \n#pt-cv-view-sydfep9h > .pt-cv-page {grid-template-columns: repeat(1, 1fr);}\n} <\/style>","protected":false},"excerpt":{"rendered":"","protected":false},"author":3,"featured_media":0,"parent":0,"menu_order":0,"comment_status":"closed","ping_status":"closed","template":"","meta":{"site-sidebar-layout":"default","site-content-layout":"","ast-site-content-layout":"default","site-content-style":"default","site-sidebar-style":"default","ast-global-header-display":"","ast-banner-title-visibility":"","ast-main-header-display":"","ast-hfb-above-header-display":"","ast-hfb-below-header-display":"","ast-hfb-mobile-header-display":"","site-post-title":"disabled","ast-breadcrumbs-content":"","ast-featured-img":"","footer-sml-layout":"","ast-disable-related-posts":"","theme-transparent-header-meta":"default","adv-header-id-meta":"","stick-header-meta":"","header-above-stick-meta":"","header-main-stick-meta":"","header-below-stick-meta":"","astra-migrate-meta-layouts":"set","ast-page-background-enabled":"default","ast-page-background-meta":{"desktop":{"background-color":"","background-image":"","background-repeat":"repeat","background-position":"center center","background-size":"auto","background-attachment":"scroll","background-type":"","background-media":"","overlay-type":"","overlay-color":"","overlay-opacity":"","overlay-gradient":""},"tablet":{"background-color":"","background-image":"","background-repeat":"repeat","background-position":"center center","background-size":"auto","background-attachment":"scroll","background-type":"","background-media":"","overlay-type":"","overlay-color":"","overlay-opacity":"","overlay-gradient":""},"mobile":{"background-color":"","background-image":"","background-repeat":"repeat","background-position":"center center","background-size":"auto","background-attachment":"scroll","background-type":"","background-media":"","overlay-type":"","overlay-color":"","overlay-opacity":"","overlay-gradient":""}},"ast-content-background-meta":{"desktop":{"background-color":"var(--ast-global-color-5)","background-image":"","background-repeat":"repeat","background-position":"center center","background-size":"auto","background-attachment":"scroll","background-type":"","background-media":"","overlay-type":"","overlay-color":"","overlay-opacity":"","overlay-gradient":""},"tablet":{"background-color":"var(--ast-global-color-5)","background-image":"","background-repeat":"repeat","background-position":"center center","background-size":"auto","background-attachment":"scroll","background-type":"","background-media":"","overlay-type":"","overlay-color":"","overlay-opacity":"","overlay-gradient":""},"mobile":{"background-color":"var(--ast-global-color-5)","background-image":"","background-repeat":"repeat","background-position":"center center","background-size":"auto","background-attachment":"scroll","background-type":"","background-media":"","overlay-type":"","overlay-color":"","overlay-opacity":"","overlay-gradient":""}},"footnotes":""},"class_list":["post-87","page","type-page","status-publish","hentry"],"_links":{"self":[{"href":"https:\/\/dewabp.com\/tr\/wp-json\/wp\/v2\/pages\/87","targetHints":{"allow":["GET"]}}],"collection":[{"href":"https:\/\/dewabp.com\/tr\/wp-json\/wp\/v2\/pages"}],"about":[{"href":"https:\/\/dewabp.com\/tr\/wp-json\/wp\/v2\/types\/page"}],"author":[{"embeddable":true,"href":"https:\/\/dewabp.com\/tr\/wp-json\/wp\/v2\/users\/3"}],"replies":[{"embeddable":true,"href":"https:\/\/dewabp.com\/tr\/wp-json\/wp\/v2\/comments?post=87"}],"version-history":[{"count":18,"href":"https:\/\/dewabp.com\/tr\/wp-json\/wp\/v2\/pages\/87\/revisions"}],"predecessor-version":[{"id":6303,"href":"https:\/\/dewabp.com\/tr\/wp-json\/wp\/v2\/pages\/87\/revisions\/6303"}],"wp:attachment":[{"href":"https:\/\/dewabp.com\/tr\/wp-json\/wp\/v2\/media?parent=87"}],"curies":[{"name":"wp","href":"https:\/\/api.w.org\/{rel}","templated":true}]}}