{"id":6245,"date":"2026-03-30T12:54:41","date_gmt":"2026-03-30T12:54:41","guid":{"rendered":"https:\/\/dewabp.com\/?page_id=6245"},"modified":"2026-03-30T16:04:29","modified_gmt":"2026-03-30T16:04:29","slug":"alevi-olmak","status":"publish","type":"page","link":"https:\/\/dewabp.com\/tr\/alevi-olmak\/","title":{"rendered":"ALEV\u0130 OLMAK"},"content":{"rendered":"\n<figure class=\"wp-block-image size-large\"><img loading=\"lazy\" decoding=\"async\" width=\"1200\" height=\"800\" src=\"https:\/\/dewabp.com\/wp-content\/uploads\/2026\/03\/ALEVI-OLMAK-1200x800.jpg\" alt=\"\" class=\"wp-image-6371\" srcset=\"https:\/\/dewabp.com\/wp-content\/uploads\/2026\/03\/ALEVI-OLMAK-1200x800.jpg 1200w, https:\/\/dewabp.com\/wp-content\/uploads\/2026\/03\/ALEVI-OLMAK-300x200.jpg 300w, https:\/\/dewabp.com\/wp-content\/uploads\/2026\/03\/ALEVI-OLMAK-768x512.jpg 768w, https:\/\/dewabp.com\/wp-content\/uploads\/2026\/03\/ALEVI-OLMAK-18x12.jpg 18w, https:\/\/dewabp.com\/wp-content\/uploads\/2026\/03\/ALEVI-OLMAK.jpg 1536w\" sizes=\"auto, (max-width: 1200px) 100vw, 1200px\" \/><\/figure>\n\n\n<div class='pt-cv-wrapper'> <h3 class='pt-cv-heading-container heading4' data-blockid='7dr8k85x'><span class='pt-cv-heading'> Alevilikle ilgili son Payla\u015f\u0131mlar <\/span><\/h3><div class=\"pt-cv-view pt-cv-blockgrid iscvblock iscvreal grid1 layout1\" id=\"pt-cv-view-7dr8k85x\"><div data-id=\"pt-cv-page-1\" class=\"pt-cv-page\" data-cvc=\"2\"><div class=\" pt-cv-content-item pt-cv-1-col\" ><h4 class=\"pt-cv-title\"><a href=\"https:\/\/dewabp.com\/tr\/dunya-sanat-gunu-15-nisan\/\" class=\"_self\" target=\"_self\" >D\u00fcnya Sanat G\u00fcn\u00fc 15 Nisan<\/a><\/h4>\n<div class=\"pt-cv-content\">ALEV\u0130 OLMAK &#8211; D\u00fcnya Sanat g\u00fcn\u00fc 15 Nisan\u0130NDir KONUNUN TAKV\u0130M Linki &#8230;<\/div>\n<div class=\"pt-cv-rmwrap\"><a href=\"https:\/\/dewabp.com\/tr\/dunya-sanat-gunu-15-nisan\/\" class=\"_self pt-cv-readmore btn btn-success\" target=\"_self\" >Devam\u0131n\u0131 oku\u2026<\/a><\/div>\n<div class=\"pt-cv-meta-fields\"><span class=\"entry-date\"> <time datetime=\"2026-04-15T11:15:45+00:00\">15\/04\/2026<\/time><\/span><span> &#8210; <\/span><span class=\"author\"> <a href=\"https:\/\/dewabp.com\/tr\/author\/rojadmin\/\" rel=\"author\">rojadmin<\/a><\/span><\/div><\/div>\n<div class=\" pt-cv-content-item pt-cv-1-col\" ><h4 class=\"pt-cv-title\"><a href=\"https:\/\/dewabp.com\/tr\/dersim-katliami\/\" class=\"_self\" target=\"_self\" >DERS\u0130M KATL\u0130AMI<\/a><\/h4>\n<div class=\"pt-cv-content\">(bu vesileyle) Orta do\u011fu ve Mezopotamya kadim halklar\u0131ndan biri olan K\u00fcrtlerin (Sunni, \u015eafi, Alevi-K\u0131z\u0131lba\u015f-Bekta\u015fi ve Ezidi) en b\u00fcy\u00fck d\u00fc\u015fman\u0131, ulusal &#8230;<\/div>\n<div class=\"pt-cv-rmwrap\"><a href=\"https:\/\/dewabp.com\/tr\/dersim-katliami\/\" class=\"_self pt-cv-readmore btn btn-success\" target=\"_self\" >Devam\u0131n\u0131 oku\u2026<\/a><\/div>\n<div class=\"pt-cv-meta-fields\"><span class=\"entry-date\"> <time datetime=\"2021-05-04T13:26:00+00:00\">04\/05\/2021<\/time><\/span><span> &#8210; <\/span><span class=\"author\"> <a href=\"https:\/\/dewabp.com\/tr\/author\/kawel\/\" rel=\"author\">Kawel Firat<\/a><\/span><\/div><\/div><\/div><\/div> <\/div> <style>\n\n#pt-cv-view-7dr8k85x .pt-cv-meta-fields {  }#pt-cv-view-7dr8k85x .pt-cv-meta-fields * { font-size: 13px; }#pt-cv-view-7dr8k85x .pt-cv-thumb-wrapper:not(.miniwrap) {  }#pt-cv-view-7dr8k85x .pt-cv-thumbnail:not(.pt-cv-thumbnailsm) { height: 300px; }#pt-cv-view-7dr8k85x .pt-cv-title a { display: block; }#pt-cv-view-7dr8k85x .pt-cv-title:not(.pt-cv-titlesm) a { font-weight: 600;text-decoration: none;font-size: 20px; }#pt-cv-view-7dr8k85x .pt-cv-titlesm a { font-weight: 600;font-size: 18px; }#pt-cv-view-7dr8k85x .pt-cv-content { font-size: 15px; }#pt-cv-view-7dr8k85x .pt-cv-rmwrap {  }#pt-cv-view-7dr8k85x .pt-cv-readmore { color: #fff;background-color: #0075ff;font-size: 14px; }#pt-cv-view-7dr8k85x .pt-cv-taxoterm {  }#pt-cv-view-7dr8k85x .pt-cv-taxoterm * { color: #222;background-color: #fff6f6;font-size: 14px; }#pt-cv-view-7dr8k85x + .pt-cv-pagination-wrapper {  }#pt-cv-view-7dr8k85x + .pt-cv-pagination-wrapper a { font-size: 14px; }#pt-cv-view-7dr8k85x > .pt-cv-page {grid-template-columns: repeat(2, 1fr);grid-gap: 20px;}\n@media all and (max-width: 1024px) { \n#pt-cv-view-7dr8k85x > .pt-cv-page {grid-template-columns: repeat(2, 1fr);}\n} \n@media all and (max-width: 767px) { \n#pt-cv-view-7dr8k85x > .pt-cv-page {grid-template-columns: repeat(1, 1fr);}\n} <\/style>\n\n<style>.kb-row-layout-id6245_b7c02b-d0 > .kt-row-column-wrap{align-content:start;}:where(.kb-row-layout-id6245_b7c02b-d0 > .kt-row-column-wrap) > .wp-block-kadence-column{justify-content:start;}.kb-row-layout-id6245_b7c02b-d0 > .kt-row-column-wrap{column-gap:var(--global-kb-gap-md, 2rem);row-gap:var(--global-kb-gap-md, 2rem);padding-top:var(--global-kb-spacing-sm, 1.5rem);padding-bottom:var(--global-kb-spacing-sm, 1.5rem);grid-template-columns:repeat(2, minmax(0, 1fr));}.kb-row-layout-id6245_b7c02b-d0 > .kt-row-layout-overlay{opacity:0.30;}@media all and (max-width: 1024px){.kb-row-layout-id6245_b7c02b-d0 > .kt-row-column-wrap{grid-template-columns:repeat(2, minmax(0, 1fr));}}@media all and (max-width: 767px){.kb-row-layout-id6245_b7c02b-d0 > .kt-row-column-wrap{grid-template-columns:minmax(0, 1fr);}}<\/style><div class=\"kb-row-layout-wrap kb-row-layout-id6245_b7c02b-d0 alignnone wp-block-kadence-rowlayout\"><div class=\"kt-row-column-wrap kt-has-2-columns kt-row-layout-equal kt-tab-layout-inherit kt-mobile-layout-row kt-row-valign-top\">\n<style>.kadence-column6245_77604e-b2 > .kt-inside-inner-col,.kadence-column6245_77604e-b2 > .kt-inside-inner-col:before{border-top-left-radius:0px;border-top-right-radius:0px;border-bottom-right-radius:0px;border-bottom-left-radius:0px;}.kadence-column6245_77604e-b2 > .kt-inside-inner-col{column-gap:var(--global-kb-gap-sm, 1rem);}.kadence-column6245_77604e-b2 > .kt-inside-inner-col{flex-direction:column;}.kadence-column6245_77604e-b2 > .kt-inside-inner-col > .aligncenter{width:100%;}.kadence-column6245_77604e-b2 > .kt-inside-inner-col:before{opacity:0.3;}.kadence-column6245_77604e-b2{position:relative;}@media all and (max-width: 1024px){.kadence-column6245_77604e-b2 > .kt-inside-inner-col{flex-direction:column;justify-content:center;}}@media all and (max-width: 767px){.kadence-column6245_77604e-b2 > .kt-inside-inner-col{flex-direction:column;justify-content:center;}}<\/style>\n<div class=\"wp-block-kadence-column kadence-column6245_77604e-b2\"><div class=\"kt-inside-inner-col\">\n<div data-wp-interactive=\"core\/file\" class=\"wp-block-file\"><object data-wp-bind--hidden=\"!state.hasPdfPreview\" hidden class=\"wp-block-file__embed\" data=\"https:\/\/dewabp.com\/wp-content\/uploads\/2026\/03\/ALEVI-OLMAK-ne-demektir-V02.pdf\" type=\"application\/pdf\" style=\"width:100%;height:600px\" aria-label=\"ALEV\u0130 OLMAK, ne demektir g\u00f6m\u00fcs\u00fc.\"><\/object><a id=\"wp-block-file--media-fe0e34af-0575-4d23-aafd-40c9559ec79a\" href=\"https:\/\/dewabp.com\/wp-content\/uploads\/2026\/03\/ALEVI-OLMAK-ne-demektir-V02.pdf\">ALEV\u0130 OLMAK, ne demektir<\/a><a href=\"https:\/\/dewabp.com\/wp-content\/uploads\/2026\/03\/ALEVI-OLMAK-ne-demektir-V02.pdf\" class=\"wp-block-file__button wp-element-button\" download aria-describedby=\"wp-block-file--media-fe0e34af-0575-4d23-aafd-40c9559ec79a\">indir<\/a><\/div>\n<\/div><\/div>\n\n\n<style>.kadence-column6245_3d814d-50 > .kt-inside-inner-col,.kadence-column6245_3d814d-50 > .kt-inside-inner-col:before{border-top-left-radius:0px;border-top-right-radius:0px;border-bottom-right-radius:0px;border-bottom-left-radius:0px;}.kadence-column6245_3d814d-50 > .kt-inside-inner-col{column-gap:var(--global-kb-gap-sm, 1rem);}.kadence-column6245_3d814d-50 > .kt-inside-inner-col{flex-direction:column;}.kadence-column6245_3d814d-50 > .kt-inside-inner-col > .aligncenter{width:100%;}.kadence-column6245_3d814d-50 > .kt-inside-inner-col:before{opacity:0.3;}.kadence-column6245_3d814d-50{position:relative;}@media all and (max-width: 1024px){.kadence-column6245_3d814d-50 > .kt-inside-inner-col{flex-direction:column;justify-content:center;}}@media all and (max-width: 767px){.kadence-column6245_3d814d-50 > .kt-inside-inner-col{flex-direction:column;justify-content:center;}}<\/style>\n<div class=\"wp-block-kadence-column kadence-column6245_3d814d-50\"><div class=\"kt-inside-inner-col\">\n<div data-wp-interactive=\"core\/file\" class=\"wp-block-file\"><object data-wp-bind--hidden=\"!state.hasPdfPreview\" hidden class=\"wp-block-file__embed\" data=\"https:\/\/dewabp.com\/wp-content\/uploads\/2026\/03\/ALEVI-OLMAK-Newroz.pdf\" type=\"application\/pdf\" style=\"width:100%;height:600px\" aria-label=\"ALEV\u0130 OLMAK - Newroz g\u00f6m\u00fcs\u00fc.\"><\/object><a id=\"wp-block-file--media-8880b021-b00d-4f4d-b16f-0eb375dd66d0\" href=\"https:\/\/dewabp.com\/wp-content\/uploads\/2026\/03\/ALEVI-OLMAK-Newroz.pdf\">ALEV\u0130 OLMAK &#8211; Newroz<\/a><a href=\"https:\/\/dewabp.com\/wp-content\/uploads\/2026\/03\/ALEVI-OLMAK-Newroz.pdf\" class=\"wp-block-file__button wp-element-button\" download aria-describedby=\"wp-block-file--media-8880b021-b00d-4f4d-b16f-0eb375dd66d0\">indir<\/a><\/div>\n<\/div><\/div>\n\n<\/div><\/div>\n\n<style>.kb-row-layout-id6245_df3f08-14 > .kt-row-column-wrap{align-content:start;}:where(.kb-row-layout-id6245_df3f08-14 > .kt-row-column-wrap) > .wp-block-kadence-column{justify-content:start;}.kb-row-layout-id6245_df3f08-14 > .kt-row-column-wrap{column-gap:var(--global-kb-gap-md, 2rem);row-gap:var(--global-kb-gap-md, 2rem);padding-top:var(--global-kb-spacing-sm, 1.5rem);padding-bottom:var(--global-kb-spacing-sm, 1.5rem);grid-template-columns:repeat(2, minmax(0, 1fr));}.kb-row-layout-id6245_df3f08-14 > .kt-row-layout-overlay{opacity:0.30;}@media all and (max-width: 1024px){.kb-row-layout-id6245_df3f08-14 > .kt-row-column-wrap{grid-template-columns:repeat(2, minmax(0, 1fr));}}@media all and (max-width: 767px){.kb-row-layout-id6245_df3f08-14 > .kt-row-column-wrap{grid-template-columns:minmax(0, 1fr);}}<\/style><div class=\"kb-row-layout-wrap kb-row-layout-id6245_df3f08-14 alignnone wp-block-kadence-rowlayout\"><div class=\"kt-row-column-wrap kt-has-2-columns kt-row-layout-equal kt-tab-layout-inherit kt-mobile-layout-row kt-row-valign-top\">\n<style>.kadence-column6245_a60ee3-a7 > .kt-inside-inner-col,.kadence-column6245_a60ee3-a7 > .kt-inside-inner-col:before{border-top-left-radius:0px;border-top-right-radius:0px;border-bottom-right-radius:0px;border-bottom-left-radius:0px;}.kadence-column6245_a60ee3-a7 > .kt-inside-inner-col{column-gap:var(--global-kb-gap-sm, 1rem);}.kadence-column6245_a60ee3-a7 > .kt-inside-inner-col{flex-direction:column;}.kadence-column6245_a60ee3-a7 > .kt-inside-inner-col > .aligncenter{width:100%;}.kadence-column6245_a60ee3-a7 > .kt-inside-inner-col:before{opacity:0.3;}.kadence-column6245_a60ee3-a7{position:relative;}@media all and (max-width: 1024px){.kadence-column6245_a60ee3-a7 > .kt-inside-inner-col{flex-direction:column;justify-content:center;}}@media all and (max-width: 767px){.kadence-column6245_a60ee3-a7 > .kt-inside-inner-col{flex-direction:column;justify-content:center;}}<\/style>\n<div class=\"wp-block-kadence-column kadence-column6245_a60ee3-a7\"><div class=\"kt-inside-inner-col\">\n<div data-wp-interactive=\"core\/file\" class=\"wp-block-file\"><object data-wp-bind--hidden=\"!state.hasPdfPreview\" hidden class=\"wp-block-file__embed\" data=\"https:\/\/dewabp.com\/wp-content\/uploads\/2026\/03\/ALEVI-OLMAK-Alevi-Oegretisi-Uezerine-Yazilar-02.pdf\" type=\"application\/pdf\" style=\"width:100%;height:600px\" aria-label=\"ALEV\u0130 OLMAK - Alevi \u00d6\u011fretisi \u00dczerine Yaz\u0131lar g\u00f6m\u00fcs\u00fc.\"><\/object><a id=\"wp-block-file--media-c1071c83-f6cc-40fd-93e1-d50ee8973f94\" href=\"https:\/\/dewabp.com\/wp-content\/uploads\/2026\/03\/ALEVI-OLMAK-Alevi-Oegretisi-Uezerine-Yazilar-02.pdf\">ALEV\u0130 OLMAK &#8211; Alevi \u00d6\u011fretisi \u00dczerine Yaz\u0131lar<\/a><a href=\"https:\/\/dewabp.com\/wp-content\/uploads\/2026\/03\/ALEVI-OLMAK-Alevi-Oegretisi-Uezerine-Yazilar-02.pdf\" class=\"wp-block-file__button wp-element-button\" download aria-describedby=\"wp-block-file--media-c1071c83-f6cc-40fd-93e1-d50ee8973f94\">indir<\/a><\/div>\n<\/div><\/div>\n\n\n<style>.kadence-column6245_306b02-49 > .kt-inside-inner-col,.kadence-column6245_306b02-49 > .kt-inside-inner-col:before{border-top-left-radius:0px;border-top-right-radius:0px;border-bottom-right-radius:0px;border-bottom-left-radius:0px;}.kadence-column6245_306b02-49 > .kt-inside-inner-col{column-gap:var(--global-kb-gap-sm, 1rem);}.kadence-column6245_306b02-49 > .kt-inside-inner-col{flex-direction:column;}.kadence-column6245_306b02-49 > .kt-inside-inner-col > .aligncenter{width:100%;}.kadence-column6245_306b02-49 > .kt-inside-inner-col:before{opacity:0.3;}.kadence-column6245_306b02-49{position:relative;}@media all and (max-width: 1024px){.kadence-column6245_306b02-49 > .kt-inside-inner-col{flex-direction:column;justify-content:center;}}@media all and (max-width: 767px){.kadence-column6245_306b02-49 > .kt-inside-inner-col{flex-direction:column;justify-content:center;}}<\/style>\n<div class=\"wp-block-kadence-column kadence-column6245_306b02-49\"><div class=\"kt-inside-inner-col\"><\/div><\/div>\n\n<\/div><\/div>","protected":false},"excerpt":{"rendered":"","protected":false},"author":4,"featured_media":0,"parent":0,"menu_order":0,"comment_status":"closed","ping_status":"closed","template":"","meta":{"site-sidebar-layout":"default","site-content-layout":"","ast-site-content-layout":"default","site-content-style":"default","site-sidebar-style":"default","ast-global-header-display":"","ast-banner-title-visibility":"","ast-main-header-display":"","ast-hfb-above-header-display":"","ast-hfb-below-header-display":"","ast-hfb-mobile-header-display":"","site-post-title":"disabled","ast-breadcrumbs-content":"","ast-featured-img":"","footer-sml-layout":"","ast-disable-related-posts":"","theme-transparent-header-meta":"","adv-header-id-meta":"","stick-header-meta":"","header-above-stick-meta":"","header-main-stick-meta":"","header-below-stick-meta":"","astra-migrate-meta-layouts":"set","ast-page-background-enabled":"default","ast-page-background-meta":{"desktop":{"background-color":"","background-image":"","background-repeat":"repeat","background-position":"center center","background-size":"auto","background-attachment":"scroll","background-type":"","background-media":"","overlay-type":"","overlay-color":"","overlay-opacity":"","overlay-gradient":""},"tablet":{"background-color":"","background-image":"","background-repeat":"repeat","background-position":"center center","background-size":"auto","background-attachment":"scroll","background-type":"","background-media":"","overlay-type":"","overlay-color":"","overlay-opacity":"","overlay-gradient":""},"mobile":{"background-color":"","background-image":"","background-repeat":"repeat","background-position":"center center","background-size":"auto","background-attachment":"scroll","background-type":"","background-media":"","overlay-type":"","overlay-color":"","overlay-opacity":"","overlay-gradient":""}},"ast-content-background-meta":{"desktop":{"background-color":"var(--ast-global-color-5)","background-image":"","background-repeat":"repeat","background-position":"center center","background-size":"auto","background-attachment":"scroll","background-type":"","background-media":"","overlay-type":"","overlay-color":"","overlay-opacity":"","overlay-gradient":""},"tablet":{"background-color":"var(--ast-global-color-5)","background-image":"","background-repeat":"repeat","background-position":"center center","background-size":"auto","background-attachment":"scroll","background-type":"","background-media":"","overlay-type":"","overlay-color":"","overlay-opacity":"","overlay-gradient":""},"mobile":{"background-color":"var(--ast-global-color-5)","background-image":"","background-repeat":"repeat","background-position":"center center","background-size":"auto","background-attachment":"scroll","background-type":"","background-media":"","overlay-type":"","overlay-color":"","overlay-opacity":"","overlay-gradient":""}},"footnotes":""},"class_list":["post-6245","page","type-page","status-publish","hentry"],"_links":{"self":[{"href":"https:\/\/dewabp.com\/tr\/wp-json\/wp\/v2\/pages\/6245","targetHints":{"allow":["GET"]}}],"collection":[{"href":"https:\/\/dewabp.com\/tr\/wp-json\/wp\/v2\/pages"}],"about":[{"href":"https:\/\/dewabp.com\/tr\/wp-json\/wp\/v2\/types\/page"}],"author":[{"embeddable":true,"href":"https:\/\/dewabp.com\/tr\/wp-json\/wp\/v2\/users\/4"}],"replies":[{"embeddable":true,"href":"https:\/\/dewabp.com\/tr\/wp-json\/wp\/v2\/comments?post=6245"}],"version-history":[{"count":11,"href":"https:\/\/dewabp.com\/tr\/wp-json\/wp\/v2\/pages\/6245\/revisions"}],"predecessor-version":[{"id":6372,"href":"https:\/\/dewabp.com\/tr\/wp-json\/wp\/v2\/pages\/6245\/revisions\/6372"}],"wp:attachment":[{"href":"https:\/\/dewabp.com\/tr\/wp-json\/wp\/v2\/media?parent=6245"}],"curies":[{"name":"wp","href":"https:\/\/api.w.org\/{rel}","templated":true}]}}