{"id":57,"date":"2019-01-30T18:50:41","date_gmt":"2019-01-30T18:50:41","guid":{"rendered":"https:\/\/dewabp.com\/?page_id=57"},"modified":"2026-03-28T07:42:08","modified_gmt":"2026-03-28T07:42:08","slug":"tuezuek","status":"publish","type":"page","link":"https:\/\/dewabp.com\/tr\/biz-kimiz\/tuezuek\/","title":{"rendered":"B&amp;P-K\u00f6y Meclisi \u00c7al\u0131\u015fma s\u00f6zle\u015fmesi ve i\u015fleyi\u015f kurallar\u0131"},"content":{"rendered":"\n<div data-wp-interactive=\"core\/file\" class=\"wp-block-file\"><object data-wp-bind--hidden=\"!state.hasPdfPreview\" hidden class=\"wp-block-file__embed\" data=\"https:\/\/dewabp.com\/wp-content\/uploads\/2026\/02\/Koey-Meclisi-Calisma-soezlesmesi-ve-isleyis-kurallari_Final.pdf\" type=\"application\/pdf\" style=\"width:100%;height:600px\" aria-label=\"K\u00f6y Meclisi \u00c7al\u0131\u015fma s\u00f6zle\u015fmesi ve i\u015fleyi\u015f kurallar\u0131_Final g\u00f6m\u00fcs\u00fc.\"><\/object><a id=\"wp-block-file--media-959f5d83-d263-4c97-9f16-8bec91de6fb2\" href=\"https:\/\/dewabp.com\/wp-content\/uploads\/2026\/02\/Koey-Meclisi-Calisma-soezlesmesi-ve-isleyis-kurallari_Final.pdf\">K\u00f6y Meclisi \u00c7al\u0131\u015fma s\u00f6zle\u015fmesi ve i\u015fleyi\u015f kurallar\u0131_Final<\/a><a href=\"https:\/\/dewabp.com\/wp-content\/uploads\/2026\/02\/Koey-Meclisi-Calisma-soezlesmesi-ve-isleyis-kurallari_Final.pdf\" class=\"wp-block-file__button wp-element-button\" download aria-describedby=\"wp-block-file--media-959f5d83-d263-4c97-9f16-8bec91de6fb2\">\u0130nd\u0130r<\/a><\/div>\n\n\n<style>.wp-block-kadence-spacer.kt-block-spacer-57_4b9850-10 .kt-block-spacer{height:50px;}.wp-block-kadence-spacer.kt-block-spacer-57_4b9850-10 .kt-divider{border-top-width:2px;border-top-color:var(--ast-global-color-0);width:100%;border-top-style:solid;}<\/style>\n<div class=\"wp-block-kadence-spacer aligncenter kt-block-spacer-57_4b9850-10\"><div class=\"kt-block-spacer kt-block-spacer-halign-center\"><hr class=\"kt-divider\"\/><\/div><\/div>\n\n\n\n<figure class=\"wp-block-image aligncenter\"><img loading=\"lazy\" decoding=\"async\" width=\"800\" height=\"800\" src=\"https:\/\/dewabp.com\/wp-content\/uploads\/2019\/01\/Fincan-DO\u011eAYI-KORUMA-KUL\u00dcB\u00dc-1.png\" alt=\"\" class=\"wp-image-272\" srcset=\"https:\/\/dewabp.com\/wp-content\/uploads\/2019\/01\/Fincan-DO\u011eAYI-KORUMA-KUL\u00dcB\u00dc-1.png 800w, https:\/\/dewabp.com\/wp-content\/uploads\/2019\/01\/Fincan-DO\u011eAYI-KORUMA-KUL\u00dcB\u00dc-1-150x150.png 150w, https:\/\/dewabp.com\/wp-content\/uploads\/2019\/01\/Fincan-DO\u011eAYI-KORUMA-KUL\u00dcB\u00dc-1-300x300.png 300w, https:\/\/dewabp.com\/wp-content\/uploads\/2019\/01\/Fincan-DO\u011eAYI-KORUMA-KUL\u00dcB\u00dc-1-768x768.png 768w, https:\/\/dewabp.com\/wp-content\/uploads\/2019\/01\/Fincan-DO\u011eAYI-KORUMA-KUL\u00dcB\u00dc-1-100x100.png 100w\" sizes=\"auto, (max-width: 800px) 100vw, 800px\" \/><\/figure>\n","protected":false},"excerpt":{"rendered":"","protected":false},"author":3,"featured_media":0,"parent":22,"menu_order":1,"comment_status":"closed","ping_status":"closed","template":"","meta":{"site-sidebar-layout":"default","site-content-layout":null,"ast-site-content-layout":"default","site-content-style":"default","site-sidebar-style":"default","ast-global-header-display":"","ast-banner-title-visibility":"","ast-main-header-display":"","ast-hfb-above-header-display":null,"ast-hfb-below-header-display":null,"ast-hfb-mobile-header-display":null,"site-post-title":"","ast-breadcrumbs-content":null,"ast-featured-img":"","footer-sml-layout":"","ast-disable-related-posts":"","theme-transparent-header-meta":"default","adv-header-id-meta":null,"stick-header-meta":null,"header-above-stick-meta":null,"header-main-stick-meta":null,"header-below-stick-meta":null,"astra-migrate-meta-layouts":"set","ast-page-background-enabled":"default","ast-page-background-meta":{"desktop":{"background-color":"","background-image":"","background-repeat":"repeat","background-position":"center center","background-size":"auto","background-attachment":"scroll","background-type":"","background-media":"","overlay-type":"","overlay-color":"","overlay-opacity":"","overlay-gradient":""},"tablet":{"background-color":"","background-image":"","background-repeat":"repeat","background-position":"center center","background-size":"auto","background-attachment":"scroll","background-type":"","background-media":"","overlay-type":"","overlay-color":"","overlay-opacity":"","overlay-gradient":""},"mobile":{"background-color":"","background-image":"","background-repeat":"repeat","background-position":"center center","background-size":"auto","background-attachment":"scroll","background-type":"","background-media":"","overlay-type":"","overlay-color":"","overlay-opacity":"","overlay-gradient":""}},"ast-content-background-meta":{"desktop":{"background-color":"var(--ast-global-color-5)","background-image":"","background-repeat":"repeat","background-position":"center center","background-size":"auto","background-attachment":"scroll","background-type":"","background-media":"","overlay-type":"","overlay-color":"","overlay-opacity":"","overlay-gradient":""},"tablet":{"background-color":"var(--ast-global-color-5)","background-image":"","background-repeat":"repeat","background-position":"center center","background-size":"auto","background-attachment":"scroll","background-type":"","background-media":"","overlay-type":"","overlay-color":"","overlay-opacity":"","overlay-gradient":""},"mobile":{"background-color":"var(--ast-global-color-5)","background-image":"","background-repeat":"repeat","background-position":"center center","background-size":"auto","background-attachment":"scroll","background-type":"","background-media":"","overlay-type":"","overlay-color":"","overlay-opacity":"","overlay-gradient":""}},"footnotes":""},"class_list":["post-57","page","type-page","status-publish","hentry"],"_links":{"self":[{"href":"https:\/\/dewabp.com\/tr\/wp-json\/wp\/v2\/pages\/57","targetHints":{"allow":["GET"]}}],"collection":[{"href":"https:\/\/dewabp.com\/tr\/wp-json\/wp\/v2\/pages"}],"about":[{"href":"https:\/\/dewabp.com\/tr\/wp-json\/wp\/v2\/types\/page"}],"author":[{"embeddable":true,"href":"https:\/\/dewabp.com\/tr\/wp-json\/wp\/v2\/users\/3"}],"replies":[{"embeddable":true,"href":"https:\/\/dewabp.com\/tr\/wp-json\/wp\/v2\/comments?post=57"}],"version-history":[{"count":9,"href":"https:\/\/dewabp.com\/tr\/wp-json\/wp\/v2\/pages\/57\/revisions"}],"predecessor-version":[{"id":6242,"href":"https:\/\/dewabp.com\/tr\/wp-json\/wp\/v2\/pages\/57\/revisions\/6242"}],"up":[{"embeddable":true,"href":"https:\/\/dewabp.com\/tr\/wp-json\/wp\/v2\/pages\/22"}],"wp:attachment":[{"href":"https:\/\/dewabp.com\/tr\/wp-json\/wp\/v2\/media?parent=57"}],"curies":[{"name":"wp","href":"https:\/\/api.w.org\/{rel}","templated":true}]}}