{"id":4570,"date":"2021-01-01T11:25:40","date_gmt":"2021-01-01T11:25:40","guid":{"rendered":"https:\/\/dewabp.com\/?page_id=4570"},"modified":"2026-03-30T14:47:21","modified_gmt":"2026-03-30T14:47:21","slug":"yeni-yil-tebrikleri","status":"publish","type":"page","link":"https:\/\/dewabp.com\/tr\/yeni-yil-tebrikleri\/","title":{"rendered":"Yeni Y\u0131l Tebrikleri"},"content":{"rendered":"\n<figure class=\"wp-block-image size-large is-style-default\"><img loading=\"lazy\" decoding=\"async\" width=\"1200\" height=\"785\" src=\"https:\/\/dewabp.com\/wp-content\/uploads\/2021\/01\/Serra-sima-pirozbo-2-1200x785.png\" alt=\"\" class=\"wp-image-4575\" srcset=\"https:\/\/dewabp.com\/wp-content\/uploads\/2021\/01\/Serra-sima-pirozbo-2-1200x785.png 1200w, https:\/\/dewabp.com\/wp-content\/uploads\/2021\/01\/Serra-sima-pirozbo-2-300x196.png 300w, https:\/\/dewabp.com\/wp-content\/uploads\/2021\/01\/Serra-sima-pirozbo-2-768x502.png 768w, https:\/\/dewabp.com\/wp-content\/uploads\/2021\/01\/Serra-sima-pirozbo-2-1536x1005.png 1536w, https:\/\/dewabp.com\/wp-content\/uploads\/2021\/01\/Serra-sima-pirozbo-2-2048x1340.png 2048w\" sizes=\"auto, (max-width: 1200px) 100vw, 1200px\" \/><\/figure>\n\n\n<div class='pt-cv-wrapper'> <h3 class='pt-cv-heading-container heading4' data-blockid='7dr8k85x'><span class='pt-cv-heading'> GENEL TEBR\u0130KLER <\/span><\/h3><div class=\"pt-cv-view pt-cv-blockgrid iscvblock iscvreal grid1 layout1\" id=\"pt-cv-view-7dr8k85x\"><div data-id=\"pt-cv-page-1\" class=\"pt-cv-page\" data-cvc=\"3\"><div class=\" pt-cv-content-item pt-cv-1-col\" ><h4 class=\"pt-cv-title\"><a href=\"https:\/\/dewabp.com\/tr\/yeni-bir-baslangic-devri-daimin-en-oenemli-goestergesi-olan-newroz\/\" class=\"_self\" target=\"_self\" >yeni bir ba\u015flang\u0131\u00e7, devri daimin en \u00f6nemli g\u00f6stergesi olan Newroz<\/a><\/h4>\n<div class=\"pt-cv-content\">&#x1f339;&#x2764;&#xfe0f; Merhaba B&amp;P\u00b4liler,Newroz Ortado\u011fu co\u011frafyas\u0131nda \u00f6nemli bir bayram g\u00fcn\u00fc olmakla birlikte kutlanmaya ba\u015fland\u0131. \u0130lkbahar mevsimin ilk g\u00fcn\u00fc olarak do\u011fada yeni &#8230;<\/div>\n<div class=\"pt-cv-rmwrap\"><a href=\"https:\/\/dewabp.com\/tr\/yeni-bir-baslangic-devri-daimin-en-oenemli-goestergesi-olan-newroz\/\" class=\"_self pt-cv-readmore btn btn-success\" target=\"_self\" >Devam\u0131n\u0131 oku\u2026<\/a><\/div>\n<div class=\"pt-cv-meta-fields\"><span class=\"entry-date\"><span class=\"glyphicon glyphicon-calendar\"><\/span> <time datetime=\"2022-03-21T07:01:42+00:00\">21\/03\/2022<\/time><\/span><\/div><\/div>\n<div class=\" pt-cv-content-item pt-cv-1-col\" ><h4 class=\"pt-cv-title\"><a href=\"https:\/\/dewabp.com\/tr\/2021-icin-karisik-tebrikler\/\" class=\"_self\" target=\"_self\" >2021 i\u00e7in kar\u0131\u015f\u0131k tebrikler<\/a><\/h4>\n<div class=\"pt-cv-content\">2020 y\u0131l\u0131n\u0131 Bitirirken Baz\u0131lar\u0131m\u0131z i\u00e7in ger\u00e7ekten hayli zor ve Ac\u0131 ge\u00e7iti \u2026.\u0130n\u015fanllah 2021 B\u00fct\u00fcn CANLARIN Arkada\u015flar \u2018\u0131n bekledi\u011fi gibi SA\u011eLIK &#8230;<\/div>\n<div class=\"pt-cv-rmwrap\"><a href=\"https:\/\/dewabp.com\/tr\/2021-icin-karisik-tebrikler\/\" class=\"_self pt-cv-readmore btn btn-success\" target=\"_self\" >Devam\u0131n\u0131 oku\u2026<\/a><\/div>\n<div class=\"pt-cv-meta-fields\"><span class=\"entry-date\"><span class=\"glyphicon glyphicon-calendar\"><\/span> <time datetime=\"2021-01-01T11:54:42+00:00\">01\/01\/2021<\/time><\/span><\/div><\/div>\n<div class=\" pt-cv-content-item pt-cv-1-col\" ><h4 class=\"pt-cv-title\"><a href=\"https:\/\/dewabp.com\/tr\/bulmus-palanga-dernegi-yonetim-kurulu-adina\/\" class=\"_self\" target=\"_self\" >Bulmu\u015f Palanga Derne\u011fi Y\u00f6netim Kurulu Ad\u0131na<\/a><\/h4>\n<div class=\"pt-cv-content\">De\u011ferli k\u00f6yl\u00fclerimiz bir y\u0131l\u0131 daha ac\u0131s\u0131yla tatl\u0131s\u0131yla geride b\u0131rakt\u0131k yeni y\u0131l\u0131n ba\u015fta k\u00f6yl\u00fclerimiz olmak \u00fczere d\u00fcnyadaki insanl\u0131\u011fa sa\u011fl\u0131k bar\u0131\u015f huzur &#8230;<\/div>\n<div class=\"pt-cv-rmwrap\"><a href=\"https:\/\/dewabp.com\/tr\/bulmus-palanga-dernegi-yonetim-kurulu-adina\/\" class=\"_self pt-cv-readmore btn btn-success\" target=\"_self\" >Devam\u0131n\u0131 oku\u2026<\/a><\/div>\n<div class=\"pt-cv-meta-fields\"><span class=\"entry-date\"><span class=\"glyphicon glyphicon-calendar\"><\/span> <time datetime=\"2021-01-01T11:52:42+00:00\">01\/01\/2021<\/time><\/span><\/div><\/div>\n<div class=\" pt-cv-content-item pt-cv-1-col\" ><h4 class=\"pt-cv-title\"><a href=\"https:\/\/dewabp.com\/tr\/dunyayi-degistirmek-istersen\/\" class=\"_self\" target=\"_self\" >D\u00fcnyay\u0131 de\u011fi\u015ftirmek istersen&#8230;<\/a><\/h4>\n<div class=\"pt-cv-content\">D\u00fcnyay\u0131 de\u011fi\u015ftirmek istersen kendine inan, d\u00fcr\u00fcstl\u00fckten asla vazge\u00e7me! Darg\u0131nl\u0131klar\u0131n bitmesi ve bar\u0131\u015f i\u00e7inde ya\u015famas\u0131 dile\u011fiyle..2021\u2019de mecliste bulunan arkada\u015flar\u0131m\u0131z\u0131n ve b\u00fct\u00fcn &#8230;<\/div>\n<div class=\"pt-cv-rmwrap\"><a href=\"https:\/\/dewabp.com\/tr\/dunyayi-degistirmek-istersen\/\" class=\"_self pt-cv-readmore btn btn-success\" target=\"_self\" >Devam\u0131n\u0131 oku\u2026<\/a><\/div>\n<div class=\"pt-cv-meta-fields\"><span class=\"entry-date\"><span class=\"glyphicon glyphicon-calendar\"><\/span> <time datetime=\"2021-01-01T11:50:43+00:00\">01\/01\/2021<\/time><\/span><\/div><\/div>\n<div class=\" pt-cv-content-item pt-cv-1-col\" ><h4 class=\"pt-cv-title\"><a href=\"https:\/\/dewabp.com\/tr\/4594-2\/\" class=\"_self\" target=\"_self\" >Sayg\u0131 deyer kom\u015fular k\u00f6yl\u00fclerim akrabalar<\/a><\/h4>\n<div class=\"pt-cv-content\">2020 y\u0131l\u0131 tatl\u0131s\u0131yla ac\u0131s\u0131yla geride b\u0131rakt\u0131k 2020 y\u0131l\u0131 d\u00fcnya insanlar\u0131 i\u00e7in k\u00f6t\u00fc bir y\u0131l oldu b\u00f6yle bir y\u0131l umar\u0131m bir &#8230;<\/div>\n<div class=\"pt-cv-rmwrap\"><a href=\"https:\/\/dewabp.com\/tr\/4594-2\/\" class=\"_self pt-cv-readmore btn btn-success\" target=\"_self\" >Devam\u0131n\u0131 oku\u2026<\/a><\/div>\n<div class=\"pt-cv-meta-fields\"><span class=\"entry-date\"><span class=\"glyphicon glyphicon-calendar\"><\/span> <time datetime=\"2021-01-01T11:47:48+00:00\">01\/01\/2021<\/time><\/span><\/div><\/div>\n<div class=\" pt-cv-content-item pt-cv-1-col\" ><h4 class=\"pt-cv-title\"><a href=\"https:\/\/dewabp.com\/tr\/2020-yili-%f0%9f%98%a2\/\" class=\"_self\" target=\"_self\" >2020 Y\u0131l\u0131 &#x1f622;<\/a><\/h4>\n<div class=\"pt-cv-content\">Insanli\u011fin bundan sonra,hi\u00e7 unutamiyaca\u011fi,bir milat olacak,bir tahri ge\u00e7mi\u015fi,bir olayi anlatti\u011finda,korona,kovit \u00f6ncesi yadda sonrasi diye ba\u015flayacaktir anlatimlarina.Eve y\u00fcre\u011fi g\u00fczel k\u00f6yl\u00fclerimiz,bu sayfada &#8230;<\/div>\n<div class=\"pt-cv-rmwrap\"><a href=\"https:\/\/dewabp.com\/tr\/2020-yili-%f0%9f%98%a2\/\" class=\"_self pt-cv-readmore btn btn-success\" target=\"_self\" >Devam\u0131n\u0131 oku\u2026<\/a><\/div>\n<div class=\"pt-cv-meta-fields\"><span class=\"entry-date\"><span class=\"glyphicon glyphicon-calendar\"><\/span> <time datetime=\"2021-01-01T11:45:08+00:00\">01\/01\/2021<\/time><\/span><\/div><\/div>\n<div class=\" pt-cv-content-item pt-cv-1-col\" ><h4 class=\"pt-cv-title\"><a href=\"https:\/\/dewabp.com\/tr\/yeni-bir-yil-daha-gecip-gitti\/\" class=\"_self\" target=\"_self\" >YEN\u0130 B\u0130R YIL DAHA GE\u00c7\u0130P G\u0130TT\u0130<\/a><\/h4>\n<div class=\"pt-cv-content\">Kimseye sormadan Geldi\u011fi gibi,durmadan ve kimseye sormadan gitti.Giderken baz\u0131lardan neler g\u00f6t\u00fcrd\u00fc,baz\u0131lar\u0131na neler b\u0131rakt\u0131.Kim bilir ?Baz\u0131lar\u0131 i\u00e7in ba\u015flang\u0131\u00e7,baz\u0131lar\u0131 i\u00e7in son, baz\u0131lar\u0131 &#8230;<\/div>\n<div class=\"pt-cv-rmwrap\"><a href=\"https:\/\/dewabp.com\/tr\/yeni-bir-yil-daha-gecip-gitti\/\" class=\"_self pt-cv-readmore btn btn-success\" target=\"_self\" >Devam\u0131n\u0131 oku\u2026<\/a><\/div>\n<div class=\"pt-cv-meta-fields\"><span class=\"entry-date\"><span class=\"glyphicon glyphicon-calendar\"><\/span> <time datetime=\"2021-01-01T11:41:56+00:00\">01\/01\/2021<\/time><\/span><\/div><\/div>\n<div class=\" pt-cv-content-item pt-cv-1-col\" ><h4 class=\"pt-cv-title\"><a href=\"https:\/\/dewabp.com\/tr\/yeni-yil-oncelikle-butun-canlarima-saglik-getirmesini-diliyorum\/\" class=\"_self\" target=\"_self\" >YEN\u0130 YIL \u00d6NCEL\u0130KLE B\u00dcT\u00dcN CANLARIMA SA\u011eLIK GET\u0130RMES\u0130N\u0130 D\u0130L\u0130YORUM!<\/a><\/h4>\n<div class=\"pt-cv-content\">&#x1f339; Merhaba sevgili B&amp;P\u00b4liler,Bir y\u0131l\u0131 daha devirdik \u00e7ok h\u00fcz\u00fcnl\u00fc ve kederli bir y\u0131l oldu hepimiz i\u00e7in. B\u00f6yle bir sene bir &#8230;<\/div>\n<div class=\"pt-cv-rmwrap\"><a href=\"https:\/\/dewabp.com\/tr\/yeni-yil-oncelikle-butun-canlarima-saglik-getirmesini-diliyorum\/\" class=\"_self pt-cv-readmore btn btn-success\" target=\"_self\" >Devam\u0131n\u0131 oku\u2026<\/a><\/div>\n<div class=\"pt-cv-meta-fields\"><span class=\"entry-date\"><span class=\"glyphicon glyphicon-calendar\"><\/span> <time datetime=\"2021-01-01T11:39:55+00:00\">01\/01\/2021<\/time><\/span><\/div><\/div>\n<div class=\" pt-cv-content-item pt-cv-1-col\" ><h4 class=\"pt-cv-title\"><a href=\"https:\/\/dewabp.com\/tr\/xilo-amcanin-hersenesi-boyle-gecerdi\/\" class=\"_self\" target=\"_self\" >&#8230; X\u0131lo amcan\u0131n hersenesi b\u00f6yle ge\u00e7erdi.<\/a><\/h4>\n<div class=\"pt-cv-content\">Eski y\u0131l\u0131 sele verdik. kimimiz \u00fcst\u00fcne lanet okudu, kimimiz ders \u00e7\u0131karda, kimimiz ise ac\u0131lar\u0131n\u0131 y\u00fcre\u011fine g\u00f6md\u00fc, lanet okuyanlar \u00e7o\u011funluktayd\u0131.\u00c7\u00fcnk\u00fc \u00f6mr\u00fcm\u00fcz\u00fcn &#8230;<\/div>\n<div class=\"pt-cv-rmwrap\"><a href=\"https:\/\/dewabp.com\/tr\/xilo-amcanin-hersenesi-boyle-gecerdi\/\" class=\"_self pt-cv-readmore btn btn-success\" target=\"_self\" >Devam\u0131n\u0131 oku\u2026<\/a><\/div>\n<div class=\"pt-cv-meta-fields\"><span class=\"entry-date\"><span class=\"glyphicon glyphicon-calendar\"><\/span> <time datetime=\"2021-01-01T11:36:13+00:00\">01\/01\/2021<\/time><\/span><\/div><\/div><\/div><\/div> <\/div> <style>\n\n#pt-cv-view-7dr8k85x .pt-cv-meta-fields {  }#pt-cv-view-7dr8k85x .pt-cv-meta-fields * { font-size: 13px; }#pt-cv-view-7dr8k85x .pt-cv-thumb-wrapper:not(.miniwrap) {  }#pt-cv-view-7dr8k85x .pt-cv-thumbnail:not(.pt-cv-thumbnailsm) { height: 300px; }#pt-cv-view-7dr8k85x .pt-cv-title a { display: block; }#pt-cv-view-7dr8k85x .pt-cv-title:not(.pt-cv-titlesm) a { font-weight: 600;text-decoration: none;font-size: 20px; }#pt-cv-view-7dr8k85x .pt-cv-titlesm a { font-weight: 600;font-size: 18px; }#pt-cv-view-7dr8k85x .pt-cv-content { font-size: 15px; }#pt-cv-view-7dr8k85x .pt-cv-rmwrap {  }#pt-cv-view-7dr8k85x .pt-cv-readmore { color: #fff;background-color: #0075ff;font-size: 14px; }#pt-cv-view-7dr8k85x .pt-cv-taxoterm {  }#pt-cv-view-7dr8k85x .pt-cv-taxoterm * { color: #222;background-color: #fff6f6;font-size: 14px; }#pt-cv-view-7dr8k85x + .pt-cv-pagination-wrapper {  }#pt-cv-view-7dr8k85x + .pt-cv-pagination-wrapper a { font-size: 14px; }#pt-cv-view-7dr8k85x > .pt-cv-page {grid-template-columns: repeat(3, 1fr);grid-gap: 20px;}\n@media all and (max-width: 1024px) { \n#pt-cv-view-7dr8k85x > .pt-cv-page {grid-template-columns: repeat(2, 1fr);}\n} \n@media all and (max-width: 767px) { \n#pt-cv-view-7dr8k85x > .pt-cv-page {grid-template-columns: repeat(1, 1fr);}\n} <\/style>","protected":false},"excerpt":{"rendered":"","protected":false},"author":3,"featured_media":0,"parent":0,"menu_order":0,"comment_status":"closed","ping_status":"closed","template":"","meta":{"site-sidebar-layout":"default","site-content-layout":"","ast-site-content-layout":"default","site-content-style":"default","site-sidebar-style":"default","ast-global-header-display":"","ast-banner-title-visibility":"","ast-main-header-display":"","ast-hfb-above-header-display":"","ast-hfb-below-header-display":"","ast-hfb-mobile-header-display":"","site-post-title":"disabled","ast-breadcrumbs-content":"","ast-featured-img":"","footer-sml-layout":"","ast-disable-related-posts":"","theme-transparent-header-meta":"default","adv-header-id-meta":"","stick-header-meta":"","header-above-stick-meta":"","header-main-stick-meta":"","header-below-stick-meta":"","astra-migrate-meta-layouts":"set","ast-page-background-enabled":"default","ast-page-background-meta":{"desktop":{"background-color":"","background-image":"","background-repeat":"repeat","background-position":"center center","background-size":"auto","background-attachment":"scroll","background-type":"","background-media":"","overlay-type":"","overlay-color":"","overlay-opacity":"","overlay-gradient":""},"tablet":{"background-color":"","background-image":"","background-repeat":"repeat","background-position":"center center","background-size":"auto","background-attachment":"scroll","background-type":"","background-media":"","overlay-type":"","overlay-color":"","overlay-opacity":"","overlay-gradient":""},"mobile":{"background-color":"","background-image":"","background-repeat":"repeat","background-position":"center center","background-size":"auto","background-attachment":"scroll","background-type":"","background-media":"","overlay-type":"","overlay-color":"","overlay-opacity":"","overlay-gradient":""}},"ast-content-background-meta":{"desktop":{"background-color":"var(--ast-global-color-5)","background-image":"","background-repeat":"repeat","background-position":"center center","background-size":"auto","background-attachment":"scroll","background-type":"","background-media":"","overlay-type":"","overlay-color":"","overlay-opacity":"","overlay-gradient":""},"tablet":{"background-color":"var(--ast-global-color-5)","background-image":"","background-repeat":"repeat","background-position":"center center","background-size":"auto","background-attachment":"scroll","background-type":"","background-media":"","overlay-type":"","overlay-color":"","overlay-opacity":"","overlay-gradient":""},"mobile":{"background-color":"var(--ast-global-color-5)","background-image":"","background-repeat":"repeat","background-position":"center center","background-size":"auto","background-attachment":"scroll","background-type":"","background-media":"","overlay-type":"","overlay-color":"","overlay-opacity":"","overlay-gradient":""}},"footnotes":""},"class_list":["post-4570","page","type-page","status-publish","hentry"],"_links":{"self":[{"href":"https:\/\/dewabp.com\/tr\/wp-json\/wp\/v2\/pages\/4570","targetHints":{"allow":["GET"]}}],"collection":[{"href":"https:\/\/dewabp.com\/tr\/wp-json\/wp\/v2\/pages"}],"about":[{"href":"https:\/\/dewabp.com\/tr\/wp-json\/wp\/v2\/types\/page"}],"author":[{"embeddable":true,"href":"https:\/\/dewabp.com\/tr\/wp-json\/wp\/v2\/users\/3"}],"replies":[{"embeddable":true,"href":"https:\/\/dewabp.com\/tr\/wp-json\/wp\/v2\/comments?post=4570"}],"version-history":[{"count":14,"href":"https:\/\/dewabp.com\/tr\/wp-json\/wp\/v2\/pages\/4570\/revisions"}],"predecessor-version":[{"id":6318,"href":"https:\/\/dewabp.com\/tr\/wp-json\/wp\/v2\/pages\/4570\/revisions\/6318"}],"wp:attachment":[{"href":"https:\/\/dewabp.com\/tr\/wp-json\/wp\/v2\/media?parent=4570"}],"curies":[{"name":"wp","href":"https:\/\/api.w.org\/{rel}","templated":true}]}}