{"id":37,"date":"2019-01-30T18:46:56","date_gmt":"2019-01-30T18:46:56","guid":{"rendered":"https:\/\/dewabp.com\/?page_id=37"},"modified":"2026-03-26T13:59:55","modified_gmt":"2026-03-26T13:59:55","slug":"ic-dekorasyon","status":"publish","type":"page","link":"https:\/\/dewabp.com\/tr\/komisyonlar\/ic-dekorasyon\/","title":{"rendered":"\u0130\u00e7 Dekorasyon Komisiyonu"},"content":{"rendered":"\n<p><\/p>\n\n\n\n<div class=\"wp-block-group is-layout-flow wp-block-group-is-layout-flow\">\n<div class=\"wp-block-columns has-2-columns is-layout-flex wp-container-core-columns-is-layout-28f84493 wp-block-columns-is-layout-flex\">\n<div class=\"wp-block-column is-layout-flow wp-block-column-is-layout-flow\">\n<div class=\"wp-block-media-text alignwide is-stacked-on-mobile\" style=\"grid-template-columns:32% auto\"><figure class=\"wp-block-media-text__media\"><img loading=\"lazy\" decoding=\"async\" width=\"554\" height=\"532\" src=\"https:\/\/dewabp.com\/wp-content\/uploads\/2019\/01\/Pir-Sultan-Abdal-BP.png\" alt=\"\" class=\"wp-image-237 size-full\" srcset=\"https:\/\/dewabp.com\/wp-content\/uploads\/2019\/01\/Pir-Sultan-Abdal-BP.png 554w, https:\/\/dewabp.com\/wp-content\/uploads\/2019\/01\/Pir-Sultan-Abdal-BP-300x288.png 300w\" sizes=\"auto, (max-width: 554px) 100vw, 554px\" \/><\/figure><div class=\"wp-block-media-text__content\">\n<p class=\"has-medium-font-size\">Cem ve A\u015fevleri \u00e7al\u0131\u015fmam\u0131z\u0131 ilkbahar 2019 i\u00e7in haz\u0131rlamaktay\u0131z bunun i\u00e7in Komisiyon grubunda payla\u015f\u0131mlar ve fikir al\u0131\u015fveri\u015fi yap\u0131lmaktad\u0131r, bilginize! \u015eimdiye kadar kulan\u0131lmak ve bask\u0131ya g\u00f6nderilecek malzemeler a\u015fa\u011f\u0131da g\u00f6r\u00fcld\u00fc\u011f\u00fc gibidir&#8230;<\/p>\n<\/div><\/div>\n<\/div>\n<\/div>\n<\/div>\n\n\n<style>.wp-block-kadence-advancedgallery .kb-gallery-type-masonry.kb-gallery-id-37_c0e507-a2{margin:-5px;}.kb-gallery-type-masonry.kb-gallery-id-37_c0e507-a2 .kadence-blocks-gallery-item{padding:5px;}.kb-gallery-id-37_c0e507-a2 .kadence-blocks-gallery-item .kb-gal-image-radius, .kb-gallery-id-37_c0e507-a2 .kb-slide-item .kb-gal-image-radius img{border-radius:0px 0px 0px 0px;;}<\/style><div class=\"kb-gallery-wrap-id-37_c0e507-a2 alignnone wp-block-kadence-advancedgallery\"><ul class=\"kb-gallery-ul kb-gallery-non-static kb-gallery-type-masonry kb-masonry-init kb-gallery-id-37_c0e507-a2 kb-gallery-caption-style-bottom-hover kb-gallery-filter-none\" data-image-filter=\"none\" data-item-selector=\".kadence-blocks-gallery-item\" data-lightbox-caption=\"true\" data-columns-xxl=\"2\" data-columns-xl=\"2\" data-columns-md=\"2\" data-columns-sm=\"2\" data-columns-xs=\"1\" data-columns-ss=\"1\"><li class=\"kadence-blocks-gallery-item\" tabindex=\"0\"><div class=\"kadence-blocks-gallery-item-inner\"><figure class=\"kb-gallery-figure kadence-blocks-gallery-item-hide-caption\"><div class=\"kb-gal-image-radius\" style=\"max-width:853px;\"><div class=\"kb-gallery-image-contain kadence-blocks-gallery-intrinsic\" style=\"padding-bottom:150%;\"><img loading=\"lazy\" decoding=\"async\" src=\"https:\/\/dewabp.com\/wp-content\/uploads\/2019\/02\/WhatsApp-Image-2018-05-28-at-16.22.18.jpeg\" width=\"853\" height=\"1280\" alt=\"\" data-full-image=\"https:\/\/dewabp.com\/wp-content\/uploads\/2019\/02\/WhatsApp-Image-2018-05-28-at-16.22.18.jpeg\" data-light-image=\"https:\/\/dewabp.com\/wp-content\/uploads\/2019\/02\/WhatsApp-Image-2018-05-28-at-16.22.18.jpeg\" data-id=\"786\" class=\"wp-image-786\" srcset=\"https:\/\/dewabp.com\/wp-content\/uploads\/2019\/02\/WhatsApp-Image-2018-05-28-at-16.22.18.jpeg 853w, https:\/\/dewabp.com\/wp-content\/uploads\/2019\/02\/WhatsApp-Image-2018-05-28-at-16.22.18-200x300.jpeg 200w, https:\/\/dewabp.com\/wp-content\/uploads\/2019\/02\/WhatsApp-Image-2018-05-28-at-16.22.18-768x1152.jpeg 768w, https:\/\/dewabp.com\/wp-content\/uploads\/2019\/02\/WhatsApp-Image-2018-05-28-at-16.22.18-682x1024.jpeg 682w\" sizes=\"auto, (max-width: 853px) 100vw, 853px\" \/><\/div><\/div><\/figure><\/div><\/li><li class=\"kadence-blocks-gallery-item\" tabindex=\"0\"><div class=\"kadence-blocks-gallery-item-inner\"><figure class=\"kb-gallery-figure kadence-blocks-gallery-item-hide-caption\"><div class=\"kb-gal-image-radius\" style=\"max-width:853px;\"><div class=\"kb-gallery-image-contain kadence-blocks-gallery-intrinsic\" style=\"padding-bottom:150%;\"><img loading=\"lazy\" decoding=\"async\" src=\"https:\/\/dewabp.com\/wp-content\/uploads\/2019\/02\/WhatsApp-Image-2018-05-28-at-16.22.181.jpeg\" width=\"853\" height=\"1280\" alt=\"\" data-full-image=\"https:\/\/dewabp.com\/wp-content\/uploads\/2019\/02\/WhatsApp-Image-2018-05-28-at-16.22.181.jpeg\" data-light-image=\"https:\/\/dewabp.com\/wp-content\/uploads\/2019\/02\/WhatsApp-Image-2018-05-28-at-16.22.181.jpeg\" data-id=\"785\" class=\"wp-image-785\" srcset=\"https:\/\/dewabp.com\/wp-content\/uploads\/2019\/02\/WhatsApp-Image-2018-05-28-at-16.22.181.jpeg 853w, https:\/\/dewabp.com\/wp-content\/uploads\/2019\/02\/WhatsApp-Image-2018-05-28-at-16.22.181-200x300.jpeg 200w, https:\/\/dewabp.com\/wp-content\/uploads\/2019\/02\/WhatsApp-Image-2018-05-28-at-16.22.181-768x1152.jpeg 768w, https:\/\/dewabp.com\/wp-content\/uploads\/2019\/02\/WhatsApp-Image-2018-05-28-at-16.22.181-682x1024.jpeg 682w\" sizes=\"auto, (max-width: 853px) 100vw, 853px\" \/><\/div><\/div><\/figure><\/div><\/li><li class=\"kadence-blocks-gallery-item\" tabindex=\"0\"><div class=\"kadence-blocks-gallery-item-inner\"><figure class=\"kb-gallery-figure kadence-blocks-gallery-item-hide-caption\"><div class=\"kb-gal-image-radius\" style=\"max-width:853px;\"><div class=\"kb-gallery-image-contain kadence-blocks-gallery-intrinsic\" style=\"padding-bottom:150%;\"><img loading=\"lazy\" decoding=\"async\" src=\"https:\/\/dewabp.com\/wp-content\/uploads\/2019\/02\/WhatsApp-Image-2018-05-28-at-12.58.35.jpeg\" width=\"853\" height=\"1280\" alt=\"\" data-full-image=\"https:\/\/dewabp.com\/wp-content\/uploads\/2019\/02\/WhatsApp-Image-2018-05-28-at-12.58.35.jpeg\" data-light-image=\"https:\/\/dewabp.com\/wp-content\/uploads\/2019\/02\/WhatsApp-Image-2018-05-28-at-12.58.35.jpeg\" data-id=\"784\" class=\"wp-image-784\" srcset=\"https:\/\/dewabp.com\/wp-content\/uploads\/2019\/02\/WhatsApp-Image-2018-05-28-at-12.58.35.jpeg 853w, https:\/\/dewabp.com\/wp-content\/uploads\/2019\/02\/WhatsApp-Image-2018-05-28-at-12.58.35-200x300.jpeg 200w, https:\/\/dewabp.com\/wp-content\/uploads\/2019\/02\/WhatsApp-Image-2018-05-28-at-12.58.35-768x1152.jpeg 768w, https:\/\/dewabp.com\/wp-content\/uploads\/2019\/02\/WhatsApp-Image-2018-05-28-at-12.58.35-682x1024.jpeg 682w\" sizes=\"auto, (max-width: 853px) 100vw, 853px\" \/><\/div><\/div><\/figure><\/div><\/li><li class=\"kadence-blocks-gallery-item\" tabindex=\"0\"><div class=\"kadence-blocks-gallery-item-inner\"><figure class=\"kb-gallery-figure kadence-blocks-gallery-item-hide-caption\"><div class=\"kb-gal-image-radius\" style=\"max-width:853px;\"><div class=\"kb-gallery-image-contain kadence-blocks-gallery-intrinsic\" style=\"padding-bottom:150%;\"><img loading=\"lazy\" decoding=\"async\" src=\"https:\/\/dewabp.com\/wp-content\/uploads\/2019\/02\/WhatsApp-Image-2018-05-28-at-12.18.24.jpeg\" width=\"853\" height=\"1280\" alt=\"\" data-full-image=\"https:\/\/dewabp.com\/wp-content\/uploads\/2019\/02\/WhatsApp-Image-2018-05-28-at-12.18.24.jpeg\" data-light-image=\"https:\/\/dewabp.com\/wp-content\/uploads\/2019\/02\/WhatsApp-Image-2018-05-28-at-12.18.24.jpeg\" data-id=\"783\" class=\"wp-image-783\" srcset=\"https:\/\/dewabp.com\/wp-content\/uploads\/2019\/02\/WhatsApp-Image-2018-05-28-at-12.18.24.jpeg 853w, https:\/\/dewabp.com\/wp-content\/uploads\/2019\/02\/WhatsApp-Image-2018-05-28-at-12.18.24-200x300.jpeg 200w, https:\/\/dewabp.com\/wp-content\/uploads\/2019\/02\/WhatsApp-Image-2018-05-28-at-12.18.24-768x1152.jpeg 768w, https:\/\/dewabp.com\/wp-content\/uploads\/2019\/02\/WhatsApp-Image-2018-05-28-at-12.18.24-682x1024.jpeg 682w\" sizes=\"auto, (max-width: 853px) 100vw, 853px\" \/><\/div><\/div><\/figure><\/div><\/li><li class=\"kadence-blocks-gallery-item\" tabindex=\"0\"><div class=\"kadence-blocks-gallery-item-inner\"><figure class=\"kb-gallery-figure kadence-blocks-gallery-item-hide-caption\"><div class=\"kb-gal-image-radius\" style=\"max-width:480px;\"><div class=\"kb-gallery-image-contain kadence-blocks-gallery-intrinsic\" style=\"padding-bottom:79%;\"><img loading=\"lazy\" decoding=\"async\" src=\"https:\/\/dewabp.com\/wp-content\/uploads\/2019\/02\/14.jpg\" width=\"480\" height=\"381\" alt=\"\" data-full-image=\"https:\/\/dewabp.com\/wp-content\/uploads\/2019\/02\/14.jpg\" data-light-image=\"https:\/\/dewabp.com\/wp-content\/uploads\/2019\/02\/14.jpg\" data-id=\"770\" class=\"wp-image-770\" srcset=\"https:\/\/dewabp.com\/wp-content\/uploads\/2019\/02\/14.jpg 480w, https:\/\/dewabp.com\/wp-content\/uploads\/2019\/02\/14-300x238.jpg 300w\" sizes=\"auto, (max-width: 480px) 100vw, 480px\" \/><\/div><\/div><\/figure><\/div><\/li><li class=\"kadence-blocks-gallery-item\" tabindex=\"0\"><div class=\"kadence-blocks-gallery-item-inner\"><figure class=\"kb-gallery-figure kadence-blocks-gallery-item-hide-caption\"><div class=\"kb-gal-image-radius\" style=\"max-width:1191px;\"><div class=\"kb-gallery-image-contain kadence-blocks-gallery-intrinsic\" style=\"padding-bottom:70%;\"><img loading=\"lazy\" decoding=\"async\" src=\"https:\/\/dewabp.com\/wp-content\/uploads\/2019\/02\/13.jpg\" width=\"1191\" height=\"842\" alt=\"\" data-full-image=\"https:\/\/dewabp.com\/wp-content\/uploads\/2019\/02\/13.jpg\" data-light-image=\"https:\/\/dewabp.com\/wp-content\/uploads\/2019\/02\/13.jpg\" data-id=\"769\" class=\"wp-image-769\" srcset=\"https:\/\/dewabp.com\/wp-content\/uploads\/2019\/02\/13.jpg 1191w, https:\/\/dewabp.com\/wp-content\/uploads\/2019\/02\/13-300x212.jpg 300w, https:\/\/dewabp.com\/wp-content\/uploads\/2019\/02\/13-768x543.jpg 768w, https:\/\/dewabp.com\/wp-content\/uploads\/2019\/02\/13-1024x724.jpg 1024w\" sizes=\"auto, (max-width: 1191px) 100vw, 1191px\" \/><\/div><\/div><\/figure><\/div><\/li><li class=\"kadence-blocks-gallery-item\" tabindex=\"0\"><div class=\"kadence-blocks-gallery-item-inner\"><figure class=\"kb-gallery-figure kadence-blocks-gallery-item-hide-caption\"><div class=\"kb-gal-image-radius\" style=\"max-width:500px;\"><div class=\"kb-gallery-image-contain kadence-blocks-gallery-intrinsic\" style=\"padding-bottom:81%;\"><img loading=\"lazy\" decoding=\"async\" src=\"https:\/\/dewabp.com\/wp-content\/uploads\/2019\/02\/11.jpg\" width=\"500\" height=\"408\" alt=\"\" data-full-image=\"https:\/\/dewabp.com\/wp-content\/uploads\/2019\/02\/11.jpg\" data-light-image=\"https:\/\/dewabp.com\/wp-content\/uploads\/2019\/02\/11.jpg\" data-id=\"767\" class=\"wp-image-767\" srcset=\"https:\/\/dewabp.com\/wp-content\/uploads\/2019\/02\/11.jpg 500w, https:\/\/dewabp.com\/wp-content\/uploads\/2019\/02\/11-300x245.jpg 300w\" sizes=\"auto, (max-width: 500px) 100vw, 500px\" \/><\/div><\/div><\/figure><\/div><\/li><li class=\"kadence-blocks-gallery-item\" tabindex=\"0\"><div class=\"kadence-blocks-gallery-item-inner\"><figure class=\"kb-gallery-figure kadence-blocks-gallery-item-hide-caption\"><div class=\"kb-gal-image-radius\" style=\"max-width:960px;\"><div class=\"kb-gallery-image-contain kadence-blocks-gallery-intrinsic\" style=\"padding-bottom:65%;\"><img loading=\"lazy\" decoding=\"async\" src=\"https:\/\/dewabp.com\/wp-content\/uploads\/2019\/02\/12.jpg\" width=\"960\" height=\"627\" alt=\"\" data-full-image=\"https:\/\/dewabp.com\/wp-content\/uploads\/2019\/02\/12.jpg\" data-light-image=\"https:\/\/dewabp.com\/wp-content\/uploads\/2019\/02\/12.jpg\" data-id=\"768\" class=\"wp-image-768\" srcset=\"https:\/\/dewabp.com\/wp-content\/uploads\/2019\/02\/12.jpg 960w, https:\/\/dewabp.com\/wp-content\/uploads\/2019\/02\/12-300x196.jpg 300w, https:\/\/dewabp.com\/wp-content\/uploads\/2019\/02\/12-768x502.jpg 768w\" sizes=\"auto, (max-width: 960px) 100vw, 960px\" \/><\/div><\/div><\/figure><\/div><\/li><li class=\"kadence-blocks-gallery-item\" tabindex=\"0\"><div class=\"kadence-blocks-gallery-item-inner\"><figure class=\"kb-gallery-figure kadence-blocks-gallery-item-hide-caption\"><div class=\"kb-gal-image-radius\" style=\"max-width:592px;\"><div class=\"kb-gallery-image-contain kadence-blocks-gallery-intrinsic\" style=\"padding-bottom:62%;\"><img loading=\"lazy\" decoding=\"async\" src=\"https:\/\/dewabp.com\/wp-content\/uploads\/2019\/02\/10.jpg\" width=\"592\" height=\"371\" alt=\"\" data-full-image=\"https:\/\/dewabp.com\/wp-content\/uploads\/2019\/02\/10.jpg\" data-light-image=\"https:\/\/dewabp.com\/wp-content\/uploads\/2019\/02\/10.jpg\" data-id=\"766\" class=\"wp-image-766\" srcset=\"https:\/\/dewabp.com\/wp-content\/uploads\/2019\/02\/10.jpg 592w, https:\/\/dewabp.com\/wp-content\/uploads\/2019\/02\/10-300x188.jpg 300w\" sizes=\"auto, (max-width: 592px) 100vw, 592px\" \/><\/div><\/div><\/figure><\/div><\/li><li class=\"kadence-blocks-gallery-item\" tabindex=\"0\"><div class=\"kadence-blocks-gallery-item-inner\"><figure class=\"kb-gallery-figure kadence-blocks-gallery-item-hide-caption\"><div class=\"kb-gal-image-radius\" style=\"max-width:849px;\"><div class=\"kb-gallery-image-contain kadence-blocks-gallery-intrinsic\" style=\"padding-bottom:110%;\"><img loading=\"lazy\" decoding=\"async\" src=\"https:\/\/dewabp.com\/wp-content\/uploads\/2019\/02\/9.jpg\" width=\"849\" height=\"941\" alt=\"\" data-full-image=\"https:\/\/dewabp.com\/wp-content\/uploads\/2019\/02\/9.jpg\" data-light-image=\"https:\/\/dewabp.com\/wp-content\/uploads\/2019\/02\/9.jpg\" data-id=\"765\" class=\"wp-image-765\" srcset=\"https:\/\/dewabp.com\/wp-content\/uploads\/2019\/02\/9.jpg 849w, https:\/\/dewabp.com\/wp-content\/uploads\/2019\/02\/9-271x300.jpg 271w, https:\/\/dewabp.com\/wp-content\/uploads\/2019\/02\/9-768x851.jpg 768w\" sizes=\"auto, (max-width: 849px) 100vw, 849px\" \/><\/div><\/div><\/figure><\/div><\/li><li class=\"kadence-blocks-gallery-item\" tabindex=\"0\"><div class=\"kadence-blocks-gallery-item-inner\"><figure class=\"kb-gallery-figure kadence-blocks-gallery-item-hide-caption\"><div class=\"kb-gal-image-radius\" style=\"max-width:510px;\"><div class=\"kb-gallery-image-contain kadence-blocks-gallery-intrinsic\" style=\"padding-bottom:110%;\"><img loading=\"lazy\" decoding=\"async\" src=\"https:\/\/dewabp.com\/wp-content\/uploads\/2019\/02\/8.jpg\" width=\"510\" height=\"566\" alt=\"\" data-full-image=\"https:\/\/dewabp.com\/wp-content\/uploads\/2019\/02\/8.jpg\" data-light-image=\"https:\/\/dewabp.com\/wp-content\/uploads\/2019\/02\/8.jpg\" data-id=\"764\" class=\"wp-image-764\" srcset=\"https:\/\/dewabp.com\/wp-content\/uploads\/2019\/02\/8.jpg 510w, https:\/\/dewabp.com\/wp-content\/uploads\/2019\/02\/8-270x300.jpg 270w\" sizes=\"auto, (max-width: 510px) 100vw, 510px\" \/><\/div><\/div><\/figure><\/div><\/li><li class=\"kadence-blocks-gallery-item\" tabindex=\"0\"><div class=\"kadence-blocks-gallery-item-inner\"><figure class=\"kb-gallery-figure kadence-blocks-gallery-item-hide-caption\"><div class=\"kb-gal-image-radius\" style=\"max-width:707px;\"><div class=\"kb-gallery-image-contain kadence-blocks-gallery-intrinsic\" style=\"padding-bottom:56%;\"><img loading=\"lazy\" decoding=\"async\" src=\"https:\/\/dewabp.com\/wp-content\/uploads\/2019\/02\/6.jpg\" width=\"707\" height=\"400\" alt=\"\" data-full-image=\"https:\/\/dewabp.com\/wp-content\/uploads\/2019\/02\/6.jpg\" data-light-image=\"https:\/\/dewabp.com\/wp-content\/uploads\/2019\/02\/6.jpg\" data-id=\"762\" class=\"wp-image-762\" srcset=\"https:\/\/dewabp.com\/wp-content\/uploads\/2019\/02\/6.jpg 707w, https:\/\/dewabp.com\/wp-content\/uploads\/2019\/02\/6-300x170.jpg 300w\" sizes=\"auto, (max-width: 707px) 100vw, 707px\" \/><\/div><\/div><\/figure><\/div><\/li><li class=\"kadence-blocks-gallery-item\" tabindex=\"0\"><div class=\"kadence-blocks-gallery-item-inner\"><figure class=\"kb-gallery-figure kadence-blocks-gallery-item-hide-caption\"><div class=\"kb-gal-image-radius\" style=\"max-width:800px;\"><div class=\"kb-gallery-image-contain kadence-blocks-gallery-intrinsic\" style=\"padding-bottom:68%;\"><img loading=\"lazy\" decoding=\"async\" src=\"https:\/\/dewabp.com\/wp-content\/uploads\/2019\/02\/7.jpg\" width=\"800\" height=\"545\" alt=\"\" data-full-image=\"https:\/\/dewabp.com\/wp-content\/uploads\/2019\/02\/7.jpg\" data-light-image=\"https:\/\/dewabp.com\/wp-content\/uploads\/2019\/02\/7.jpg\" data-id=\"763\" class=\"wp-image-763\" srcset=\"https:\/\/dewabp.com\/wp-content\/uploads\/2019\/02\/7.jpg 800w, https:\/\/dewabp.com\/wp-content\/uploads\/2019\/02\/7-300x204.jpg 300w, https:\/\/dewabp.com\/wp-content\/uploads\/2019\/02\/7-768x523.jpg 768w\" sizes=\"auto, (max-width: 800px) 100vw, 800px\" \/><\/div><\/div><\/figure><\/div><\/li><li class=\"kadence-blocks-gallery-item\" tabindex=\"0\"><div class=\"kadence-blocks-gallery-item-inner\"><figure class=\"kb-gallery-figure kadence-blocks-gallery-item-hide-caption\"><div class=\"kb-gal-image-radius\" style=\"max-width:2024px;\"><div class=\"kb-gallery-image-contain kadence-blocks-gallery-intrinsic\" style=\"padding-bottom:80%;\"><img loading=\"lazy\" decoding=\"async\" src=\"https:\/\/dewabp.com\/wp-content\/uploads\/2019\/02\/5.jpg\" width=\"2024\" height=\"1625\" alt=\"\" data-full-image=\"https:\/\/dewabp.com\/wp-content\/uploads\/2019\/02\/5.jpg\" data-light-image=\"https:\/\/dewabp.com\/wp-content\/uploads\/2019\/02\/5.jpg\" data-id=\"761\" class=\"wp-image-761\" srcset=\"https:\/\/dewabp.com\/wp-content\/uploads\/2019\/02\/5.jpg 2024w, https:\/\/dewabp.com\/wp-content\/uploads\/2019\/02\/5-300x241.jpg 300w, https:\/\/dewabp.com\/wp-content\/uploads\/2019\/02\/5-768x617.jpg 768w, https:\/\/dewabp.com\/wp-content\/uploads\/2019\/02\/5-1024x822.jpg 1024w\" sizes=\"auto, (max-width: 2024px) 100vw, 2024px\" \/><\/div><\/div><\/figure><\/div><\/li><li class=\"kadence-blocks-gallery-item\" tabindex=\"0\"><div class=\"kadence-blocks-gallery-item-inner\"><figure class=\"kb-gallery-figure kadence-blocks-gallery-item-hide-caption\"><div class=\"kb-gal-image-radius\" style=\"max-width:1124px;\"><div class=\"kb-gallery-image-contain kadence-blocks-gallery-intrinsic\" style=\"padding-bottom:71%;\"><img loading=\"lazy\" decoding=\"async\" src=\"https:\/\/dewabp.com\/wp-content\/uploads\/2019\/02\/4.jpg\" width=\"1124\" height=\"808\" alt=\"\" data-full-image=\"https:\/\/dewabp.com\/wp-content\/uploads\/2019\/02\/4.jpg\" data-light-image=\"https:\/\/dewabp.com\/wp-content\/uploads\/2019\/02\/4.jpg\" data-id=\"760\" class=\"wp-image-760\" srcset=\"https:\/\/dewabp.com\/wp-content\/uploads\/2019\/02\/4.jpg 1124w, https:\/\/dewabp.com\/wp-content\/uploads\/2019\/02\/4-300x216.jpg 300w, https:\/\/dewabp.com\/wp-content\/uploads\/2019\/02\/4-768x552.jpg 768w, https:\/\/dewabp.com\/wp-content\/uploads\/2019\/02\/4-1024x736.jpg 1024w\" sizes=\"auto, (max-width: 1124px) 100vw, 1124px\" \/><\/div><\/div><\/figure><\/div><\/li><li class=\"kadence-blocks-gallery-item\" tabindex=\"0\"><div class=\"kadence-blocks-gallery-item-inner\"><figure class=\"kb-gallery-figure kadence-blocks-gallery-item-hide-caption\"><div class=\"kb-gal-image-radius\" style=\"max-width:236px;\"><div class=\"kb-gallery-image-contain kadence-blocks-gallery-intrinsic\" style=\"padding-bottom:110%;\"><img loading=\"lazy\" decoding=\"async\" src=\"https:\/\/dewabp.com\/wp-content\/uploads\/2019\/02\/3.jpg\" width=\"236\" height=\"261\" alt=\"\" data-full-image=\"https:\/\/dewabp.com\/wp-content\/uploads\/2019\/02\/3.jpg\" data-light-image=\"https:\/\/dewabp.com\/wp-content\/uploads\/2019\/02\/3.jpg\" data-id=\"759\" class=\"wp-image-759\"\/><\/div><\/div><\/figure><\/div><\/li><li class=\"kadence-blocks-gallery-item\" tabindex=\"0\"><div class=\"kadence-blocks-gallery-item-inner\"><figure class=\"kb-gallery-figure kadence-blocks-gallery-item-hide-caption\"><div class=\"kb-gal-image-radius\" style=\"max-width:1500px;\"><div class=\"kb-gallery-image-contain kadence-blocks-gallery-intrinsic\" style=\"padding-bottom:133%;\"><img loading=\"lazy\" decoding=\"async\" src=\"https:\/\/dewabp.com\/wp-content\/uploads\/2019\/02\/2.jpg\" width=\"1500\" height=\"1998\" alt=\"\" data-full-image=\"https:\/\/dewabp.com\/wp-content\/uploads\/2019\/02\/2.jpg\" data-light-image=\"https:\/\/dewabp.com\/wp-content\/uploads\/2019\/02\/2.jpg\" data-id=\"758\" class=\"wp-image-758\" srcset=\"https:\/\/dewabp.com\/wp-content\/uploads\/2019\/02\/2.jpg 1500w, https:\/\/dewabp.com\/wp-content\/uploads\/2019\/02\/2-225x300.jpg 225w, https:\/\/dewabp.com\/wp-content\/uploads\/2019\/02\/2-768x1023.jpg 768w, https:\/\/dewabp.com\/wp-content\/uploads\/2019\/02\/2-769x1024.jpg 769w\" sizes=\"auto, (max-width: 1500px) 100vw, 1500px\" \/><\/div><\/div><\/figure><\/div><\/li><li class=\"kadence-blocks-gallery-item\" tabindex=\"0\"><div class=\"kadence-blocks-gallery-item-inner\"><figure class=\"kb-gallery-figure kadence-blocks-gallery-item-hide-caption\"><div class=\"kb-gal-image-radius\" style=\"max-width:866px;\"><div class=\"kb-gallery-image-contain kadence-blocks-gallery-intrinsic\" style=\"padding-bottom:110%;\"><img loading=\"lazy\" decoding=\"async\" src=\"https:\/\/dewabp.com\/wp-content\/uploads\/2019\/02\/1.jpg\" width=\"866\" height=\"960\" alt=\"\" data-full-image=\"https:\/\/dewabp.com\/wp-content\/uploads\/2019\/02\/1.jpg\" data-light-image=\"https:\/\/dewabp.com\/wp-content\/uploads\/2019\/02\/1.jpg\" data-id=\"757\" class=\"wp-image-757\" srcset=\"https:\/\/dewabp.com\/wp-content\/uploads\/2019\/02\/1.jpg 866w, https:\/\/dewabp.com\/wp-content\/uploads\/2019\/02\/1-271x300.jpg 271w, https:\/\/dewabp.com\/wp-content\/uploads\/2019\/02\/1-768x851.jpg 768w\" sizes=\"auto, (max-width: 866px) 100vw, 866px\" \/><\/div><\/div><\/figure><\/div><\/li><\/ul><\/div>","protected":false},"excerpt":{"rendered":"<p>Cem ve A\u015fevleri \u00e7al\u0131\u015fmam\u0131z\u0131 ilkbahar 2019 i\u00e7in haz\u0131rlamaktay\u0131z bunun i\u00e7in Komisiyon grubunda payla\u015f\u0131mlar ve fikir al\u0131\u015fveri\u015fi yap\u0131lmaktad\u0131r, bilginize! \u015eimdiye kadar kulan\u0131lmak ve bask\u0131ya g\u00f6nderilecek malzemeler a\u015fa\u011f\u0131da g\u00f6r\u00fcld\u00fc\u011f\u00fc gibidir&#8230;<\/p>\n","protected":false},"author":3,"featured_media":0,"parent":61,"menu_order":0,"comment_status":"closed","ping_status":"closed","template":"","meta":{"site-sidebar-layout":"default","site-content-layout":"","ast-site-content-layout":"default","site-content-style":"default","site-sidebar-style":"default","ast-global-header-display":"","ast-banner-title-visibility":"","ast-main-header-display":"","ast-hfb-above-header-display":"","ast-hfb-below-header-display":"","ast-hfb-mobile-header-display":"","site-post-title":"","ast-breadcrumbs-content":"","ast-featured-img":"","footer-sml-layout":"","ast-disable-related-posts":"","theme-transparent-header-meta":"default","adv-header-id-meta":"","stick-header-meta":"","header-above-stick-meta":"","header-main-stick-meta":"","header-below-stick-meta":"","astra-migrate-meta-layouts":"set","ast-page-background-enabled":"default","ast-page-background-meta":{"desktop":{"background-color":"","background-image":"","background-repeat":"repeat","background-position":"center center","background-size":"auto","background-attachment":"scroll","background-type":"","background-media":"","overlay-type":"","overlay-color":"","overlay-opacity":"","overlay-gradient":""},"tablet":{"background-color":"","background-image":"","background-repeat":"repeat","background-position":"center center","background-size":"auto","background-attachment":"scroll","background-type":"","background-media":"","overlay-type":"","overlay-color":"","overlay-opacity":"","overlay-gradient":""},"mobile":{"background-color":"","background-image":"","background-repeat":"repeat","background-position":"center center","background-size":"auto","background-attachment":"scroll","background-type":"","background-media":"","overlay-type":"","overlay-color":"","overlay-opacity":"","overlay-gradient":""}},"ast-content-background-meta":{"desktop":{"background-color":"var(--ast-global-color-5)","background-image":"","background-repeat":"repeat","background-position":"center center","background-size":"auto","background-attachment":"scroll","background-type":"","background-media":"","overlay-type":"","overlay-color":"","overlay-opacity":"","overlay-gradient":""},"tablet":{"background-color":"var(--ast-global-color-5)","background-image":"","background-repeat":"repeat","background-position":"center center","background-size":"auto","background-attachment":"scroll","background-type":"","background-media":"","overlay-type":"","overlay-color":"","overlay-opacity":"","overlay-gradient":""},"mobile":{"background-color":"var(--ast-global-color-5)","background-image":"","background-repeat":"repeat","background-position":"center center","background-size":"auto","background-attachment":"scroll","background-type":"","background-media":"","overlay-type":"","overlay-color":"","overlay-opacity":"","overlay-gradient":""}},"footnotes":""},"class_list":["post-37","page","type-page","status-publish","hentry"],"_links":{"self":[{"href":"https:\/\/dewabp.com\/tr\/wp-json\/wp\/v2\/pages\/37","targetHints":{"allow":["GET"]}}],"collection":[{"href":"https:\/\/dewabp.com\/tr\/wp-json\/wp\/v2\/pages"}],"about":[{"href":"https:\/\/dewabp.com\/tr\/wp-json\/wp\/v2\/types\/page"}],"author":[{"embeddable":true,"href":"https:\/\/dewabp.com\/tr\/wp-json\/wp\/v2\/users\/3"}],"replies":[{"embeddable":true,"href":"https:\/\/dewabp.com\/tr\/wp-json\/wp\/v2\/comments?post=37"}],"version-history":[{"count":55,"href":"https:\/\/dewabp.com\/tr\/wp-json\/wp\/v2\/pages\/37\/revisions"}],"predecessor-version":[{"id":6153,"href":"https:\/\/dewabp.com\/tr\/wp-json\/wp\/v2\/pages\/37\/revisions\/6153"}],"up":[{"embeddable":true,"href":"https:\/\/dewabp.com\/tr\/wp-json\/wp\/v2\/pages\/61"}],"wp:attachment":[{"href":"https:\/\/dewabp.com\/tr\/wp-json\/wp\/v2\/media?parent=37"}],"curies":[{"name":"wp","href":"https:\/\/api.w.org\/{rel}","templated":true}]}}