{"id":3666,"date":"2020-12-25T12:44:58","date_gmt":"2020-12-25T12:44:58","guid":{"rendered":"https:\/\/dewabp.com\/?page_id=3666"},"modified":"2026-03-31T13:36:52","modified_gmt":"2026-03-31T13:36:52","slug":"zazaca-paylasimlar","status":"publish","type":"page","link":"https:\/\/dewabp.com\/tr\/zazaca-paylasimlar\/","title":{"rendered":"K\u0131rmancki Payla\u015f\u0131mlar"},"content":{"rendered":"\n<p>K\u0131rmancki dilimiz ile payla\u015f\u0131lan \u015eiirler ve Video vs. payla\u015f\u0131mlar burada bulunmaktad\u0131r. <br>\u015eimdilik bu i\u015fin ba\u015f\u0131nday\u0131z umar\u0131m ilerde ana dilimiz konusunda farkl\u0131 projeler geli\u015ftirir ve g\u00fczel \u00e7al\u0131\u015fmalarda bulunuruz.<\/p>\n\n\n\n<p><\/p>\n\n\n<div class='pt-cv-wrapper'> <h3 class='pt-cv-heading-container heading4' data-blockid='7dr8k85x'><span class='pt-cv-heading'> Zone made (K\u0131rmancki`de) <\/span><\/h3><div class=\"pt-cv-view pt-cv-blockgrid iscvblock iscvreal grid1 layout1\" id=\"pt-cv-view-7dr8k85x\"><div data-id=\"pt-cv-page-1\" class=\"pt-cv-page\" data-cvc=\"3\"><div class=\" pt-cv-content-item pt-cv-1-col\" ><h4 class=\"pt-cv-title\"><a href=\"https:\/\/dewabp.com\/tr\/mehmet-arslan-sanika-ceneka-pelevane\/\" class=\"_self\" target=\"_self\" >Mehmet Arslan \u2013 San\u0131ka \u00c7\u00eaneka Pelevane<\/a><\/h4>\n<div class=\"pt-cv-content\">Mehmet Arslan \u2013 San\u0131ka \u00c7\u00eaneka Pelevane Verqes\u00ea T\u0131rki \/ \u00d6ns\u00f6z Verqes\u00ea Almanki \/ Vorwort Verqes\u00ea \u0130ngilizki \/ Foreword Buchbestellung\/Kitap \u015eipari\u015f\/Book &#8230;<\/div>\n<div class=\"pt-cv-rmwrap\"><a href=\"https:\/\/dewabp.com\/tr\/mehmet-arslan-sanika-ceneka-pelevane\/\" class=\"_self pt-cv-readmore btn btn-success\" target=\"_self\" >p\u00f6re bu wane\u2026<\/a><\/div>\n<div class=\"pt-cv-meta-fields\"><span class=\"entry-date\"> <time datetime=\"2022-03-20T19:05:31+00:00\">20\/03\/2022<\/time><\/span><\/div><\/div>\n<div class=\" pt-cv-content-item pt-cv-1-col\" ><h4 class=\"pt-cv-title\"><a href=\"https:\/\/dewabp.com\/tr\/kitap-baris-arslandan-siirler-car-qesi\/\" class=\"_self\" target=\"_self\" >Bar\u0131\u015f Arslan\u00b4dan \u015eiirler Kitab\u0131 &#8220;\u00c7AR QE\u015e\u0130&#8221;<\/a><\/h4>\n<div class=\"pt-cv-content\">Sevgili \u00f6\u011fretmenimiz taraf\u0131ndan K\u0131rmancki (Ana dilimizde) haz\u0131rlanm\u0131\u015f \u015eiir kitab\u0131 art\u0131k b\u00fct\u00fcn b\u00f6lgelerde K\u00f6y Meclisi ve \u0130stanbul Derne\u011fimiz\u00b4den al\u0131na bilinir. Hem &#8230;<\/div>\n<div class=\"pt-cv-rmwrap\"><a href=\"https:\/\/dewabp.com\/tr\/kitap-baris-arslandan-siirler-car-qesi\/\" class=\"_self pt-cv-readmore btn btn-success\" target=\"_self\" >p\u00f6re bu wane\u2026<\/a><\/div>\n<div class=\"pt-cv-meta-fields\"><span class=\"entry-date\"> <time datetime=\"2020-12-27T05:32:50+00:00\">27\/12\/2020<\/time><\/span><\/div><\/div>\n<div class=\" pt-cv-content-item pt-cv-1-col\" ><h4 class=\"pt-cv-title\"><a href=\"https:\/\/dewabp.com\/tr\/14-04-2018-video-cekimi-ve-roportaj-aliekber-gultekin-ve-yadigar-arslan\/\" class=\"_self\" target=\"_self\" >14.04.2018 Video \u00e7ekimi ve roportaj: Aliekber G\u00fcltekin ve  Yadigar Arslan<\/a><\/h4>\n<div class=\"pt-cv-content\">Yadigar Arslan 14.04.2018 &#8230;<\/div>\n<div class=\"pt-cv-rmwrap\"><a href=\"https:\/\/dewabp.com\/tr\/14-04-2018-video-cekimi-ve-roportaj-aliekber-gultekin-ve-yadigar-arslan\/\" class=\"_self pt-cv-readmore btn btn-success\" target=\"_self\" >p\u00f6re bu wane\u2026<\/a><\/div>\n<div class=\"pt-cv-meta-fields\"><span class=\"entry-date\"> <time datetime=\"2019-03-08T18:00:54+00:00\">08\/03\/2019<\/time><\/span><\/div><\/div>\n<div class=\" pt-cv-content-item pt-cv-1-col\" ><h4 class=\"pt-cv-title\"><a href=\"https:\/\/dewabp.com\/tr\/video-cekimi-ve-reportaj-aliekber-gultekin-ve-konuk-misafir-hanim-ceneka-rizaye-demen-agay\/\" class=\"_self\" target=\"_self\" >2018, Video \u00e7ekimi ve reportaj: Aliekber G\u00fcltekin ve konuk Misafir Han\u0131m, &#8220;Ceneka Rizaye Demen A\u011fay&#8221;<\/a><\/h4>\n<div class=\"pt-cv-content\">Video \u00e7emimi Bulmu\u015f\u00b4tan B\u00fcy\u00fcg\u00fcm\u00fcz &#8220;Han\u0131m Ceneka Rizaye Demen A\u011fay&#8221; ve Hesene S\u00fcleyman Agan\u0131n E\u015fi&#8217; &#8230;<\/div>\n<div class=\"pt-cv-rmwrap\"><a href=\"https:\/\/dewabp.com\/tr\/video-cekimi-ve-reportaj-aliekber-gultekin-ve-konuk-misafir-hanim-ceneka-rizaye-demen-agay\/\" class=\"_self pt-cv-readmore btn btn-success\" target=\"_self\" >p\u00f6re bu wane\u2026<\/a><\/div>\n<div class=\"pt-cv-meta-fields\"><span class=\"entry-date\"> <time datetime=\"2019-03-08T17:52:31+00:00\">08\/03\/2019<\/time><\/span><\/div><\/div>\n<div class=\" pt-cv-content-item pt-cv-1-col\" ><h4 class=\"pt-cv-title\"><a href=\"https:\/\/dewabp.com\/tr\/2018-video-cekimi-yadigar-arslana-soyleyis\/\" class=\"_self\" target=\"_self\" >2018 Video cekimi, Yadigar Arslan\u00b4la reportaj<\/a><\/h4>\n<div class=\"pt-cv-content\"> &#8230;<\/div>\n<div class=\"pt-cv-rmwrap\"><a href=\"https:\/\/dewabp.com\/tr\/2018-video-cekimi-yadigar-arslana-soyleyis\/\" class=\"_self pt-cv-readmore btn btn-success\" target=\"_self\" >p\u00f6re bu wane\u2026<\/a><\/div>\n<div class=\"pt-cv-meta-fields\"><span class=\"entry-date\"> <time datetime=\"2019-02-25T11:54:29+00:00\">25\/02\/2019<\/time><\/span><\/div><\/div>\n<div class=\" pt-cv-content-item pt-cv-1-col\" ><h4 class=\"pt-cv-title\"><a href=\"https:\/\/dewabp.com\/tr\/baris-arslandan-zazaca-siir-yorum-yaman-vindeno\/\" class=\"_self\" target=\"_self\" >Bar\u0131\u015f Arslan\u00b4dan K\u0131rmancki \u015fiir yorumu \u2013 Zaman vindeno<\/a><\/h4>\n<div class=\"pt-cv-content\">Zaman vindeno &#8230;<\/div>\n<div class=\"pt-cv-rmwrap\"><a href=\"https:\/\/dewabp.com\/tr\/baris-arslandan-zazaca-siir-yorum-yaman-vindeno\/\" class=\"_self pt-cv-readmore btn btn-success\" target=\"_self\" >p\u00f6re bu wane\u2026<\/a><\/div>\n<div class=\"pt-cv-meta-fields\"><span class=\"entry-date\"> <time datetime=\"2019-02-02T19:14:11+00:00\">02\/02\/2019<\/time><\/span><\/div><\/div>\n<div class=\" pt-cv-content-item pt-cv-1-col\" ><h4 class=\"pt-cv-title\"><a href=\"https:\/\/dewabp.com\/tr\/baris-arslandan-zazaca-siir-yorum-welat\/\" class=\"_self\" target=\"_self\" >Bar\u0131\u015f Arslan\u00b4dan K\u0131rmancki \u015fiir yorumu \u2013 Welat<\/a><\/h4>\n<div class=\"pt-cv-content\">Welat &#8230;<\/div>\n<div class=\"pt-cv-rmwrap\"><a href=\"https:\/\/dewabp.com\/tr\/baris-arslandan-zazaca-siir-yorum-welat\/\" class=\"_self pt-cv-readmore btn btn-success\" target=\"_self\" >p\u00f6re bu wane\u2026<\/a><\/div>\n<div class=\"pt-cv-meta-fields\"><span class=\"entry-date\"> <time datetime=\"2019-02-02T19:12:29+00:00\">02\/02\/2019<\/time><\/span><\/div><\/div>\n<div class=\" pt-cv-content-item pt-cv-1-col\" ><h4 class=\"pt-cv-title\"><a href=\"https:\/\/dewabp.com\/tr\/baris-arslandan-zazaca-siir-yorum-ragizne\/\" class=\"_self\" target=\"_self\" >Bar\u0131\u015f Arslan\u00b4dan K\u0131rmancki \u015fiir yorumu \u2013 Ragizne<\/a><\/h4>\n<div class=\"pt-cv-content\">Ragizne &#8230;<\/div>\n<div class=\"pt-cv-rmwrap\"><a href=\"https:\/\/dewabp.com\/tr\/baris-arslandan-zazaca-siir-yorum-ragizne\/\" class=\"_self pt-cv-readmore btn btn-success\" target=\"_self\" >p\u00f6re bu wane\u2026<\/a><\/div>\n<div class=\"pt-cv-meta-fields\"><span class=\"entry-date\"> <time datetime=\"2019-02-02T19:11:26+00:00\">02\/02\/2019<\/time><\/span><\/div><\/div>\n<div class=\" pt-cv-content-item pt-cv-1-col\" ><h4 class=\"pt-cv-title\"><a href=\"https:\/\/dewabp.com\/tr\/baris-arslandan-zazaca-siir-yorum-ko\/\" class=\"_self\" target=\"_self\" >Bar\u0131\u015f Arslan\u00b4dan K\u0131rmancki \u015fiir yorumu &#8211; Ko<\/a><\/h4>\n<div class=\"pt-cv-content\">Ko &#8211; Da\u011f &#8230;<\/div>\n<div class=\"pt-cv-rmwrap\"><a href=\"https:\/\/dewabp.com\/tr\/baris-arslandan-zazaca-siir-yorum-ko\/\" class=\"_self pt-cv-readmore btn btn-success\" target=\"_self\" >p\u00f6re bu wane\u2026<\/a><\/div>\n<div class=\"pt-cv-meta-fields\"><span class=\"entry-date\"> <time datetime=\"2019-02-02T19:08:25+00:00\">02\/02\/2019<\/time><\/span><\/div><\/div><\/div><\/div> <\/div> <style>\n\n#pt-cv-view-7dr8k85x .pt-cv-meta-fields {  }#pt-cv-view-7dr8k85x .pt-cv-meta-fields * { font-size: 13px; }#pt-cv-view-7dr8k85x .pt-cv-thumb-wrapper:not(.miniwrap) {  }#pt-cv-view-7dr8k85x .pt-cv-thumbnail:not(.pt-cv-thumbnailsm) { height: 300px; }#pt-cv-view-7dr8k85x .pt-cv-title a { display: block; }#pt-cv-view-7dr8k85x .pt-cv-title:not(.pt-cv-titlesm) a { font-weight: 600;text-decoration: none;font-size: 20px; }#pt-cv-view-7dr8k85x .pt-cv-titlesm a { font-weight: 600;font-size: 18px; }#pt-cv-view-7dr8k85x .pt-cv-content { font-size: 15px; }#pt-cv-view-7dr8k85x .pt-cv-rmwrap {  }#pt-cv-view-7dr8k85x .pt-cv-readmore { color: #fff;background-color: #0075ff;font-size: 14px; }#pt-cv-view-7dr8k85x .pt-cv-taxoterm {  }#pt-cv-view-7dr8k85x .pt-cv-taxoterm * { color: #222;background-color: #fff6f6;font-size: 14px; }#pt-cv-view-7dr8k85x + .pt-cv-pagination-wrapper {  }#pt-cv-view-7dr8k85x + .pt-cv-pagination-wrapper a { font-size: 14px; }#pt-cv-view-7dr8k85x > .pt-cv-page {grid-template-columns: repeat(3, 1fr);grid-gap: 20px;}\n@media all and (max-width: 1024px) { \n#pt-cv-view-7dr8k85x > .pt-cv-page {grid-template-columns: repeat(2, 1fr);}\n} \n@media all and (max-width: 767px) { \n#pt-cv-view-7dr8k85x > .pt-cv-page {grid-template-columns: repeat(1, 1fr);}\n} <\/style>","protected":false},"excerpt":{"rendered":"<p>K\u0131rmancki dilimiz ile payla\u015f\u0131lan \u015eiirler ve Video vs. payla\u015f\u0131mlar burada bulunmaktad\u0131r. \u015eimdilik bu i\u015fin ba\u015f\u0131nday\u0131z umar\u0131m ilerde ana dilimiz konusunda farkl\u0131 projeler geli\u015ftirir ve g\u00fczel \u00e7al\u0131\u015fmalarda bulunuruz.<\/p>\n","protected":false},"author":3,"featured_media":0,"parent":0,"menu_order":0,"comment_status":"closed","ping_status":"closed","template":"","meta":{"site-sidebar-layout":"default","site-content-layout":"","ast-site-content-layout":"default","site-content-style":"default","site-sidebar-style":"default","ast-global-header-display":"","ast-banner-title-visibility":"","ast-main-header-display":"","ast-hfb-above-header-display":"","ast-hfb-below-header-display":"","ast-hfb-mobile-header-display":"","site-post-title":"disabled","ast-breadcrumbs-content":"","ast-featured-img":"","footer-sml-layout":"","ast-disable-related-posts":"","theme-transparent-header-meta":"default","adv-header-id-meta":"","stick-header-meta":"","header-above-stick-meta":"","header-main-stick-meta":"","header-below-stick-meta":"","astra-migrate-meta-layouts":"set","ast-page-background-enabled":"default","ast-page-background-meta":{"desktop":{"background-color":"","background-image":"","background-repeat":"repeat","background-position":"center center","background-size":"auto","background-attachment":"scroll","background-type":"","background-media":"","overlay-type":"","overlay-color":"","overlay-opacity":"","overlay-gradient":""},"tablet":{"background-color":"","background-image":"","background-repeat":"repeat","background-position":"center center","background-size":"auto","background-attachment":"scroll","background-type":"","background-media":"","overlay-type":"","overlay-color":"","overlay-opacity":"","overlay-gradient":""},"mobile":{"background-color":"","background-image":"","background-repeat":"repeat","background-position":"center center","background-size":"auto","background-attachment":"scroll","background-type":"","background-media":"","overlay-type":"","overlay-color":"","overlay-opacity":"","overlay-gradient":""}},"ast-content-background-meta":{"desktop":{"background-color":"var(--ast-global-color-5)","background-image":"","background-repeat":"repeat","background-position":"center center","background-size":"auto","background-attachment":"scroll","background-type":"","background-media":"","overlay-type":"","overlay-color":"","overlay-opacity":"","overlay-gradient":""},"tablet":{"background-color":"var(--ast-global-color-5)","background-image":"","background-repeat":"repeat","background-position":"center center","background-size":"auto","background-attachment":"scroll","background-type":"","background-media":"","overlay-type":"","overlay-color":"","overlay-opacity":"","overlay-gradient":""},"mobile":{"background-color":"var(--ast-global-color-5)","background-image":"","background-repeat":"repeat","background-position":"center center","background-size":"auto","background-attachment":"scroll","background-type":"","background-media":"","overlay-type":"","overlay-color":"","overlay-opacity":"","overlay-gradient":""}},"footnotes":""},"class_list":["post-3666","page","type-page","status-publish","hentry"],"_links":{"self":[{"href":"https:\/\/dewabp.com\/tr\/wp-json\/wp\/v2\/pages\/3666","targetHints":{"allow":["GET"]}}],"collection":[{"href":"https:\/\/dewabp.com\/tr\/wp-json\/wp\/v2\/pages"}],"about":[{"href":"https:\/\/dewabp.com\/tr\/wp-json\/wp\/v2\/types\/page"}],"author":[{"embeddable":true,"href":"https:\/\/dewabp.com\/tr\/wp-json\/wp\/v2\/users\/3"}],"replies":[{"embeddable":true,"href":"https:\/\/dewabp.com\/tr\/wp-json\/wp\/v2\/comments?post=3666"}],"version-history":[{"count":17,"href":"https:\/\/dewabp.com\/tr\/wp-json\/wp\/v2\/pages\/3666\/revisions"}],"predecessor-version":[{"id":6387,"href":"https:\/\/dewabp.com\/tr\/wp-json\/wp\/v2\/pages\/3666\/revisions\/6387"}],"wp:attachment":[{"href":"https:\/\/dewabp.com\/tr\/wp-json\/wp\/v2\/media?parent=3666"}],"curies":[{"name":"wp","href":"https:\/\/api.w.org\/{rel}","templated":true}]}}