{"id":34,"date":"2019-01-30T18:45:43","date_gmt":"2019-01-30T18:45:43","guid":{"rendered":"https:\/\/dewabp.com\/?page_id=34"},"modified":"2026-02-24T18:33:30","modified_gmt":"2026-02-24T18:33:30","slug":"yeni-yerlesim-ve-su","status":"publish","type":"page","link":"https:\/\/dewabp.com\/tr\/komisyonlar\/yeni-yerlesim-ve-su\/","title":{"rendered":"Yeni Yerle\u015fim ve Su Komisiyonu (YYY&#038;SU)"},"content":{"rendered":"\n<div class=\"wp-block-image is-style-default\"><figure class=\"aligncenter is-resized\"><img decoding=\"async\" src=\"https:\/\/dewabp.com\/wp-content\/uploads\/2019\/01\/K\u00f6y-Heyeti.jpg-1024x654.png\" alt=\"\" class=\"wp-image-243\" width=\"1200\" height=\"NaN\" srcset=\"https:\/\/dewabp.com\/wp-content\/uploads\/2019\/01\/K\u00f6y-Heyeti.jpg-1024x654.png 1024w, https:\/\/dewabp.com\/wp-content\/uploads\/2019\/01\/K\u00f6y-Heyeti.jpg-300x192.png 300w, https:\/\/dewabp.com\/wp-content\/uploads\/2019\/01\/K\u00f6y-Heyeti.jpg-768x490.png 768w, https:\/\/dewabp.com\/wp-content\/uploads\/2019\/01\/K\u00f6y-Heyeti.jpg.png 1303w\" sizes=\"(max-width: 1024px) 100vw, 1024px\" \/><figcaption>K\u00f6y Meclisinin ve Yeni Yerle\u015fim Yeri i\u00e7in Komisiyondan K\u00f6y\u00b4e g\u00f6nderdi\u011fi heyeten bir kare.<\/figcaption><\/figure><\/div>\n\n\n\n<p style=\"font-size:20px\"><strong>Projenin s\u00fcre\u00e7 i\u00e7inde y\u00fcr\u00fct\u00fclmesi ve bilgilendirme tablosu<\/strong> <\/p>\n\n\n\n<p><\/p>\n\n\n\n<h4 class=\"wp-block-heading has-small-font-size\"><em><strong>Payla\u015f\u0131m\/Yaz\u0131\u015fma:<\/strong><\/em> Proje m\u00fchendisi Levent Ciminli taraf\u0131ndan yap\u0131lm\u0131\u015ft\u0131r, tarih 31.01.2019 <\/h4>\n\n\n\n<p><\/p>\n\n\n\n<ol class=\"wp-block-list\">\n<li>A\u015fama, K\u00f6y Yerle\u015fim Plan\u0131n\u0131n onay\u0131yd\u0131. Vali projeyi onaylad\u0131. <\/li>\n\n\n\n<li>A\u015fama, Meradan Tahsis Amac\u0131 De\u011fi\u015fikli\u011fi Karar\u0131n\u0131n \u00e7\u0131kmas\u0131yd\u0131. Oda bu hafta (28 -30.01.2019) nihayete erdi. Yani Tar\u0131m \u0130l M\u00fcd\u00fcrl\u00fc\u011f\u00fc mera parselinin ifraz (b\u00f6l\u00fcnerek) edilerek bizim parselasyon yapaca\u011f\u0131m\u0131z alan\u0131n Hazine ad\u0131na tescil edilmesine dair uygunluk g\u00f6r\u00fc\u015f\u00fcn\u00fc verdi. Bu a\u015famada parselin iki k\u0131sma ifraz edilmesine esas dosyas\u0131n\u0131 haz\u0131rlay\u0131p  \u0130l \u00d6zel \u0130daresine  verdik. Onlar Kadastro M\u00fcd\u00fcrl\u00fc\u011f\u00fcne kontrole verecekler. Kontrol\u00fc tamamland\u0131ktan sonra tapuya tescile gidecek. Yani meran\u0131n bizi ilgilendiren k\u0131sm\u0131 mera olmaktan \u00e7\u0131k\u0131p hazine parseli olacak.<\/li>\n\n\n\n<li>A\u015famada, hazine ad\u0131na \u00e7\u0131km\u0131\u015f olan tapuyu k\u00f6y yerle\u015fim plan\u0131na g\u00f6re parselleyece\u011fiz. Yani parselasyon dosyas\u0131n\u0131 haz\u0131rlay\u0131p yine kadastro ve tapu s\u00fcre\u00e7lerini y\u00fcrece\u011fiz. Sonraki s\u00fcre\u00e7 art\u0131k \u0130l \u00d6zel \u0130daresine kal\u0131yor. O s\u00fcrecin ayr\u0131nt\u0131s\u0131n\u0131 \u0130smail abi (\u0130l \u00d6zel \u0130daresi) biliyor. Bildi\u011fim kadar\u0131yla \u0130smail abi K\u00f6y T\u00fczel Ki\u015fili\u011fine devrini isteyecek, bunun i\u00e7in isim listesi (ba\u015fvuran ki\u015filer) olu\u015fturulmas\u0131 gerekiyor. Bu arada sosyal donat\u0131 alanlar\u0131 olarak gayri resmi d\u00fc\u015f\u00fcn\u00fclen k\u0131s\u0131mlar\u0131 k\u00f6y yerle\u015fim plan\u0131nda konut alan\u0131 gibi g\u00f6stermi\u015f olduk. Dolay\u0131s\u0131yla bu parsellere \u015fah\u0131s ismi yaz\u0131lmayacak, k\u00f6y bu alanlarda bir \u015fey yapmak istedi\u011finde devrini de\u011fildi san\u0131r\u0131m k\u00f6ye tahsisini alacak.<\/li>\n<\/ol>\n\n\n\n<p>Bu g\u00f6nderdi\u011fim belgeler meradan \u00e7\u0131k\u0131p bizi\nilgilendiren k\u0131sm\u0131n hazine ad\u0131na tapusunun \u00e7\u0131kmas\u0131 i\u00e7in ifraz dosyas\u0131.<\/p>\n\n\n\n<figure class=\"wp-block-image is-resized\"><img loading=\"lazy\" decoding=\"async\" width=\"768\" height=\"1024\" src=\"https:\/\/dewabp.com\/wp-content\/uploads\/2019\/01\/WhatsApp-Image-2018-11-19-at-11.43.08-768x1024.jpeg\" alt=\"\" class=\"wp-image-183\" srcset=\"https:\/\/dewabp.com\/wp-content\/uploads\/2019\/01\/WhatsApp-Image-2018-11-19-at-11.43.08-768x1024.jpeg 768w, https:\/\/dewabp.com\/wp-content\/uploads\/2019\/01\/WhatsApp-Image-2018-11-19-at-11.43.08-225x300.jpeg 225w, https:\/\/dewabp.com\/wp-content\/uploads\/2019\/01\/WhatsApp-Image-2018-11-19-at-11.43.08.jpeg 1200w\" sizes=\"auto, (max-width: 768px) 100vw, 768px\" \/><figcaption class=\"wp-element-caption\">ADA 17 K\u00f6y Meydan\u0131d\u0131r, ADA 1,2,3,4 Sosyal alanlar, Parklar ve Ye\u015fil alan i\u00e7in kullan\u0131lacak alanlar olarak projelendirilmi\u015ftir.<\/figcaption><\/figure>\n\n\n\n<div class=\"wp-block-file\"><a id=\"wp-block-file--media-e03f0662-cb68-4ea2-96ca-5912273c45d1\" href=\"https:\/\/dewabp.com\/wp-content\/uploads\/2019\/02\/PARSELASYON.pdf\">Normal parsalasyon cizimi   <\/a><a href=\"https:\/\/dewabp.com\/wp-content\/uploads\/2019\/02\/PARSELASYON.pdf\" class=\"wp-block-file__button wp-element-button\" download aria-describedby=\"wp-block-file--media-e03f0662-cb68-4ea2-96ca-5912273c45d1\"> indir <\/a><\/div>\n\n\n\n<figure class=\"wp-block-image is-resized\"><img decoding=\"async\" src=\"https:\/\/dewabp.com\/wp-content\/uploads\/2019\/01\/WhatsApp-Image-2018-11-19-at-11.43.26-768x1024.jpeg\" alt=\"\" class=\"wp-image-184\" width=\"1200\" height=\"NaN\" srcset=\"https:\/\/dewabp.com\/wp-content\/uploads\/2019\/01\/WhatsApp-Image-2018-11-19-at-11.43.26-768x1024.jpeg 768w, https:\/\/dewabp.com\/wp-content\/uploads\/2019\/01\/WhatsApp-Image-2018-11-19-at-11.43.26-225x300.jpeg 225w, https:\/\/dewabp.com\/wp-content\/uploads\/2019\/01\/WhatsApp-Image-2018-11-19-at-11.43.26.jpeg 1200w\" sizes=\"(max-width: 768px) 100vw, 768px\" \/><figcaption>Vali\u00b4den onaylanan projenin dok\u00fcman\u0131, oyan tarih 14.11.2018<\/figcaption><\/figure>\n\n\n\n<div class=\"wp-block-file\"><a id=\"wp-block-file--media-1ba21b96-7f87-47e2-9cae-255684518139\" href=\"https:\/\/dewabp.com\/wp-content\/uploads\/2019\/02\/PARSELASYON1.pdf\"> Arazi \u00fczerinden  parsalasyon  g\u00f6r\u00fcnt\u00fcs\u00fc <\/a><a href=\"https:\/\/dewabp.com\/wp-content\/uploads\/2019\/02\/PARSELASYON1.pdf\" class=\"wp-block-file__button wp-element-button\" download aria-describedby=\"wp-block-file--media-1ba21b96-7f87-47e2-9cae-255684518139\"> indir <\/a><\/div>\n\n\n\n<h3 class=\"wp-block-heading\"><strong>Payla\u015f\u0131m\/Yaz\u0131\u015fma: <\/strong>Proje m\u00fchendisi Levent Ciminli taraf\u0131ndan yap\u0131lm\u0131\u015ft\u0131r, tarih 21.02.2019 <\/h3>\n\n\n\n<p>Meran\u0131n ifraz dosyas\u0131n\u0131 takip edip \u00e7\u0131kartt\u0131rd\u0131k kontrolden, tar\u0131m il m\u00fcd\u00fcrl\u00fc\u011f\u00fcne g\u00f6nderecekler ve onlarda Tercan tapuya tescile g\u00f6nderecekler. Biz bu s\u00fcre\u00e7te parselasyon dosyas\u0131n\u0131n \u00e7\u0131kt\u0131lar\u0131n\u0131 al\u0131p dosyay\u0131 veririz \u0130smail abiye. Tapu gelir gelmez parselasyon dosyas\u0131nda kadastroya kontrole g\u00f6ndersin diye.<\/p>\n\n\n\n<figure class=\"wp-block-image is-resized\"><img decoding=\"async\" src=\"https:\/\/dewabp.com\/wp-content\/uploads\/2019\/02\/2019-02-21-at-12.26.10-1-704x1024.jpeg\" alt=\"\" class=\"wp-image-2300\" width=\"1200\" height=\"NaN\" srcset=\"https:\/\/dewabp.com\/wp-content\/uploads\/2019\/02\/2019-02-21-at-12.26.10-1-704x1024.jpeg 704w, https:\/\/dewabp.com\/wp-content\/uploads\/2019\/02\/2019-02-21-at-12.26.10-1-206x300.jpeg 206w, https:\/\/dewabp.com\/wp-content\/uploads\/2019\/02\/2019-02-21-at-12.26.10-1-768x1117.jpeg 768w, https:\/\/dewabp.com\/wp-content\/uploads\/2019\/02\/2019-02-21-at-12.26.10-1.jpeg 798w\" sizes=\"(max-width: 704px) 100vw, 704px\" \/><figcaption>Kadastro M\u00fcd\u00fcrl\u00fcg\u00fc  21.02.2019<\/figcaption><\/figure>\n\n\n\n<div class=\"wp-block-file\"><a id=\"wp-block-file--media-5a813783-2cd7-4ffe-8cb2-a21d9767e90f\" href=\"https:\/\/dewabp.com\/wp-content\/uploads\/2019\/02\/2019-02-21-at-12.26.10.jpeg\">2019-02-21 at 12.26.10<\/a><a href=\"https:\/\/dewabp.com\/wp-content\/uploads\/2019\/02\/2019-02-21-at-12.26.10.jpeg\" class=\"wp-block-file__button wp-element-button\" download aria-describedby=\"wp-block-file--media-5a813783-2cd7-4ffe-8cb2-a21d9767e90f\"> indir <\/a><\/div>\n\n\n\n<figure class=\"wp-block-image is-resized\"><img decoding=\"async\" src=\"https:\/\/dewabp.com\/wp-content\/uploads\/2019\/02\/2019-02-21-at-12.26.23-1-1024x698.jpeg\" alt=\"\" class=\"wp-image-2301\" width=\"1200\" height=\"NaN\" srcset=\"https:\/\/dewabp.com\/wp-content\/uploads\/2019\/02\/2019-02-21-at-12.26.23-1-1024x698.jpeg 1024w, https:\/\/dewabp.com\/wp-content\/uploads\/2019\/02\/2019-02-21-at-12.26.23-1-300x204.jpeg 300w, https:\/\/dewabp.com\/wp-content\/uploads\/2019\/02\/2019-02-21-at-12.26.23-1-768x524.jpeg 768w, https:\/\/dewabp.com\/wp-content\/uploads\/2019\/02\/2019-02-21-at-12.26.23-1.jpeg 1156w\" sizes=\"(max-width: 1024px) 100vw, 1024px\" \/><figcaption> Kadastro M\u00fcd\u00fcrl\u00fcg\u00fc 21.02.2019 <\/figcaption><\/figure>\n\n\n\n<div class=\"wp-block-file\"><a id=\"wp-block-file--media-1de6c9a9-eccd-42ca-85bb-3c4c9c81f1d0\" href=\"https:\/\/dewabp.com\/wp-content\/uploads\/2019\/02\/2019-02-21-at-12.26.23.jpeg\">2019-02-21 at 12.26.23<\/a><a href=\"https:\/\/dewabp.com\/wp-content\/uploads\/2019\/02\/2019-02-21-at-12.26.23.jpeg\" class=\"wp-block-file__button wp-element-button\" download aria-describedby=\"wp-block-file--media-1de6c9a9-eccd-42ca-85bb-3c4c9c81f1d0\"> indir <\/a><\/div>\n\n\n\n<h2 class=\"wp-block-heading\">Resimler ve konu ile ilgili di\u011fer bilgiler&#8230;<\/h2>\n\n\n<ul class=\"wp-block-latest-posts__list wp-block-latest-posts\"><li><a class=\"wp-block-latest-posts__post-title\" href=\"https:\/\/dewabp.com\/tr\/yyy-yeni-yerlesim-yeri-ile-ilgili-aciklama\/\">YYY \u2013 Yeni Yerle\u015fim Yeri ile ilgili a\u00e7\u0131klama<\/a><\/li>\n<li><a class=\"wp-block-latest-posts__post-title\" href=\"https:\/\/dewabp.com\/tr\/yyy-yeni-yerlesim-yeri-ile-ilgili-son-durum-ve-proje-parasinin-bedeli-hakkinda-bilgilendirme\/\">YYY \u2013 Yeni Yerle\u015fim Yeri ile ilgili son durum ve proje paras\u0131n\u0131n bedeli hakk\u0131nda bilgilendirme.<\/a><\/li>\n<li><a class=\"wp-block-latest-posts__post-title\" href=\"https:\/\/dewabp.com\/tr\/projeyi-arastirmak-icin-sahadaki-ilk-adimlar-nasil-uygulanabilecegini-bulmak-icin-koy-meclisinin-gonderdigi-heyet-2018\/\">YYY&#038;SU &#8211; Heyeti 2018: Proje hakk\u0131nda bilgi toplamak ve ara\u015ft\u0131rmak i\u00e7in sahadaki ilk ad\u0131mlar\u0131.<\/a><\/li>\n<\/ul>\n\n\n<figure class=\"wp-block-image is-resized\"><img decoding=\"async\" src=\"https:\/\/dewabp.com\/wp-content\/uploads\/2019\/05\/YYY-3-768x1024.jpeg\" alt=\"\" class=\"wp-image-2596\" width=\"1200\" height=\"NaN\" srcset=\"https:\/\/dewabp.com\/wp-content\/uploads\/2019\/05\/YYY-3-768x1024.jpeg 768w, https:\/\/dewabp.com\/wp-content\/uploads\/2019\/05\/YYY-3-225x300.jpeg 225w, https:\/\/dewabp.com\/wp-content\/uploads\/2019\/05\/YYY-3.jpeg 1200w\" sizes=\"(max-width: 768px) 100vw, 768px\" \/><figcaption>29.04.2019, M\u00fchendis Cumali \u00dcz\u00fcml\u00fc: Erzincan Valilik onay\u0131ndan tescil i\u00e7in tapuya g\u00f6nderilen belge. <\/figcaption><\/figure>\n","protected":false},"excerpt":{"rendered":"<p>Projenin s\u00fcre\u00e7 i\u00e7inde y\u00fcr\u00fct\u00fclmesi ve bilgilendirme tablosu Payla\u015f\u0131m\/Yaz\u0131\u015fma: Proje m\u00fchendisi Levent Ciminli taraf\u0131ndan yap\u0131lm\u0131\u015ft\u0131r, tarih 31.01.2019 Bu g\u00f6nderdi\u011fim belgeler meradan \u00e7\u0131k\u0131p bizi ilgilendiren k\u0131sm\u0131n hazine ad\u0131na tapusunun \u00e7\u0131kmas\u0131 i\u00e7in ifraz [&hellip;]<\/p>\n","protected":false},"author":3,"featured_media":0,"parent":61,"menu_order":0,"comment_status":"closed","ping_status":"closed","template":"","meta":{"site-sidebar-layout":"default","site-content-layout":null,"ast-site-content-layout":"default","site-content-style":"default","site-sidebar-style":"default","ast-global-header-display":"","ast-banner-title-visibility":"","ast-main-header-display":"","ast-hfb-above-header-display":null,"ast-hfb-below-header-display":null,"ast-hfb-mobile-header-display":null,"site-post-title":"","ast-breadcrumbs-content":null,"ast-featured-img":"","footer-sml-layout":"","ast-disable-related-posts":"","theme-transparent-header-meta":"default","adv-header-id-meta":null,"stick-header-meta":null,"header-above-stick-meta":null,"header-main-stick-meta":null,"header-below-stick-meta":null,"astra-migrate-meta-layouts":"set","ast-page-background-enabled":"default","ast-page-background-meta":{"desktop":{"background-color":"","background-image":"","background-repeat":"repeat","background-position":"center center","background-size":"auto","background-attachment":"scroll","background-type":"","background-media":"","overlay-type":"","overlay-color":"","overlay-opacity":"","overlay-gradient":""},"tablet":{"background-color":"","background-image":"","background-repeat":"repeat","background-position":"center center","background-size":"auto","background-attachment":"scroll","background-type":"","background-media":"","overlay-type":"","overlay-color":"","overlay-opacity":"","overlay-gradient":""},"mobile":{"background-color":"","background-image":"","background-repeat":"repeat","background-position":"center center","background-size":"auto","background-attachment":"scroll","background-type":"","background-media":"","overlay-type":"","overlay-color":"","overlay-opacity":"","overlay-gradient":""}},"ast-content-background-meta":{"desktop":{"background-color":"var(--ast-global-color-5)","background-image":"","background-repeat":"repeat","background-position":"center center","background-size":"auto","background-attachment":"scroll","background-type":"","background-media":"","overlay-type":"","overlay-color":"","overlay-opacity":"","overlay-gradient":""},"tablet":{"background-color":"var(--ast-global-color-5)","background-image":"","background-repeat":"repeat","background-position":"center center","background-size":"auto","background-attachment":"scroll","background-type":"","background-media":"","overlay-type":"","overlay-color":"","overlay-opacity":"","overlay-gradient":""},"mobile":{"background-color":"var(--ast-global-color-5)","background-image":"","background-repeat":"repeat","background-position":"center center","background-size":"auto","background-attachment":"scroll","background-type":"","background-media":"","overlay-type":"","overlay-color":"","overlay-opacity":"","overlay-gradient":""}},"footnotes":""},"class_list":["post-34","page","type-page","status-publish","hentry"],"_links":{"self":[{"href":"https:\/\/dewabp.com\/tr\/wp-json\/wp\/v2\/pages\/34","targetHints":{"allow":["GET"]}}],"collection":[{"href":"https:\/\/dewabp.com\/tr\/wp-json\/wp\/v2\/pages"}],"about":[{"href":"https:\/\/dewabp.com\/tr\/wp-json\/wp\/v2\/types\/page"}],"author":[{"embeddable":true,"href":"https:\/\/dewabp.com\/tr\/wp-json\/wp\/v2\/users\/3"}],"replies":[{"embeddable":true,"href":"https:\/\/dewabp.com\/tr\/wp-json\/wp\/v2\/comments?post=34"}],"version-history":[{"count":50,"href":"https:\/\/dewabp.com\/tr\/wp-json\/wp\/v2\/pages\/34\/revisions"}],"predecessor-version":[{"id":5639,"href":"https:\/\/dewabp.com\/tr\/wp-json\/wp\/v2\/pages\/34\/revisions\/5639"}],"up":[{"embeddable":true,"href":"https:\/\/dewabp.com\/tr\/wp-json\/wp\/v2\/pages\/61"}],"wp:attachment":[{"href":"https:\/\/dewabp.com\/tr\/wp-json\/wp\/v2\/media?parent=34"}],"curies":[{"name":"wp","href":"https:\/\/api.w.org\/{rel}","templated":true}]}}