{"id":32,"date":"2019-01-30T18:45:19","date_gmt":"2019-01-30T18:45:19","guid":{"rendered":"https:\/\/dewabp.com\/?page_id=32"},"modified":"2026-02-24T18:33:30","modified_gmt":"2026-02-24T18:33:30","slug":"kueltuer-egitim-ve-sanat","status":"publish","type":"page","link":"https:\/\/dewabp.com\/tr\/komisyonlar\/kueltuer-egitim-ve-sanat\/","title":{"rendered":"KES &#8211; K\u00fclt\u00fcr, E\u011fitim ve Sanat Komisiyonu"},"content":{"rendered":"\n<div class=\"wp-block-columns has-2-columns is-layout-flex wp-container-core-columns-is-layout-28f84493 wp-block-columns-is-layout-flex\">\n<div class=\"wp-block-column is-layout-flow wp-block-column-is-layout-flow\">\n<figure class=\"wp-block-image\"><img loading=\"lazy\" decoding=\"async\" width=\"683\" height=\"1024\" src=\"https:\/\/dewabp.com\/wp-content\/uploads\/2019\/01\/Do\u011fay\u0131-koruyal\u0131m.jpg-683x1024.png\" alt=\"\" class=\"wp-image-275\" srcset=\"https:\/\/dewabp.com\/wp-content\/uploads\/2019\/01\/Do\u011fay\u0131-koruyal\u0131m.jpg-683x1024.png 683w, https:\/\/dewabp.com\/wp-content\/uploads\/2019\/01\/Do\u011fay\u0131-koruyal\u0131m.jpg-200x300.png 200w, https:\/\/dewabp.com\/wp-content\/uploads\/2019\/01\/Do\u011fay\u0131-koruyal\u0131m.jpg-768x1152.png 768w\" sizes=\"auto, (max-width: 683px) 100vw, 683px\" \/><\/figure>\n\n\n\n<figure class=\"wp-block-image\"><img loading=\"lazy\" decoding=\"async\" width=\"538\" height=\"800\" src=\"https:\/\/dewabp.com\/wp-content\/uploads\/2019\/01\/Alisveris-torbalari-3.png\" alt=\"\" class=\"wp-image-255\" srcset=\"https:\/\/dewabp.com\/wp-content\/uploads\/2019\/01\/Alisveris-torbalari-3.png 538w, https:\/\/dewabp.com\/wp-content\/uploads\/2019\/01\/Alisveris-torbalari-3-202x300.png 202w\" sizes=\"auto, (max-width: 538px) 100vw, 538px\" \/><\/figure>\n\n\n\n<figure class=\"wp-block-image\"><img loading=\"lazy\" decoding=\"async\" width=\"538\" height=\"800\" src=\"https:\/\/dewabp.com\/wp-content\/uploads\/2019\/01\/Alisveris-torbalari.png\" alt=\"\" class=\"wp-image-256\" srcset=\"https:\/\/dewabp.com\/wp-content\/uploads\/2019\/01\/Alisveris-torbalari.png 538w, https:\/\/dewabp.com\/wp-content\/uploads\/2019\/01\/Alisveris-torbalari-202x300.png 202w\" sizes=\"auto, (max-width: 538px) 100vw, 538px\" \/><\/figure>\n<\/div>\n\n\n\n<div class=\"wp-block-column is-layout-flow wp-block-column-is-layout-flow\">\n<figure class=\"wp-block-image\"><img loading=\"lazy\" decoding=\"async\" width=\"683\" height=\"1024\" src=\"https:\/\/dewabp.com\/wp-content\/uploads\/2019\/01\/Dogayi-koruyalim_2-683x1024.png\" alt=\"\" class=\"wp-image-268\" srcset=\"https:\/\/dewabp.com\/wp-content\/uploads\/2019\/01\/Dogayi-koruyalim_2-683x1024.png 683w, https:\/\/dewabp.com\/wp-content\/uploads\/2019\/01\/Dogayi-koruyalim_2-200x300.png 200w, https:\/\/dewabp.com\/wp-content\/uploads\/2019\/01\/Dogayi-koruyalim_2-768x1152.png 768w\" sizes=\"auto, (max-width: 683px) 100vw, 683px\" \/><\/figure>\n\n\n\n<figure class=\"wp-block-image\"><img decoding=\"async\" src=\"https:\/\/dewabp.com\/wp-content\/uploads\/2019\/01\/Alisveris-torbalari-2.png\" alt=\"\" class=\"wp-image-254\"\/><\/figure>\n\n\n\n<div class=\"wp-block-image\"><figure class=\"aligncenter\"><img loading=\"lazy\" decoding=\"async\" width=\"800\" height=\"800\" src=\"https:\/\/dewabp.com\/wp-content\/uploads\/2019\/01\/Fincan-DO\u011eAYI-KORUMA-KUL\u00dcB\u00dc-1.png\" alt=\"\" class=\"wp-image-272\" srcset=\"https:\/\/dewabp.com\/wp-content\/uploads\/2019\/01\/Fincan-DO\u011eAYI-KORUMA-KUL\u00dcB\u00dc-1.png 800w, https:\/\/dewabp.com\/wp-content\/uploads\/2019\/01\/Fincan-DO\u011eAYI-KORUMA-KUL\u00dcB\u00dc-1-150x150.png 150w, https:\/\/dewabp.com\/wp-content\/uploads\/2019\/01\/Fincan-DO\u011eAYI-KORUMA-KUL\u00dcB\u00dc-1-300x300.png 300w, https:\/\/dewabp.com\/wp-content\/uploads\/2019\/01\/Fincan-DO\u011eAYI-KORUMA-KUL\u00dcB\u00dc-1-768x768.png 768w, https:\/\/dewabp.com\/wp-content\/uploads\/2019\/01\/Fincan-DO\u011eAYI-KORUMA-KUL\u00dcB\u00dc-1-100x100.png 100w\" sizes=\"auto, (max-width: 800px) 100vw, 800px\" \/><\/figure><\/div>\n<\/div>\n<\/div>\n\n\n\n<div class=\"wp-block-columns has-2-columns is-layout-flex wp-container-core-columns-is-layout-28f84493 wp-block-columns-is-layout-flex\">\n<div class=\"wp-block-column is-layout-flow wp-block-column-is-layout-flow\">\n<figure class=\"wp-block-image\"><img loading=\"lazy\" decoding=\"async\" width=\"800\" height=\"800\" src=\"https:\/\/dewabp.com\/wp-content\/uploads\/2019\/02\/Kap-KM.png\" alt=\"\" class=\"wp-image-858\" srcset=\"https:\/\/dewabp.com\/wp-content\/uploads\/2019\/02\/Kap-KM.png 800w, https:\/\/dewabp.com\/wp-content\/uploads\/2019\/02\/Kap-KM-150x150.png 150w, https:\/\/dewabp.com\/wp-content\/uploads\/2019\/02\/Kap-KM-300x300.png 300w, https:\/\/dewabp.com\/wp-content\/uploads\/2019\/02\/Kap-KM-768x768.png 768w, https:\/\/dewabp.com\/wp-content\/uploads\/2019\/02\/Kap-KM-100x100.png 100w\" sizes=\"auto, (max-width: 800px) 100vw, 800px\" \/><\/figure>\n<\/div>\n\n\n\n<div class=\"wp-block-column is-layout-flow wp-block-column-is-layout-flow\">\n<figure class=\"wp-block-image\"><img loading=\"lazy\" decoding=\"async\" width=\"800\" height=\"800\" src=\"https:\/\/dewabp.com\/wp-content\/uploads\/2019\/02\/Kap-Pir-Sultan.png\" alt=\"\" class=\"wp-image-860\" srcset=\"https:\/\/dewabp.com\/wp-content\/uploads\/2019\/02\/Kap-Pir-Sultan.png 800w, https:\/\/dewabp.com\/wp-content\/uploads\/2019\/02\/Kap-Pir-Sultan-150x150.png 150w, https:\/\/dewabp.com\/wp-content\/uploads\/2019\/02\/Kap-Pir-Sultan-300x300.png 300w, https:\/\/dewabp.com\/wp-content\/uploads\/2019\/02\/Kap-Pir-Sultan-768x768.png 768w, https:\/\/dewabp.com\/wp-content\/uploads\/2019\/02\/Kap-Pir-Sultan-100x100.png 100w\" sizes=\"auto, (max-width: 800px) 100vw, 800px\" \/><\/figure>\n<\/div>\n<\/div>\n","protected":false},"excerpt":{"rendered":"","protected":false},"author":3,"featured_media":0,"parent":61,"menu_order":0,"comment_status":"closed","ping_status":"closed","template":"","meta":{"site-sidebar-layout":"default","site-content-layout":null,"ast-site-content-layout":"default","site-content-style":"default","site-sidebar-style":"default","ast-global-header-display":"","ast-banner-title-visibility":"","ast-main-header-display":"","ast-hfb-above-header-display":null,"ast-hfb-below-header-display":null,"ast-hfb-mobile-header-display":null,"site-post-title":"","ast-breadcrumbs-content":null,"ast-featured-img":"","footer-sml-layout":"","ast-disable-related-posts":"","theme-transparent-header-meta":"","adv-header-id-meta":null,"stick-header-meta":null,"header-above-stick-meta":null,"header-main-stick-meta":null,"header-below-stick-meta":null,"astra-migrate-meta-layouts":"default","ast-page-background-enabled":"default","ast-page-background-meta":{"desktop":{"background-color":"","background-image":"","background-repeat":"repeat","background-position":"center center","background-size":"auto","background-attachment":"scroll","background-type":"","background-media":"","overlay-type":"","overlay-color":"","overlay-opacity":"","overlay-gradient":""},"tablet":{"background-color":"","background-image":"","background-repeat":"repeat","background-position":"center center","background-size":"auto","background-attachment":"scroll","background-type":"","background-media":"","overlay-type":"","overlay-color":"","overlay-opacity":"","overlay-gradient":""},"mobile":{"background-color":"","background-image":"","background-repeat":"repeat","background-position":"center center","background-size":"auto","background-attachment":"scroll","background-type":"","background-media":"","overlay-type":"","overlay-color":"","overlay-opacity":"","overlay-gradient":""}},"ast-content-background-meta":{"desktop":{"background-color":"var(--ast-global-color-5)","background-image":"","background-repeat":"repeat","background-position":"center center","background-size":"auto","background-attachment":"scroll","background-type":"","background-media":"","overlay-type":"","overlay-color":"","overlay-opacity":"","overlay-gradient":""},"tablet":{"background-color":"var(--ast-global-color-5)","background-image":"","background-repeat":"repeat","background-position":"center center","background-size":"auto","background-attachment":"scroll","background-type":"","background-media":"","overlay-type":"","overlay-color":"","overlay-opacity":"","overlay-gradient":""},"mobile":{"background-color":"var(--ast-global-color-5)","background-image":"","background-repeat":"repeat","background-position":"center center","background-size":"auto","background-attachment":"scroll","background-type":"","background-media":"","overlay-type":"","overlay-color":"","overlay-opacity":"","overlay-gradient":""}},"footnotes":""},"class_list":["post-32","page","type-page","status-publish","hentry"],"_links":{"self":[{"href":"https:\/\/dewabp.com\/tr\/wp-json\/wp\/v2\/pages\/32","targetHints":{"allow":["GET"]}}],"collection":[{"href":"https:\/\/dewabp.com\/tr\/wp-json\/wp\/v2\/pages"}],"about":[{"href":"https:\/\/dewabp.com\/tr\/wp-json\/wp\/v2\/types\/page"}],"author":[{"embeddable":true,"href":"https:\/\/dewabp.com\/tr\/wp-json\/wp\/v2\/users\/3"}],"replies":[{"embeddable":true,"href":"https:\/\/dewabp.com\/tr\/wp-json\/wp\/v2\/comments?post=32"}],"version-history":[{"count":12,"href":"https:\/\/dewabp.com\/tr\/wp-json\/wp\/v2\/pages\/32\/revisions"}],"predecessor-version":[{"id":3253,"href":"https:\/\/dewabp.com\/tr\/wp-json\/wp\/v2\/pages\/32\/revisions\/3253"}],"up":[{"embeddable":true,"href":"https:\/\/dewabp.com\/tr\/wp-json\/wp\/v2\/pages\/61"}],"wp:attachment":[{"href":"https:\/\/dewabp.com\/tr\/wp-json\/wp\/v2\/media?parent=32"}],"curies":[{"name":"wp","href":"https:\/\/api.w.org\/{rel}","templated":true}]}}