{"id":200,"date":"2019-01-31T19:22:53","date_gmt":"2019-01-31T19:22:53","guid":{"rendered":"https:\/\/dewabp.com\/?page_id=200"},"modified":"2026-02-24T18:33:30","modified_gmt":"2026-02-24T18:33:30","slug":"yas-ve-taziye-komisiyonu","status":"publish","type":"page","link":"https:\/\/dewabp.com\/tr\/komisyonlar\/yas-ve-taziye-komisiyonu\/","title":{"rendered":"Yas ve Taziye Komisiyonu"},"content":{"rendered":"\n<figure class=\"wp-block-image size-full is-resized is-style-default\"><img decoding=\"async\" src=\"https:\/\/dewabp.com\/wp-content\/uploads\/2019\/02\/hakka-y\u00fcr\u00fcyenler-2.png\" alt=\"\" class=\"wp-image-619\" width=\"1200\" srcset=\"https:\/\/dewabp.com\/wp-content\/uploads\/2019\/02\/hakka-y\u00fcr\u00fcyenler-2.png 660w, https:\/\/dewabp.com\/wp-content\/uploads\/2019\/02\/hakka-y\u00fcr\u00fcyenler-2-300x111.png 300w\" sizes=\"(max-width: 660px) 100vw, 660px\" \/><\/figure>\n\n\n\n<p>Hakka y\u00fcr\u00fcyen b\u00fct\u00fcn canlar\u0131m\u0131z\u0131 en derin duygular\u0131m\u0131zla an\u0131yoruz, topraklar\u0131 bol mekanlar\u0131 y\u0131ld\u0131zlar i\u00e7inde bizlere yol rehberi olsun.<\/p>\n\n\n\n<div class=\"wp-block-buttons is-layout-flex wp-block-buttons-is-layout-flex\">\n<div class=\"wp-block-button\"><a class=\"wp-block-button__link\" href=\"https:\/\/dewabp.com\/komisyonlar\/yas-ve-taziye-komisiyonu\/hakka-yuruyenler\/\">Hakka y\u00fcr\u00fcyen canlar\u0131m\u0131z\u2026<\/a><\/div>\n<\/div>\n\n\n\n<p><\/p>\n\n\n<style>.wp-block-kadence-advancedheading.kt-adv-heading_626ba1-fc, .wp-block-kadence-advancedheading.kt-adv-heading_626ba1-fc[data-kb-block=\"kb-adv-heading_626ba1-fc\"]{font-style:normal;}.wp-block-kadence-advancedheading.kt-adv-heading_626ba1-fc mark.kt-highlight, .wp-block-kadence-advancedheading.kt-adv-heading_626ba1-fc[data-kb-block=\"kb-adv-heading_626ba1-fc\"] mark.kt-highlight{font-style:normal;color:#f76a0c;-webkit-box-decoration-break:clone;box-decoration-break:clone;padding-top:0px;padding-right:0px;padding-bottom:0px;padding-left:0px;}.wp-block-kadence-advancedheading.kt-adv-heading_626ba1-fc img.kb-inline-image, .wp-block-kadence-advancedheading.kt-adv-heading_626ba1-fc[data-kb-block=\"kb-adv-heading_626ba1-fc\"] img.kb-inline-image{width:150px;vertical-align:baseline;}<\/style>\n<h2 id=\"kt-adv-heading_626ba1-fc\" class=\"kt-adv-heading_626ba1-fc wp-block-kadence-advancedheading\">B\u0130ZDEN \u00d6TEYE B\u0130Z<br>&#8220;B\u0130R NEFES HAYAT&#8221;<\/h2>\n\n\n\n<p>Bizim i\u00e7in k\u00f6y\u00fcm\u00fcz BULMU\u015e\/PALANGA sadece do\u011fdu\u011fumuz, b\u00fcy\u00fcd\u00fc\u011f\u00fcm\u00fcz, sokaklar\u0131nda oynad\u0131\u011f\u0131m\u0131z, okulunda e\u011fitim ald\u0131\u011f\u0131m\u0131z bir yer de\u011fildir.<br>Bizim i\u00e7in k\u00f6y\u00fcm\u00fcz; mutlulu\u011fu, sevinci, sevmeyi, ac\u0131y\u0131, h\u00fczn\u00fc, duyguyu, insanl\u0131\u011f\u0131, varl\u0131\u011f\u0131, yoklu\u011fu, her anlam\u0131yla hayat\u0131 \u00f6\u011frendi\u011fimiz; t\u00fcm bu y\u00f6nleriyle ge\u00e7mi\u015fimizden teslim ald\u0131klar\u0131m\u0131z\u0131 gelece\u011fe ta\u015f\u0131man\u0131n gereklili\u011fine inand\u0131\u011f\u0131m\u0131z bir mirast\u0131r.<br>Su gibi i\u00e7imize akan, g\u00fcne\u015f gibi i\u00e7imizi ayd\u0131nlatan, r\u00fczgar gibi bizi farkl\u0131 diyarlara ta\u015f\u0131yan do\u011fdu\u011fumuz topraklara, an\u0131lar\u0131m\u0131z\u0131n ge\u00e7ti\u011fi yerlere manen bor\u00e7luyuz. \u00c7\u00fcnk\u00fc bizi bu topraklar ve bu topraklar\u0131n de\u011ferleri \u015fekillendirdi.<br>\u0130nsan do\u011fdu\u011fu, b\u00fcy\u00fcd\u00fc\u011f\u00fc topra\u011f\u0131n kokusuyla, havas\u0131yla var oluyor. Aram\u0131zda ki ge\u00e7mi\u015f, asl\u0131nda bizi biz yapan de\u011ferlerdir. \u0130\u015fte bu de\u011ferleri bizden sonrakilere hat\u0131rlatmak, aktarmak, unutturmamam\u0131z gereken bir sorumluluktur.<br>K\u00f6y\u00fcm\u00fcz\u00fcn, ete\u011fine kuruldu\u011fu da\u011flar\u0131n bilgeli\u011fi ile ayd\u0131nlanan, d\u00fcnyaya geldiklerinde bu topraklar \u00fczerinde ya\u015fayan herkesle birlikte yo edici bir zorbal\u0131\u011f\u0131n pen\u00e7esindeydiler\u2026 Hem \u00e7e\u015fme, hem de k\u00f6yl\u00fc ya da kul oldular.<br>Bu co\u011frafyan\u0131n ge\u00e7mi\u015finde ki ana fikrin fetih oldu\u011funu inkar edemeyiz. Bu topraklarda g\u00fc\u00e7 sahibi olmak, zapt etmek anlam\u0131na geliyordu.<br>Yoklu\u011fun, yoksullu\u011fun, ilkelli\u011fin kol gezdi\u011fi co\u011frafyada &#8221; dertlerin, s\u0131k\u0131nt\u0131lar\u0131n birikti\u011fi t\u0131pk\u0131, k\u00fc\u00e7\u00fck derelerin \u00e7e\u015fitli kanallardan gelerek g\u00f6l olduklar\u0131 gibi. &#8220;<br>Arkalar\u0131nda envait\u00fcrl\u00fc \u00f6l\u00fcm \u00e7e\u015fitleri, \u00f6nlerinde azm etmi\u015f bir ayr\u0131mc\u0131l\u0131k.. Haydi se\u00e7 bakal\u0131m!..<br>Onlar se\u00e7imlerini yapt\u0131lar!\u2026 &#8221; Bir Nefes Hayat &#8221; pahas\u0131na bu g\u00fczel k\u00f6y\u00fc bizlere emanet ederek ebediyete intikal eden b\u00fcy\u00fcklerimizi, atalar\u0131m\u0131z\u0131, bu cennetin g\u00f6n\u00fcll\u00fc n\u00f6bet\u00e7ilerinin aziz hat\u0131ralar\u0131 \u00f6n\u00fcnde sayg\u0131yla e\u011filiyoruz\u2026<br>Bu g\u00fczel her insan\u0131n, kendine ait bir \u00f6zelli\u011fi vard\u0131. Hepsi ayn\u0131 tarlan\u0131n hasat\u0131yd\u0131lar. Hayat merdivenlerini ko\u015farak \u00e7\u0131kt\u0131lar. Birer birer g\u00f6\u00e7en bu \u00e7\u0131narlar\u0131n g\u00f6lgesinde neler anlam bulmu\u015ftu neler!.. T\u0131pk\u0131 karanl\u0131kta ki fener gibi; yolumuzu ayd\u0131nlatt\u0131lar.<\/p>\n\n\n\n<p>Tek bir nefes kald\u0131 bu dingin havadan i\u00e7ime \u00e7ekece\u011fim; son bir kez daha bakaca\u011f\u0131m arkama\u2026<br>Bir giysi de\u011fil ki par\u00e7alayarak \u00fcst\u00fcmden \u00e7\u0131karay\u0131m. Arkama d\u00f6n\u00fcp bakmaks\u0131z\u0131n b\u0131rakaca\u011f\u0131m bir d\u00fc\u015f\u00fcnce de\u011fil!.. Ge\u00e7mi\u015fimizle ba\u011f\u0131m\u0131z\u2026(H. Cibran)<\/p>\n\n\n\n<p><strong><em>Haz\u0131rlazan ve Payla\u015fan: \u0130smail Ta\u015f<\/em><\/strong><\/p>\n","protected":false},"excerpt":{"rendered":"<p>Hakka y\u00fcr\u00fcyen b\u00fct\u00fcn canlar\u0131m\u0131z\u0131 en derin duygular\u0131m\u0131zla an\u0131yoruz, topraklar\u0131 bol mekanlar\u0131 y\u0131ld\u0131zlar i\u00e7inde bizlere yol rehberi olsun. B\u0130ZDEN \u00d6TEYE B\u0130Z&#8220;B\u0130R NEFES HAYAT&#8221; Bizim i\u00e7in k\u00f6y\u00fcm\u00fcz BULMU\u015e\/PALANGA sadece do\u011fdu\u011fumuz, b\u00fcy\u00fcd\u00fc\u011f\u00fcm\u00fcz, sokaklar\u0131nda [&hellip;]<\/p>\n","protected":false},"author":3,"featured_media":0,"parent":61,"menu_order":0,"comment_status":"closed","ping_status":"closed","template":"","meta":{"site-sidebar-layout":"default","site-content-layout":null,"ast-site-content-layout":"default","site-content-style":"default","site-sidebar-style":"default","ast-global-header-display":"","ast-banner-title-visibility":"","ast-main-header-display":"","ast-hfb-above-header-display":null,"ast-hfb-below-header-display":null,"ast-hfb-mobile-header-display":null,"site-post-title":"","ast-breadcrumbs-content":null,"ast-featured-img":"","footer-sml-layout":"","ast-disable-related-posts":"","theme-transparent-header-meta":"default","adv-header-id-meta":null,"stick-header-meta":null,"header-above-stick-meta":null,"header-main-stick-meta":null,"header-below-stick-meta":null,"astra-migrate-meta-layouts":"default","ast-page-background-enabled":"default","ast-page-background-meta":{"desktop":{"background-color":"","background-image":"","background-repeat":"repeat","background-position":"center center","background-size":"auto","background-attachment":"scroll","background-type":"","background-media":"","overlay-type":"","overlay-color":"","overlay-opacity":"","overlay-gradient":""},"tablet":{"background-color":"","background-image":"","background-repeat":"repeat","background-position":"center center","background-size":"auto","background-attachment":"scroll","background-type":"","background-media":"","overlay-type":"","overlay-color":"","overlay-opacity":"","overlay-gradient":""},"mobile":{"background-color":"","background-image":"","background-repeat":"repeat","background-position":"center center","background-size":"auto","background-attachment":"scroll","background-type":"","background-media":"","overlay-type":"","overlay-color":"","overlay-opacity":"","overlay-gradient":""}},"ast-content-background-meta":{"desktop":{"background-color":"var(--ast-global-color-5)","background-image":"","background-repeat":"repeat","background-position":"center center","background-size":"auto","background-attachment":"scroll","background-type":"","background-media":"","overlay-type":"","overlay-color":"","overlay-opacity":"","overlay-gradient":""},"tablet":{"background-color":"var(--ast-global-color-5)","background-image":"","background-repeat":"repeat","background-position":"center center","background-size":"auto","background-attachment":"scroll","background-type":"","background-media":"","overlay-type":"","overlay-color":"","overlay-opacity":"","overlay-gradient":""},"mobile":{"background-color":"var(--ast-global-color-5)","background-image":"","background-repeat":"repeat","background-position":"center center","background-size":"auto","background-attachment":"scroll","background-type":"","background-media":"","overlay-type":"","overlay-color":"","overlay-opacity":"","overlay-gradient":""}},"footnotes":""},"class_list":["post-200","page","type-page","status-publish","hentry"],"_links":{"self":[{"href":"https:\/\/dewabp.com\/tr\/wp-json\/wp\/v2\/pages\/200","targetHints":{"allow":["GET"]}}],"collection":[{"href":"https:\/\/dewabp.com\/tr\/wp-json\/wp\/v2\/pages"}],"about":[{"href":"https:\/\/dewabp.com\/tr\/wp-json\/wp\/v2\/types\/page"}],"author":[{"embeddable":true,"href":"https:\/\/dewabp.com\/tr\/wp-json\/wp\/v2\/users\/3"}],"replies":[{"embeddable":true,"href":"https:\/\/dewabp.com\/tr\/wp-json\/wp\/v2\/comments?post=200"}],"version-history":[{"count":19,"href":"https:\/\/dewabp.com\/tr\/wp-json\/wp\/v2\/pages\/200\/revisions"}],"predecessor-version":[{"id":3338,"href":"https:\/\/dewabp.com\/tr\/wp-json\/wp\/v2\/pages\/200\/revisions\/3338"}],"up":[{"embeddable":true,"href":"https:\/\/dewabp.com\/tr\/wp-json\/wp\/v2\/pages\/61"}],"wp:attachment":[{"href":"https:\/\/dewabp.com\/tr\/wp-json\/wp\/v2\/media?parent=200"}],"curies":[{"name":"wp","href":"https:\/\/api.w.org\/{rel}","templated":true}]}}