{"id":176,"date":"2019-01-31T18:17:46","date_gmt":"2019-01-31T18:17:46","guid":{"rendered":"https:\/\/dewabp.com\/?page_id=176"},"modified":"2026-03-27T10:39:29","modified_gmt":"2026-03-27T10:39:29","slug":"kunye","status":"publish","type":"page","link":"https:\/\/dewabp.com\/tr\/kunye\/","title":{"rendered":"K\u00fcnye"},"content":{"rendered":"<style>.kb-image176_146169-b1 .kb-image-has-overlay:after{opacity:0.3;}.kb-image176_146169-b1 img.kb-img, .kb-image176_146169-b1 .kb-img img{box-shadow:0px 0px 60px 5px rgba(0, 0, 0, 0.2);filter:drop-shadow(0px 0px 14px rgba(0, 0, 0, 0.2));}<\/style>\n<figure class=\"wp-block-kadence-image kb-image176_146169-b1 size-large\"><img loading=\"lazy\" decoding=\"async\" width=\"1200\" height=\"400\" src=\"https:\/\/dewabp.com\/wp-content\/uploads\/2026\/03\/Piknik-2025-Pankarti-1200x400.jpg\" alt=\"\" class=\"kb-img wp-image-5957\" srcset=\"https:\/\/dewabp.com\/wp-content\/uploads\/2026\/03\/Piknik-2025-Pankarti-1200x400.jpg 1200w, https:\/\/dewabp.com\/wp-content\/uploads\/2026\/03\/Piknik-2025-Pankarti-300x100.jpg 300w, https:\/\/dewabp.com\/wp-content\/uploads\/2026\/03\/Piknik-2025-Pankarti-768x256.jpg 768w, https:\/\/dewabp.com\/wp-content\/uploads\/2026\/03\/Piknik-2025-Pankarti-1536x512.jpg 1536w, https:\/\/dewabp.com\/wp-content\/uploads\/2026\/03\/Piknik-2025-Pankarti-18x6.jpg 18w, https:\/\/dewabp.com\/wp-content\/uploads\/2026\/03\/Piknik-2025-Pankarti.jpg 1998w\" sizes=\"auto, (max-width: 1200px) 100vw, 1200px\" \/><\/figure>\n\n\n<style>.kb-row-layout-id176_f5166b-c1 > .kt-row-column-wrap{align-content:start;}:where(.kb-row-layout-id176_f5166b-c1 > .kt-row-column-wrap) > .wp-block-kadence-column{justify-content:start;}.kb-row-layout-id176_f5166b-c1 > .kt-row-column-wrap{column-gap:var(--global-kb-gap-md, 2rem);row-gap:var(--global-kb-gap-md, 2rem);max-width:var(--wp--style--global--content-size);padding-top:var(--global-kb-spacing-xl, 4rem);padding-bottom:var(--global-kb-spacing-xl, 4rem);grid-template-columns:minmax(0, 1fr);}.kb-row-layout-id176_f5166b-c1{background-color:var(--global-palette9, #ffffff);}.kb-row-layout-id176_f5166b-c1 > .kt-row-layout-overlay{opacity:0.30;}.kb-row-layout-id176_f5166b-c1{z-index:12;position:relative;}@media all and (max-width: 1024px){.kb-row-layout-id176_f5166b-c1 > .kt-row-column-wrap{grid-template-columns:minmax(0, 1fr);}}@media all and (max-width: 767px){.kb-row-layout-id176_f5166b-c1 > .kt-row-column-wrap{grid-template-columns:minmax(0, 1fr);}}<\/style><div class=\"kb-row-layout-wrap kb-row-layout-id176_f5166b-c1 alignfull has-theme-palette9-background-color kt-row-has-bg wp-block-kadence-rowlayout\"><div class=\"kt-row-column-wrap kt-has-1-columns kt-row-layout-equal kt-tab-layout-inherit kt-mobile-layout-row kt-row-valign-top kb-theme-content-width\">\n<style>.kadence-column176_47730b-cf > .kt-inside-inner-col,.kadence-column176_47730b-cf > .kt-inside-inner-col:before{border-top-left-radius:0px;border-top-right-radius:0px;border-bottom-right-radius:0px;border-bottom-left-radius:0px;}.kadence-column176_47730b-cf > .kt-inside-inner-col{column-gap:var(--global-kb-gap-sm, 1rem);}.kadence-column176_47730b-cf > .kt-inside-inner-col{flex-direction:column;}.kadence-column176_47730b-cf > .kt-inside-inner-col > .aligncenter{width:100%;}.kadence-column176_47730b-cf > .kt-inside-inner-col:before{opacity:0.3;}.kadence-column176_47730b-cf{position:relative;}.kadence-column176_47730b-cf, .kt-inside-inner-col > .kadence-column176_47730b-cf:not(.specificity){margin-top:0px;margin-right:0px;margin-bottom:0px;margin-left:0px;}@media all and (max-width: 1024px){.kadence-column176_47730b-cf > .kt-inside-inner-col,.kadence-column176_47730b-cf > .kt-inside-inner-col:before{border-top-left-radius:25px;border-top-right-radius:25px;border-bottom-right-radius:25px;border-bottom-left-radius:25px;}}@media all and (max-width: 1024px){.kadence-column176_47730b-cf > .kt-inside-inner-col{flex-direction:column;justify-content:center;}}@media all and (max-width: 1024px){.kadence-column176_47730b-cf, .kt-inside-inner-col > .kadence-column176_47730b-cf:not(.specificity){margin-bottom:0px;}}@media all and (max-width: 767px){.kadence-column176_47730b-cf > .kt-inside-inner-col{padding-top:0px;padding-right:0px;padding-bottom:0px;padding-left:0px;flex-direction:column;justify-content:center;}}<\/style>\n<div class=\"wp-block-kadence-column kadence-column176_47730b-cf\"><div class=\"kt-inside-inner-col\"><style>.kb-row-layout-id176_917b22-5c > .kt-row-column-wrap{align-content:center;}:where(.kb-row-layout-id176_917b22-5c > .kt-row-column-wrap) > .wp-block-kadence-column{justify-content:center;}.kb-row-layout-id176_917b22-5c > .kt-row-column-wrap{column-gap:var(--global-kb-gap-lg, 4rem);row-gap:var(--global-kb-gap-md, 2rem);padding-top:var(--global-kb-spacing-xs, 1rem);padding-bottom:var(--global-kb-spacing-lg, 3rem);grid-template-columns:minmax(0, calc(40% - ((var(--global-kb-gap-lg, 4rem) * 2 )\/3)))minmax(0, calc(30% - ((var(--global-kb-gap-lg, 4rem) * 2 )\/3)))minmax(0, calc(30% - ((var(--global-kb-gap-lg, 4rem) * 2 )\/3)));}.kb-row-layout-id176_917b22-5c > .kt-row-layout-overlay{opacity:0.30;}.kb-row-layout-id176_917b22-5c{z-index:10;position:relative;}@media all and (max-width: 1024px){.kb-row-layout-id176_917b22-5c > .kt-row-column-wrap > *:nth-child(3n+1 of *:not(style)){grid-column:1 \/ -1;}}@media all and (max-width: 1024px){.kb-row-layout-id176_917b22-5c > .kt-row-column-wrap{grid-template-columns:repeat(2, minmax(0, 1fr));}}@media all and (max-width: 1024px){.kb-row-layout-id176_917b22-5c{border-top-left-radius:20px;border-top-right-radius:20px;border-bottom-right-radius:20px;border-bottom-left-radius:20px;}}@media all and (max-width: 767px){.kb-row-layout-id176_917b22-5c > .kt-row-column-wrap{padding-top:var(--global-kb-spacing-xxs, 0.5rem);padding-right:0px;padding-bottom:var(--global-kb-spacing-md, 2rem);padding-left:0px;grid-template-columns:minmax(0, 1fr);}.kb-row-layout-id176_917b22-5c > .kt-row-column-wrap > div:not(.added-for-specificity){grid-column:initial;}.kb-row-layout-id176_917b22-5c{border-top-left-radius:0px;border-top-right-radius:0px;border-bottom-right-radius:0px;border-bottom-left-radius:0px;}.kb-row-layout-wrap.wp-block-kadence-rowlayout.kb-row-layout-id176_917b22-5c{background:rgba(0,0,0,0);}}<\/style><div class=\"kb-row-layout-wrap kb-row-layout-id176_917b22-5c alignnone shadow wp-block-kadence-rowlayout\"><div class=\"kt-row-column-wrap kt-has-3-columns kt-row-layout-left-half kt-tab-layout-first-row kt-mobile-layout-row kt-row-valign-middle\">\n<style>.kadence-column176_11f687-3d > .kt-inside-inner-col,.kadence-column176_11f687-3d > .kt-inside-inner-col:before{border-top-left-radius:0px;border-top-right-radius:0px;border-bottom-right-radius:0px;border-bottom-left-radius:0px;}.kadence-column176_11f687-3d > .kt-inside-inner-col{column-gap:var(--global-kb-gap-sm, 1rem);}.kadence-column176_11f687-3d > .kt-inside-inner-col{flex-direction:column;}.kadence-column176_11f687-3d > .kt-inside-inner-col > .aligncenter{width:100%;}.kadence-column176_11f687-3d > .kt-inside-inner-col:before{opacity:0.3;}.kadence-column176_11f687-3d{position:relative;}@media all and (max-width: 1024px){.kadence-column176_11f687-3d > .kt-inside-inner-col{flex-direction:column;justify-content:center;}}@media all and (max-width: 767px){.kadence-column176_11f687-3d > .kt-inside-inner-col{flex-direction:column;justify-content:center;}}<\/style>\n<div class=\"wp-block-kadence-column kadence-column176_11f687-3d inner-column-2\"><div class=\"kt-inside-inner-col\"><style>.wp-block-kadence-column.kb-section-dir-horizontal > .kt-inside-inner-col > .kt-info-box176_664c63-97 .kt-blocks-info-box-link-wrap{max-width:unset;}.kt-info-box176_664c63-97 .kt-blocks-info-box-link-wrap{border-top-left-radius:0px;border-top-right-radius:0px;border-bottom-right-radius:0px;border-bottom-left-radius:0px;background:rgba(255, 255, 255, 0);padding-top:0px;padding-right:0px;padding-bottom:0px;padding-left:0px;margin-top:0px;margin-right:0px;margin-bottom:0px;margin-left:0px;}.kt-info-box176_664c63-97 .kt-blocks-info-box-link-wrap:hover{background:rgba(255, 255, 255, 0);}.kt-info-box176_664c63-97 .kadence-info-box-icon-container .kt-info-svg-icon, .kt-info-box176_664c63-97 .kt-info-svg-icon-flip, .kt-info-box176_664c63-97 .kt-blocks-info-box-number{font-size:20px;}.kt-info-box176_664c63-97 .kt-blocks-info-box-media{color:var(--global-palette1, #3182CE);background:var(--global-palette7, #EDF2F7);border-color:#eeeeee;border-radius:200px;overflow:hidden;border-top-width:0px;border-right-width:0px;border-bottom-width:0px;border-left-width:0px;padding-top:15px;padding-right:15px;padding-bottom:15px;padding-left:15px;margin-top:0px;margin-right:16px;margin-bottom:0px;margin-left:0px;}.kt-info-box176_664c63-97 .kt-blocks-info-box-media .kadence-info-box-image-intrisic img{border-radius:200px;}.kt-info-box176_664c63-97 .kt-blocks-info-box-link-wrap:hover .kt-blocks-info-box-media{color:var(--global-palette1, #3182CE);background:var(--global-palette7, #EDF2F7);border-color:#eeeeee;}.kt-info-box176_664c63-97 .kt-infobox-textcontent h6.kt-blocks-info-box-title{color:var(--global-palette3, #1A202C);font-size:20px;line-height:1.3;font-weight:700;padding-top:0px;padding-right:0px;padding-bottom:0px;padding-left:0px;margin-top:5px;margin-right:0px;margin-bottom:10px;margin-left:0px;}.kt-info-box176_664c63-97 .kt-infobox-textcontent .kt-blocks-info-box-text{color:var(--global-palette4, #2D3748);}.kt-info-box176_664c63-97 .kt-blocks-info-box-learnmore{background:transparent;border-color:#555555;border-width:0px 0px 0px 0px;padding-top:4px;padding-right:8px;padding-bottom:4px;padding-left:8px;margin-top:10px;margin-right:0px;margin-bottom:10px;margin-left:0px;}.kt-info-box176_664c63-97 .kt-blocks-info-box-link-wrap:hover .kt-blocks-info-box-learnmore,.kt-info-box176_664c63-97 .kt-blocks-info-box-link-wrap .kt-blocks-info-box-learnmore:focus{color:#ffffff;background:#444444;border-color:#444444;}<\/style>\n<div class=\"wp-block-kadence-infobox kt-info-box176_664c63-97\"><div class=\"kt-blocks-info-box-link-wrap kt-blocks-info-box-media-align-left kt-info-halign-left\"><div class=\"kt-blocks-info-box-media-container\"><div class=\"kt-blocks-info-box-media kt-info-media-animate-none\"><div class=\"kadence-info-box-icon-container kt-info-icon-animate-none\"><div class=\"kadence-info-box-icon-inner-container\"><span class=\"kb-svg-icon-wrap kb-svg-icon-fe_map kt-info-svg-icon\"><svg viewBox=\"0 0 24 24\"  fill=\"none\" stroke=\"currentColor\" stroke-width=\"2\" stroke-linecap=\"round\" stroke-linejoin=\"round\" xmlns=\"http:\/\/www.w3.org\/2000\/svg\"  aria-hidden=\"true\"><polygon points=\"1 6 1 22 8 18 16 22 23 18 23 2 16 6 8 2 1 6\"\/><line x1=\"8\" y1=\"2\" x2=\"8\" y2=\"18\"\/><line x1=\"16\" y1=\"6\" x2=\"16\" y2=\"22\"\/><\/svg><\/span><\/div><\/div><\/div><\/div><div class=\"kt-infobox-textcontent\"><h6 class=\"kt-blocks-info-box-title\">Addres<\/h6><p class=\"kt-blocks-info-box-text\"><a href=\"https:\/\/www.facebook.com\/profile.php?id=61573745202068\" target=\"_blank\" rel=\"noreferrer noopener\">Erzincan ili Tercan \u0130l\u00e7esi Bulmu\u015f &amp; Palanga K\u00f6y\u00fc, T\u00fcrkiye<\/a><\/p><\/div><\/div><\/div>\n<\/div><\/div>\n\n\n<style>.kadence-column176_8b40a4-13 > .kt-inside-inner-col,.kadence-column176_8b40a4-13 > .kt-inside-inner-col:before{border-top-left-radius:0px;border-top-right-radius:0px;border-bottom-right-radius:0px;border-bottom-left-radius:0px;}.kadence-column176_8b40a4-13 > .kt-inside-inner-col{column-gap:var(--global-kb-gap-sm, 1rem);}.kadence-column176_8b40a4-13 > .kt-inside-inner-col{flex-direction:column;}.kadence-column176_8b40a4-13 > .kt-inside-inner-col > .aligncenter{width:100%;}.kadence-column176_8b40a4-13 > .kt-inside-inner-col:before{opacity:0.3;}.kadence-column176_8b40a4-13{position:relative;}@media all and (max-width: 1024px){.kadence-column176_8b40a4-13 > .kt-inside-inner-col{flex-direction:column;justify-content:center;}}@media all and (max-width: 767px){.kadence-column176_8b40a4-13 > .kt-inside-inner-col{flex-direction:column;justify-content:center;}}<\/style>\n<div class=\"wp-block-kadence-column kadence-column176_8b40a4-13 inner-column-1\"><div class=\"kt-inside-inner-col\"><style>.wp-block-kadence-column.kb-section-dir-horizontal > .kt-inside-inner-col > .kt-info-box176_90aa13-cb .kt-blocks-info-box-link-wrap{max-width:unset;}.kt-info-box176_90aa13-cb .kt-blocks-info-box-link-wrap{border-top-left-radius:0px;border-top-right-radius:0px;border-bottom-right-radius:0px;border-bottom-left-radius:0px;background:rgba(255, 255, 255, 0);padding-top:0px;padding-right:0px;padding-bottom:0px;padding-left:0px;margin-top:0px;margin-right:0px;margin-bottom:0px;margin-left:0px;}.kt-info-box176_90aa13-cb .kt-blocks-info-box-link-wrap:hover{background:rgba(255, 255, 255, 0);}.kt-info-box176_90aa13-cb .kadence-info-box-icon-container .kt-info-svg-icon, .kt-info-box176_90aa13-cb .kt-info-svg-icon-flip, .kt-info-box176_90aa13-cb .kt-blocks-info-box-number{font-size:20px;}.kt-info-box176_90aa13-cb .kt-blocks-info-box-media{color:var(--global-palette1, #3182CE);background:var(--global-palette7, #EDF2F7);border-color:#eeeeee;border-radius:200px;overflow:hidden;border-top-width:0px;border-right-width:0px;border-bottom-width:0px;border-left-width:0px;padding-top:15px;padding-right:15px;padding-bottom:15px;padding-left:15px;margin-top:0px;margin-right:16px;margin-bottom:0px;margin-left:0px;}.kt-info-box176_90aa13-cb .kt-blocks-info-box-media .kadence-info-box-image-intrisic img{border-radius:200px;}.kt-info-box176_90aa13-cb .kt-blocks-info-box-link-wrap:hover .kt-blocks-info-box-media{color:var(--global-palette1, #3182CE);background:var(--global-palette7, #EDF2F7);border-color:#eeeeee;}.kt-info-box176_90aa13-cb .kt-infobox-textcontent h6.kt-blocks-info-box-title{color:var(--global-palette3, #1A202C);font-size:20px;line-height:1.3;font-weight:700;padding-top:0px;padding-right:0px;padding-bottom:0px;padding-left:0px;margin-top:5px;margin-right:0px;margin-bottom:10px;margin-left:0px;}.kt-info-box176_90aa13-cb .kt-infobox-textcontent .kt-blocks-info-box-text{color:var(--global-palette4, #2D3748);}.kt-info-box176_90aa13-cb .kt-blocks-info-box-learnmore{background:transparent;border-color:#555555;border-width:0px 0px 0px 0px;padding-top:4px;padding-right:8px;padding-bottom:4px;padding-left:8px;margin-top:10px;margin-right:0px;margin-bottom:10px;margin-left:0px;}.kt-info-box176_90aa13-cb .kt-blocks-info-box-link-wrap:hover .kt-blocks-info-box-learnmore,.kt-info-box176_90aa13-cb .kt-blocks-info-box-link-wrap .kt-blocks-info-box-learnmore:focus{color:#ffffff;background:#444444;border-color:#444444;}<\/style>\n<div class=\"wp-block-kadence-infobox kt-info-box176_90aa13-cb\"><div class=\"kt-blocks-info-box-link-wrap kt-blocks-info-box-media-align-left kt-info-halign-left\"><div class=\"kt-blocks-info-box-media-container\"><div class=\"kt-blocks-info-box-media kt-info-media-animate-none\"><div class=\"kadence-info-box-icon-container kt-info-icon-animate-none\"><div class=\"kadence-info-box-icon-inner-container\"><span class=\"kb-svg-icon-wrap kb-svg-icon-fe_mail kt-info-svg-icon\"><svg viewBox=\"0 0 24 24\"  fill=\"none\" stroke=\"currentColor\" stroke-width=\"2\" stroke-linecap=\"round\" stroke-linejoin=\"round\" xmlns=\"http:\/\/www.w3.org\/2000\/svg\"  aria-hidden=\"true\"><path d=\"M4 4h16c1.1 0 2 .9 2 2v12c0 1.1-.9 2-2 2H4c-1.1 0-2-.9-2-2V6c0-1.1.9-2 2-2z\"\/><polyline points=\"22,6 12,13 2,6\"\/><\/svg><\/span><\/div><\/div><\/div><\/div><div class=\"kt-infobox-textcontent\"><h6 class=\"kt-blocks-info-box-title\">Email<\/h6><p class=\"kt-blocks-info-box-text\">bp@dewabp.com<\/p><\/div><\/div><\/div>\n<\/div><\/div>\n\n\n<style>.kadence-column176_49f18e-67 > .kt-inside-inner-col,.kadence-column176_49f18e-67 > .kt-inside-inner-col:before{border-top-left-radius:0px;border-top-right-radius:0px;border-bottom-right-radius:0px;border-bottom-left-radius:0px;}.kadence-column176_49f18e-67 > .kt-inside-inner-col{column-gap:var(--global-kb-gap-sm, 1rem);}.kadence-column176_49f18e-67 > .kt-inside-inner-col{flex-direction:column;}.kadence-column176_49f18e-67 > .kt-inside-inner-col > .aligncenter{width:100%;}.kadence-column176_49f18e-67 > .kt-inside-inner-col:before{opacity:0.3;}.kadence-column176_49f18e-67{position:relative;}@media all and (max-width: 1024px){.kadence-column176_49f18e-67 > .kt-inside-inner-col{flex-direction:column;justify-content:center;}}@media all and (max-width: 767px){.kadence-column176_49f18e-67 > .kt-inside-inner-col{flex-direction:column;justify-content:center;}}<\/style>\n<div class=\"wp-block-kadence-column kadence-column176_49f18e-67 inner-column-3\"><div class=\"kt-inside-inner-col\"><\/div><\/div>\n\n<\/div><\/div>\n\n<style>.kb-google-maps-container176_b00bcc-55{height:450px;}<\/style><div class=\"kb-google-maps-container kb-google-maps-container176_b00bcc-55  wp-block-kadence-googlemaps\" data-mapid=\"176_b00bcc55\"><iframe width=\"100%\" height=\"100%\"\n\t\t\t\t\t\t\tstyle=\"border:0\" loading=\"lazy\"\n\t\t\t\t\t\t\tsrc=\"https:\/\/www.google.com\/maps\/embed\/v1\/place?key=AIzaSyBAM2o7PiQqwk15LC1XRH2e_KJ-jUa7KYk&#038;zoom=11&#038;maptype=roadmap&#038;q=Bulmu%C5%9F+\"\n\t\t\t\t\t\t\ttitle=\"Google map of Bulmu\u015f \"><\/iframe><\/div><script>function kb_google_map176_b00bcc55() { let center = { lat: 37.8201, lng: -122.4781}; let map = new google.maps.Map(document.getElementById(\"kb-google-map176_b00bcc55\"), {\n\t\t\t\t\t    zoom: 11,\n\t\t\t\t\t    center: center,});let marker = new google.maps.Marker({   position: { lat: 37.8201, lng: -122.4781},    map: map,  });}<\/script><\/div><\/div>\n\n<\/div><\/div>\n\n\n<p class=\"has-very-light-gray-background-color has-background\"><em>Bulmu\u015f &amp; Palanga K\u00f6y\u00fc (haritada ve resmi olarak Bulmu\u015f olarak ge\u00e7er kay\u0131tlarda)<\/em><\/p>\n\n\n<style>.kb-row-layout-id176_9ca9a2-7d > .kt-row-column-wrap{align-content:start;}:where(.kb-row-layout-id176_9ca9a2-7d > .kt-row-column-wrap) > .wp-block-kadence-column{justify-content:start;}.kb-row-layout-id176_9ca9a2-7d > .kt-row-column-wrap{column-gap:var(--global-kb-gap-md, 2rem);row-gap:var(--global-kb-gap-md, 2rem);padding-top:var(--global-kb-spacing-sm, 1.5rem);padding-bottom:var(--global-kb-spacing-sm, 1.5rem);grid-template-columns:repeat(2, minmax(0, 1fr));}.kb-row-layout-id176_9ca9a2-7d > .kt-row-layout-overlay{opacity:0.30;}@media all and (max-width: 1024px){.kb-row-layout-id176_9ca9a2-7d > .kt-row-column-wrap{grid-template-columns:repeat(2, minmax(0, 1fr));}}@media all and (max-width: 767px){.kb-row-layout-id176_9ca9a2-7d > .kt-row-column-wrap{grid-template-columns:minmax(0, 1fr);}}<\/style><div class=\"kb-row-layout-wrap kb-row-layout-id176_9ca9a2-7d alignnone wp-block-kadence-rowlayout\"><div class=\"kt-row-column-wrap kt-has-2-columns kt-row-layout-equal kt-tab-layout-inherit kt-mobile-layout-row kt-row-valign-top\">\n<style>.kadence-column176_a81b8a-9a > .kt-inside-inner-col,.kadence-column176_a81b8a-9a > .kt-inside-inner-col:before{border-top-left-radius:0px;border-top-right-radius:0px;border-bottom-right-radius:0px;border-bottom-left-radius:0px;}.kadence-column176_a81b8a-9a > .kt-inside-inner-col{column-gap:var(--global-kb-gap-sm, 1rem);}.kadence-column176_a81b8a-9a > .kt-inside-inner-col{flex-direction:column;}.kadence-column176_a81b8a-9a > .kt-inside-inner-col > .aligncenter{width:100%;}.kadence-column176_a81b8a-9a > .kt-inside-inner-col:before{opacity:0.3;}.kadence-column176_a81b8a-9a{position:relative;}@media all and (max-width: 1024px){.kadence-column176_a81b8a-9a > .kt-inside-inner-col{flex-direction:column;justify-content:center;}}@media all and (max-width: 767px){.kadence-column176_a81b8a-9a > .kt-inside-inner-col{flex-direction:column;justify-content:center;}}<\/style>\n<div class=\"wp-block-kadence-column kadence-column176_a81b8a-9a inner-column-1\"><div class=\"kt-inside-inner-col\">\n<figure class=\"wp-block-image size-large is-style-rounded\"><img loading=\"lazy\" decoding=\"async\" width=\"1024\" height=\"614\" src=\"https:\/\/dewabp.com\/wp-content\/uploads\/2019\/01\/cropped-WhatsApp-Image-2019-01-19-at-05.46.25-1024x614.jpeg\" alt=\"\" class=\"wp-image-1432\" srcset=\"https:\/\/dewabp.com\/wp-content\/uploads\/2019\/01\/cropped-WhatsApp-Image-2019-01-19-at-05.46.25-1024x614.jpeg 1024w, https:\/\/dewabp.com\/wp-content\/uploads\/2019\/01\/cropped-WhatsApp-Image-2019-01-19-at-05.46.25-300x180.jpeg 300w, https:\/\/dewabp.com\/wp-content\/uploads\/2019\/01\/cropped-WhatsApp-Image-2019-01-19-at-05.46.25-768x461.jpeg 768w, https:\/\/dewabp.com\/wp-content\/uploads\/2019\/01\/cropped-WhatsApp-Image-2019-01-19-at-05.46.25.jpeg 2000w\" sizes=\"auto, (max-width: 1024px) 100vw, 1024px\" \/><\/figure>\n<\/div><\/div>\n\n\n<style>.kadence-column176_14fe9d-f3 > .kt-inside-inner-col,.kadence-column176_14fe9d-f3 > .kt-inside-inner-col:before{border-top-left-radius:0px;border-top-right-radius:0px;border-bottom-right-radius:0px;border-bottom-left-radius:0px;}.kadence-column176_14fe9d-f3 > .kt-inside-inner-col{column-gap:var(--global-kb-gap-sm, 1rem);}.kadence-column176_14fe9d-f3 > .kt-inside-inner-col{flex-direction:column;}.kadence-column176_14fe9d-f3 > .kt-inside-inner-col > .aligncenter{width:100%;}.kadence-column176_14fe9d-f3 > .kt-inside-inner-col:before{opacity:0.3;}.kadence-column176_14fe9d-f3{position:relative;}@media all and (max-width: 1024px){.kadence-column176_14fe9d-f3 > .kt-inside-inner-col{flex-direction:column;justify-content:center;}}@media all and (max-width: 767px){.kadence-column176_14fe9d-f3 > .kt-inside-inner-col{flex-direction:column;justify-content:center;}}<\/style>\n<div class=\"wp-block-kadence-column kadence-column176_14fe9d-f3 inner-column-2\"><div class=\"kt-inside-inner-col\">\n<figure class=\"wp-block-image size-large is-style-rounded\"><img loading=\"lazy\" decoding=\"async\" width=\"1024\" height=\"614\" src=\"https:\/\/dewabp.com\/wp-content\/uploads\/2019\/02\/cropped-WhatsApp-Image-2018-12-05-at-21.06.24-1024x614.jpeg\" alt=\"\" class=\"wp-image-1037\" srcset=\"https:\/\/dewabp.com\/wp-content\/uploads\/2019\/02\/cropped-WhatsApp-Image-2018-12-05-at-21.06.24-1024x614.jpeg 1024w, https:\/\/dewabp.com\/wp-content\/uploads\/2019\/02\/cropped-WhatsApp-Image-2018-12-05-at-21.06.24-300x180.jpeg 300w, https:\/\/dewabp.com\/wp-content\/uploads\/2019\/02\/cropped-WhatsApp-Image-2018-12-05-at-21.06.24-768x461.jpeg 768w, https:\/\/dewabp.com\/wp-content\/uploads\/2019\/02\/cropped-WhatsApp-Image-2018-12-05-at-21.06.24.jpeg 2000w\" sizes=\"auto, (max-width: 1024px) 100vw, 1024px\" \/><\/figure>\n<\/div><\/div>\n\n<\/div><\/div>\n\n\n<p><\/p>\n","protected":false},"excerpt":{"rendered":"<p>Bulmu\u015f &amp; Palanga K\u00f6y\u00fc (haritada ve resmi olarak Bulmu\u015f olarak ge\u00e7er kay\u0131tlarda)<\/p>\n","protected":false},"author":3,"featured_media":0,"parent":0,"menu_order":0,"comment_status":"closed","ping_status":"closed","template":"","meta":{"site-sidebar-layout":"default","site-content-layout":"","ast-site-content-layout":"default","site-content-style":"default","site-sidebar-style":"default","ast-global-header-display":"","ast-banner-title-visibility":"","ast-main-header-display":"","ast-hfb-above-header-display":"","ast-hfb-below-header-display":"","ast-hfb-mobile-header-display":"","site-post-title":"","ast-breadcrumbs-content":"","ast-featured-img":"","footer-sml-layout":"","ast-disable-related-posts":"","theme-transparent-header-meta":"default","adv-header-id-meta":"","stick-header-meta":"","header-above-stick-meta":"","header-main-stick-meta":"","header-below-stick-meta":"","astra-migrate-meta-layouts":"set","ast-page-background-enabled":"default","ast-page-background-meta":{"desktop":{"background-color":"","background-image":"","background-repeat":"repeat","background-position":"center center","background-size":"auto","background-attachment":"scroll","background-type":"","background-media":"","overlay-type":"","overlay-color":"","overlay-opacity":"","overlay-gradient":""},"tablet":{"background-color":"","background-image":"","background-repeat":"repeat","background-position":"center center","background-size":"auto","background-attachment":"scroll","background-type":"","background-media":"","overlay-type":"","overlay-color":"","overlay-opacity":"","overlay-gradient":""},"mobile":{"background-color":"","background-image":"","background-repeat":"repeat","background-position":"center center","background-size":"auto","background-attachment":"scroll","background-type":"","background-media":"","overlay-type":"","overlay-color":"","overlay-opacity":"","overlay-gradient":""}},"ast-content-background-meta":{"desktop":{"background-color":"var(--ast-global-color-5)","background-image":"","background-repeat":"repeat","background-position":"center center","background-size":"auto","background-attachment":"scroll","background-type":"","background-media":"","overlay-type":"","overlay-color":"","overlay-opacity":"","overlay-gradient":""},"tablet":{"background-color":"var(--ast-global-color-5)","background-image":"","background-repeat":"repeat","background-position":"center center","background-size":"auto","background-attachment":"scroll","background-type":"","background-media":"","overlay-type":"","overlay-color":"","overlay-opacity":"","overlay-gradient":""},"mobile":{"background-color":"var(--ast-global-color-5)","background-image":"","background-repeat":"repeat","background-position":"center center","background-size":"auto","background-attachment":"scroll","background-type":"","background-media":"","overlay-type":"","overlay-color":"","overlay-opacity":"","overlay-gradient":""}},"footnotes":""},"class_list":["post-176","page","type-page","status-publish","hentry"],"_links":{"self":[{"href":"https:\/\/dewabp.com\/tr\/wp-json\/wp\/v2\/pages\/176","targetHints":{"allow":["GET"]}}],"collection":[{"href":"https:\/\/dewabp.com\/tr\/wp-json\/wp\/v2\/pages"}],"about":[{"href":"https:\/\/dewabp.com\/tr\/wp-json\/wp\/v2\/types\/page"}],"author":[{"embeddable":true,"href":"https:\/\/dewabp.com\/tr\/wp-json\/wp\/v2\/users\/3"}],"replies":[{"embeddable":true,"href":"https:\/\/dewabp.com\/tr\/wp-json\/wp\/v2\/comments?post=176"}],"version-history":[{"count":23,"href":"https:\/\/dewabp.com\/tr\/wp-json\/wp\/v2\/pages\/176\/revisions"}],"predecessor-version":[{"id":6192,"href":"https:\/\/dewabp.com\/tr\/wp-json\/wp\/v2\/pages\/176\/revisions\/6192"}],"wp:attachment":[{"href":"https:\/\/dewabp.com\/tr\/wp-json\/wp\/v2\/media?parent=176"}],"curies":[{"name":"wp","href":"https:\/\/api.w.org\/{rel}","templated":true}]}}