{"id":55,"date":"2019-01-30T18:50:15","date_gmt":"2019-01-30T18:50:15","guid":{"rendered":"https:\/\/dewabp.com\/?page_id=55"},"modified":"2026-02-24T18:32:48","modified_gmt":"2026-02-24T18:32:48","slug":"koey-meclis","status":"publish","type":"page","link":"https:\/\/dewabp.com\/de\/biz-kimiz\/koey-meclis\/","title":{"rendered":"Dorfrat"},"content":{"rendered":"<style>.wp-block-kadence-advancedheading.kt-adv-heading_d2e4dc-8c, .wp-block-kadence-advancedheading.kt-adv-heading_d2e4dc-8c[data-kb-block=\"kb-adv-heading_d2e4dc-8c\"]{font-style:normal;}.wp-block-kadence-advancedheading.kt-adv-heading_d2e4dc-8c mark.kt-highlight, .wp-block-kadence-advancedheading.kt-adv-heading_d2e4dc-8c[data-kb-block=\"kb-adv-heading_d2e4dc-8c\"] mark.kt-highlight{font-style:normal;color:#f76a0c;-webkit-box-decoration-break:clone;box-decoration-break:clone;padding-top:0px;padding-right:0px;padding-bottom:0px;padding-left:0px;}.wp-block-kadence-advancedheading.kt-adv-heading_d2e4dc-8c img.kb-inline-image, .wp-block-kadence-advancedheading.kt-adv-heading_d2e4dc-8c[data-kb-block=\"kb-adv-heading_d2e4dc-8c\"] img.kb-inline-image{width:150px;vertical-align:baseline;}<\/style>\n<h2 class=\"kt-adv-heading_d2e4dc-8c wp-block-kadence-advancedheading\" data-kb-block=\"kb-adv-heading_d2e4dc-8c\">B&amp;P K\u00f6y Meclisi<\/h2>\n\n\n\n<p>B&amp;P \u2013 K\u00f6y Meclisi 2016 senesinde gurbete K\u00f6y\u00fcne hasret duyan ve bu g\u00fczel duygular\u0131n\u0131 di\u011fer K\u00f6yl\u00fclerimizle nas\u0131l payla\u015f\u0131r\u0131z d\u00fc\u015f\u00fcncesi ile ilk temelini atm\u0131\u015ft\u0131r. Umut ve hasretle ba\u015flayan d\u00fc\u015f\u00fcnce WhatsApp gibi sosyal medya platformlar\u0131nda can bulmu\u015ftur. Bu ad\u0131m\u0131n at\u0131lmas\u0131 b\u00fct\u00fcn K\u00f6yl\u00fclerimiz i\u00e7in adeta dilek tutar ger\u00e7ekle\u015fircesine kar\u015f\u0131l\u0131k bulmu\u015ftur. \u00d6ncelikle 1970\u00b4li y\u0131lar\u0131n\u0131n ba\u015f\u0131nda ba\u015flayan g\u00f6\u00e7 dalgas\u0131 K\u00f6yl\u00fclerimizi \u00f6nce T\u00fcrkiye\u2019nin bat\u0131 metropollerine oradan da Avrupa\u00b4ya a\u00e7\u0131lan yollarla Almanya, Avusturya, Bel\u00e7ika, Fransa, \u0130svi\u00e7re ve Hollanda\u00b4ya s\u00fcr\u00fcklemi\u015ftir. Aradan gecen 50 senelik gurbet s\u00fcrecinde bir insan \u00f6mr\u00fc ya\u015fanm\u0131\u015f ac\u0131 ve sevin\u00e7ler ile dolusu hikayeler ya\u015fanm\u0131\u015f ve izlerini b\u0131rakm\u0131\u015ft\u0131r K\u00f6yl\u00fclerimizde. Bug\u00fcn 450 haneyi ge\u00e7kin bir K\u00f6y olarak y\u00fczde doksan gurbette ya\u015famaktay\u0131z. Bu neden olmal\u0131d\u0131r ki gurbette b\u00fcy\u00fcyen ve farkl\u0131 \u00fclkelerde ya\u015fam m\u00fccadelesi veren K\u00f6yl\u00fclerimizin bir o kadar da duygu ve hasretle K\u00f6y\u00fcne ba\u011fl\u0131 kalm\u0131\u015flard\u0131r. <\/p>\n\n\n\n<p>Gurbette yeni nesiller dogmu\u015f ve hayat bulmu\u015ftur , buna ra\u011fmen topra\u011f\u0131m, ana baba oca\u011f\u0131 gibi \u00f6zelikler her zaman insanda oldu\u011fu gibi a\u011f\u0131rl\u0131\u011f\u0131n\u0131 bir kez daha ispatlanm\u0131\u015ft\u0131r. \u00c7al\u0131\u015fmalardan haberdar olan bu herkes d\u00fc\u015f\u00fcnceye sar\u0131larak el ele vermi\u015flerdir. Hem maddi hem de manevi olarak birlik beraberlik denilerek bir birilerine g\u00fc\u00e7 vererek ortak ak\u0131l da bulu\u015fmu\u015flard\u0131r. Derler ya &#8220;akl\u0131n yollu birdir&#8221; bu mant\u0131kla sar\u0131ld\u0131lar \u00e7al\u0131\u015fmalara ve sorumluk ald\u0131lar.<\/p>\n\n\n\n<p>\u0130lk \u00e7al\u0131\u015fmalar tan\u0131\u015fma olarak ba\u015flayarak farkl\u0131 projelere neden olmu\u015ftur. K\u0131sa zamanda \u00f6rg\u00fctselli\u011fin ve kurumla\u015fman\u0131n eksili\u011fi fark edilmi\u015ftir ve bu konuda gereken ad\u0131mlar at\u0131lm\u0131\u015ft\u0131r. Almanya ve \u0130stanbul\u2019da Dernek kurulmu\u015ftur ve di\u011fer b\u00f6lgelerde Komiteler \u00fczerinden \u00e7al\u0131\u015fmalar s\u00fcrd\u00fcr\u00fclm\u00fc\u015f takip edilmi\u015ftir. K\u00f6yde bir Festival organizasyonu gibi \u00e7al\u0131\u015fmalar i\u00e7ermekte olmakla birlikte 2018 senesinde \u00f6rg\u00fctselli\u011fe be\u015f b\u00f6lge \u00fczerinden gidilerek \u00e7at\u0131 kurum olarak K\u00f6y Meclisi b\u00fcnyesinde bir araya getirilmi\u015ftir. Bu d\u00f6nemden sonra b\u00fct\u00fcn \u00e7al\u0131\u015fmalar K\u00f6y Meclis b\u00fcnyesinde can bulmu\u015ftur. Cem ve A\u015fevleri projesi, Yeni Yerle\u015fim Yeri ve Geceler d\u00fczenlenmi\u015ftir. K\u00f6y Meclisi \u00e7at\u0131s\u0131 alt\u0131nda \u00c7al\u0131\u015fma Komisyonlar\u0131 kurularak sorumluklar verilmi\u015ftir ve \u00e7al\u0131\u015fmalar yap\u0131lm\u0131\u015ft\u0131r. <\/p>\n\n\n\n<p>Sorumluklar\u0131n belli oldu\u011fu Komisyon \u00e7al\u0131\u015fmalar\u0131 ba\u015flat\u0131lm\u0131\u015ft\u0131r K\u00f6y Meclisi\u00b4nde daha \u015feffaf bir \u015fekilde \u00e7al\u0131\u015fmalar\u0131n \u00f6n\u00fcn\u00fc a\u00e7m\u0131\u015ft\u0131r bu uygulama. Cem ve A\u015fevleri Projesini takip etmek i\u00e7in iki Komisyon kurulmu\u015f, Yeni Yerle\u015fim Yeri ve Su i\u00e7in, Yas ve Taziye i\u00e7in, \u00e7evre K\u00f6ylerle diyalog i\u00e7in, k\u00fcsk\u00fcn darg\u0131nlar i\u00e7in Bar\u0131\u015f Diyalog Komisyonu olu\u015fturulmu\u015ftur ayr\u0131ca K\u00fclt\u00fcr, E\u011fitim ve Sanat Komisyonu kurularak g\u00f6revler da\u011f\u0131t\u0131larak \u00e7al\u0131\u015fmalar\u0131n takibi edilmi\u015ftir.<\/p>\n\n\n\n<h2 class=\"wp-block-heading\"><strong>K\u00f6y Meclisi nas\u0131l ulu\u015fuyor ve i\u00e7 i\u015fleyi\u015fi nas\u0131ld\u0131r?<\/strong><\/h2>\n\n\n\n<figure class=\"wp-block-image\"><img loading=\"lazy\" decoding=\"async\" width=\"1029\" height=\"1202\" src=\"https:\/\/dewabp.com\/wp-content\/uploads\/2019\/01\/K\u00f6y-Meclisi-nas\u0131l-olu\u015fuyor.png\" alt=\"\" class=\"wp-image-204\" srcset=\"https:\/\/dewabp.com\/wp-content\/uploads\/2019\/01\/K\u00f6y-Meclisi-nas\u0131l-olu\u015fuyor.png 1029w, https:\/\/dewabp.com\/wp-content\/uploads\/2019\/01\/K\u00f6y-Meclisi-nas\u0131l-olu\u015fuyor-257x300.png 257w, https:\/\/dewabp.com\/wp-content\/uploads\/2019\/01\/K\u00f6y-Meclisi-nas\u0131l-olu\u015fuyor-768x897.png 768w, https:\/\/dewabp.com\/wp-content\/uploads\/2019\/01\/K\u00f6y-Meclisi-nas\u0131l-olu\u015fuyor-877x1024.png 877w\" sizes=\"auto, (max-width: 1029px) 100vw, 1029px\" \/><figcaption>K\u00f6y Meclis\u00b4nin \u00e7al\u0131\u015fma usulleri ve yap\u0131n\u0131n olu\u015fumu nas\u0131l i\u015fliyor?<\/figcaption><\/figure>\n\n\n<ul class=\"wp-block-latest-posts__list wp-block-latest-posts\"><\/ul>","protected":false},"excerpt":{"rendered":"<p>B&amp;P K\u00f6y Meclisi B&amp;P \u2013 K\u00f6y Meclisi 2016 senesinde gurbete K\u00f6y\u00fcne hasret duyan ve bu g\u00fczel duygular\u0131n\u0131 di\u011fer K\u00f6yl\u00fclerimizle nas\u0131l payla\u015f\u0131r\u0131z d\u00fc\u015f\u00fcncesi ile ilk temelini atm\u0131\u015ft\u0131r. Umut ve hasretle ba\u015flayan [&hellip;]<\/p>\n","protected":false},"author":3,"featured_media":0,"parent":22,"menu_order":0,"comment_status":"closed","ping_status":"closed","template":"","meta":{"site-sidebar-layout":"default","site-content-layout":null,"ast-site-content-layout":"default","site-content-style":"default","site-sidebar-style":"default","ast-global-header-display":"","ast-banner-title-visibility":"","ast-main-header-display":"","ast-hfb-above-header-display":null,"ast-hfb-below-header-display":null,"ast-hfb-mobile-header-display":null,"site-post-title":"disabled","ast-breadcrumbs-content":null,"ast-featured-img":"","footer-sml-layout":"","ast-disable-related-posts":"","theme-transparent-header-meta":"default","adv-header-id-meta":null,"stick-header-meta":null,"header-above-stick-meta":null,"header-main-stick-meta":null,"header-below-stick-meta":null,"astra-migrate-meta-layouts":"default","ast-page-background-enabled":"default","ast-page-background-meta":{"desktop":{"background-color":"","background-image":"","background-repeat":"repeat","background-position":"center center","background-size":"auto","background-attachment":"scroll","background-type":"","background-media":"","overlay-type":"","overlay-color":"","overlay-opacity":"","overlay-gradient":""},"tablet":{"background-color":"","background-image":"","background-repeat":"repeat","background-position":"center center","background-size":"auto","background-attachment":"scroll","background-type":"","background-media":"","overlay-type":"","overlay-color":"","overlay-opacity":"","overlay-gradient":""},"mobile":{"background-color":"","background-image":"","background-repeat":"repeat","background-position":"center center","background-size":"auto","background-attachment":"scroll","background-type":"","background-media":"","overlay-type":"","overlay-color":"","overlay-opacity":"","overlay-gradient":""}},"ast-content-background-meta":{"desktop":{"background-color":"var(--ast-global-color-5)","background-image":"","background-repeat":"repeat","background-position":"center center","background-size":"auto","background-attachment":"scroll","background-type":"","background-media":"","overlay-type":"","overlay-color":"","overlay-opacity":"","overlay-gradient":""},"tablet":{"background-color":"var(--ast-global-color-5)","background-image":"","background-repeat":"repeat","background-position":"center center","background-size":"auto","background-attachment":"scroll","background-type":"","background-media":"","overlay-type":"","overlay-color":"","overlay-opacity":"","overlay-gradient":""},"mobile":{"background-color":"var(--ast-global-color-5)","background-image":"","background-repeat":"repeat","background-position":"center center","background-size":"auto","background-attachment":"scroll","background-type":"","background-media":"","overlay-type":"","overlay-color":"","overlay-opacity":"","overlay-gradient":""}},"footnotes":""},"class_list":["post-55","page","type-page","status-publish","hentry"],"_links":{"self":[{"href":"https:\/\/dewabp.com\/de\/wp-json\/wp\/v2\/pages\/55","targetHints":{"allow":["GET"]}}],"collection":[{"href":"https:\/\/dewabp.com\/de\/wp-json\/wp\/v2\/pages"}],"about":[{"href":"https:\/\/dewabp.com\/de\/wp-json\/wp\/v2\/types\/page"}],"author":[{"embeddable":true,"href":"https:\/\/dewabp.com\/de\/wp-json\/wp\/v2\/users\/3"}],"replies":[{"embeddable":true,"href":"https:\/\/dewabp.com\/de\/wp-json\/wp\/v2\/comments?post=55"}],"version-history":[{"count":43,"href":"https:\/\/dewabp.com\/de\/wp-json\/wp\/v2\/pages\/55\/revisions"}],"predecessor-version":[{"id":4870,"href":"https:\/\/dewabp.com\/de\/wp-json\/wp\/v2\/pages\/55\/revisions\/4870"}],"up":[{"embeddable":true,"href":"https:\/\/dewabp.com\/de\/wp-json\/wp\/v2\/pages\/22"}],"wp:attachment":[{"href":"https:\/\/dewabp.com\/de\/wp-json\/wp\/v2\/media?parent=55"}],"curies":[{"name":"wp","href":"https:\/\/api.w.org\/{rel}","templated":true}]}}