{"id":44,"date":"2019-01-30T18:48:21","date_gmt":"2019-01-30T18:48:21","guid":{"rendered":"https:\/\/dewabp.com\/?page_id=44"},"modified":"2026-02-24T18:33:11","modified_gmt":"2026-02-24T18:33:11","slug":"takvim","status":"publish","type":"page","link":"https:\/\/dewabp.com\/de\/faaliyetler\/takvim\/","title":{"rendered":"Kalender"},"content":{"rendered":"<h2 class=\"wp-block-heading\"><strong>2019 Takvim \u00e7al\u0131\u015fmas\u0131 <\/strong><\/h2>\n\n\n\n<div class=\"wp-block-image\"><figure class=\"alignleft is-resized\"><a href=\"https:\/\/dewabp.com\/wp-content\/uploads\/2019\/01\/Bulmus%CC%A7-Palanga-ko%CC%88yu%CC%88-Takvim-Final.pdf\" target=\"_blank\" rel=\"noreferrer noopener\"><img loading=\"lazy\" decoding=\"async\" src=\"https:\/\/dewabp.com\/wp-content\/uploads\/2019\/02\/Takvim-2019-birinci-sayfa.jpg\" alt=\"\" class=\"wp-image-933\" width=\"262\" height=\"369\" srcset=\"https:\/\/dewabp.com\/wp-content\/uploads\/2019\/02\/Takvim-2019-birinci-sayfa.jpg 605w, https:\/\/dewabp.com\/wp-content\/uploads\/2019\/02\/Takvim-2019-birinci-sayfa-213x300.jpg 213w\" sizes=\"auto, (max-width: 262px) 100vw, 262px\" \/><\/a><\/figure><\/div>\n\n\n\n<div class=\"wp-block-file\"><a href=\"https:\/\/dewabp.com\/wp-content\/uploads\/2019\/01\/Bulmus\u0327-Palanga-ko\u0308yu\u0308-Takvim-Final.pdf\">Bulmus\u0327 &amp; Palanga K\u00f6y Takvimi 2019<\/a><a href=\"https:\/\/dewabp.com\/wp-content\/uploads\/2019\/01\/Bulmus\u0327-Palanga-ko\u0308yu\u0308-Takvim-Final.pdf\" class=\"wp-block-file__button\" download>indir<\/a><\/div>","protected":false},"excerpt":{"rendered":"<p>2019 Takvim \u00e7al\u0131\u015fmas\u0131<\/p>","protected":false},"author":3,"featured_media":0,"parent":26,"menu_order":0,"comment_status":"closed","ping_status":"closed","template":"","meta":{"site-sidebar-layout":"default","site-content-layout":null,"ast-site-content-layout":"default","site-content-style":"default","site-sidebar-style":"default","ast-global-header-display":"","ast-banner-title-visibility":"","ast-main-header-display":"","ast-hfb-above-header-display":null,"ast-hfb-below-header-display":null,"ast-hfb-mobile-header-display":null,"site-post-title":"","ast-breadcrumbs-content":null,"ast-featured-img":"","footer-sml-layout":"","ast-disable-related-posts":"","theme-transparent-header-meta":"","adv-header-id-meta":null,"stick-header-meta":null,"header-above-stick-meta":null,"header-main-stick-meta":null,"header-below-stick-meta":null,"astra-migrate-meta-layouts":"default","ast-page-background-enabled":"default","ast-page-background-meta":{"desktop":{"background-color":"","background-image":"","background-repeat":"repeat","background-position":"center center","background-size":"auto","background-attachment":"scroll","background-type":"","background-media":"","overlay-type":"","overlay-color":"","overlay-opacity":"","overlay-gradient":""},"tablet":{"background-color":"","background-image":"","background-repeat":"repeat","background-position":"center center","background-size":"auto","background-attachment":"scroll","background-type":"","background-media":"","overlay-type":"","overlay-color":"","overlay-opacity":"","overlay-gradient":""},"mobile":{"background-color":"","background-image":"","background-repeat":"repeat","background-position":"center center","background-size":"auto","background-attachment":"scroll","background-type":"","background-media":"","overlay-type":"","overlay-color":"","overlay-opacity":"","overlay-gradient":""}},"ast-content-background-meta":{"desktop":{"background-color":"var(--ast-global-color-5)","background-image":"","background-repeat":"repeat","background-position":"center center","background-size":"auto","background-attachment":"scroll","background-type":"","background-media":"","overlay-type":"","overlay-color":"","overlay-opacity":"","overlay-gradient":""},"tablet":{"background-color":"var(--ast-global-color-5)","background-image":"","background-repeat":"repeat","background-position":"center center","background-size":"auto","background-attachment":"scroll","background-type":"","background-media":"","overlay-type":"","overlay-color":"","overlay-opacity":"","overlay-gradient":""},"mobile":{"background-color":"var(--ast-global-color-5)","background-image":"","background-repeat":"repeat","background-position":"center center","background-size":"auto","background-attachment":"scroll","background-type":"","background-media":"","overlay-type":"","overlay-color":"","overlay-opacity":"","overlay-gradient":""}},"footnotes":""},"class_list":["post-44","page","type-page","status-publish","hentry"],"_links":{"self":[{"href":"https:\/\/dewabp.com\/de\/wp-json\/wp\/v2\/pages\/44","targetHints":{"allow":["GET"]}}],"collection":[{"href":"https:\/\/dewabp.com\/de\/wp-json\/wp\/v2\/pages"}],"about":[{"href":"https:\/\/dewabp.com\/de\/wp-json\/wp\/v2\/types\/page"}],"author":[{"embeddable":true,"href":"https:\/\/dewabp.com\/de\/wp-json\/wp\/v2\/users\/3"}],"replies":[{"embeddable":true,"href":"https:\/\/dewabp.com\/de\/wp-json\/wp\/v2\/comments?post=44"}],"version-history":[{"count":10,"href":"https:\/\/dewabp.com\/de\/wp-json\/wp\/v2\/pages\/44\/revisions"}],"predecessor-version":[{"id":1583,"href":"https:\/\/dewabp.com\/de\/wp-json\/wp\/v2\/pages\/44\/revisions\/1583"}],"up":[{"embeddable":true,"href":"https:\/\/dewabp.com\/de\/wp-json\/wp\/v2\/pages\/26"}],"wp:attachment":[{"href":"https:\/\/dewabp.com\/de\/wp-json\/wp\/v2\/media?parent=44"}],"curies":[{"name":"wp","href":"https:\/\/api.w.org\/{rel}","templated":true}]}}