{"id":30,"date":"2019-01-30T18:44:39","date_gmt":"2019-01-30T18:44:39","guid":{"rendered":"https:\/\/dewabp.com\/?page_id=30"},"modified":"2026-03-28T07:45:42","modified_gmt":"2026-03-28T07:45:42","slug":"koeyler-arasi-diyalog","status":"publish","type":"page","link":"https:\/\/dewabp.com\/de\/komisyonlar\/koeyler-arasi-diyalog\/","title":{"rendered":"K\u00f6yler aras\u0131 Diyalog Komisiyonu (KaD)"},"content":{"rendered":"<figure class=\"wp-block-image aligncenter\"><img loading=\"lazy\" decoding=\"async\" width=\"554\" height=\"532\" src=\"https:\/\/dewabp.com\/wp-content\/uploads\/2019\/01\/el-ele-K\u00f6ylerimiz.png\" alt=\"\" class=\"wp-image-232\" srcset=\"https:\/\/dewabp.com\/wp-content\/uploads\/2019\/01\/el-ele-K\u00f6ylerimiz.png 554w, https:\/\/dewabp.com\/wp-content\/uploads\/2019\/01\/el-ele-K\u00f6ylerimiz-300x288.png 300w\" sizes=\"auto, (max-width: 554px) 100vw, 554px\" \/><figcaption class=\"wp-element-caption\"><br><em>Logo,<\/em> <em>KaD <\/em> <em>K\u00f6yler aras\u0131 Diyalog Komisiyonu<\/em><\/figcaption><\/figure>\n\n\n\n<div data-wp-interactive=\"core\/file\" class=\"wp-block-file\"><object data-wp-bind--hidden=\"!state.hasPdfPreview\" hidden class=\"wp-block-file__embed\" data=\"https:\/\/dewabp.com\/wp-content\/uploads\/2026\/03\/KaD-Calisma-Taslagi.pdf\" type=\"application\/pdf\" style=\"width:100%;height:600px\" aria-label=\"Einbettung von KaD - \u00c7al\u0131\u015fma Tasla\u011f\u0131.\"><\/object><a id=\"wp-block-file--media-c3672be7-4250-48b4-9306-53caad43073a\" href=\"https:\/\/dewabp.com\/wp-content\/uploads\/2026\/03\/KaD-Calisma-Taslagi.pdf\">KaD &#8211; \u00c7al\u0131\u015fma Tasla\u011f\u0131<\/a><a href=\"https:\/\/dewabp.com\/wp-content\/uploads\/2026\/03\/KaD-Calisma-Taslagi.pdf\" class=\"wp-block-file__button wp-element-button\" download aria-describedby=\"wp-block-file--media-c3672be7-4250-48b4-9306-53caad43073a\">\u0130nd\u0130r <\/a><\/div>\n\n\n\n<p><\/p>","protected":false},"excerpt":{"rendered":"","protected":false},"author":3,"featured_media":0,"parent":61,"menu_order":0,"comment_status":"closed","ping_status":"closed","template":"","meta":{"site-sidebar-layout":"default","site-content-layout":"","ast-site-content-layout":"default","site-content-style":"default","site-sidebar-style":"default","ast-global-header-display":"","ast-banner-title-visibility":"","ast-main-header-display":"","ast-hfb-above-header-display":"","ast-hfb-below-header-display":"","ast-hfb-mobile-header-display":"","site-post-title":"","ast-breadcrumbs-content":"","ast-featured-img":"","footer-sml-layout":"","ast-disable-related-posts":"","theme-transparent-header-meta":"","adv-header-id-meta":"","stick-header-meta":"","header-above-stick-meta":"","header-main-stick-meta":"","header-below-stick-meta":"","astra-migrate-meta-layouts":"set","ast-page-background-enabled":"default","ast-page-background-meta":{"desktop":{"background-color":"","background-image":"","background-repeat":"repeat","background-position":"center center","background-size":"auto","background-attachment":"scroll","background-type":"","background-media":"","overlay-type":"","overlay-color":"","overlay-opacity":"","overlay-gradient":""},"tablet":{"background-color":"","background-image":"","background-repeat":"repeat","background-position":"center center","background-size":"auto","background-attachment":"scroll","background-type":"","background-media":"","overlay-type":"","overlay-color":"","overlay-opacity":"","overlay-gradient":""},"mobile":{"background-color":"","background-image":"","background-repeat":"repeat","background-position":"center center","background-size":"auto","background-attachment":"scroll","background-type":"","background-media":"","overlay-type":"","overlay-color":"","overlay-opacity":"","overlay-gradient":""}},"ast-content-background-meta":{"desktop":{"background-color":"var(--ast-global-color-5)","background-image":"","background-repeat":"repeat","background-position":"center center","background-size":"auto","background-attachment":"scroll","background-type":"","background-media":"","overlay-type":"","overlay-color":"","overlay-opacity":"","overlay-gradient":""},"tablet":{"background-color":"var(--ast-global-color-5)","background-image":"","background-repeat":"repeat","background-position":"center center","background-size":"auto","background-attachment":"scroll","background-type":"","background-media":"","overlay-type":"","overlay-color":"","overlay-opacity":"","overlay-gradient":""},"mobile":{"background-color":"var(--ast-global-color-5)","background-image":"","background-repeat":"repeat","background-position":"center center","background-size":"auto","background-attachment":"scroll","background-type":"","background-media":"","overlay-type":"","overlay-color":"","overlay-opacity":"","overlay-gradient":""}},"footnotes":""},"class_list":["post-30","page","type-page","status-publish","hentry"],"_links":{"self":[{"href":"https:\/\/dewabp.com\/de\/wp-json\/wp\/v2\/pages\/30","targetHints":{"allow":["GET"]}}],"collection":[{"href":"https:\/\/dewabp.com\/de\/wp-json\/wp\/v2\/pages"}],"about":[{"href":"https:\/\/dewabp.com\/de\/wp-json\/wp\/v2\/types\/page"}],"author":[{"embeddable":true,"href":"https:\/\/dewabp.com\/de\/wp-json\/wp\/v2\/users\/3"}],"replies":[{"embeddable":true,"href":"https:\/\/dewabp.com\/de\/wp-json\/wp\/v2\/comments?post=30"}],"version-history":[{"count":9,"href":"https:\/\/dewabp.com\/de\/wp-json\/wp\/v2\/pages\/30\/revisions"}],"predecessor-version":[{"id":6244,"href":"https:\/\/dewabp.com\/de\/wp-json\/wp\/v2\/pages\/30\/revisions\/6244"}],"up":[{"embeddable":true,"href":"https:\/\/dewabp.com\/de\/wp-json\/wp\/v2\/pages\/61"}],"wp:attachment":[{"href":"https:\/\/dewabp.com\/de\/wp-json\/wp\/v2\/media?parent=30"}],"curies":[{"name":"wp","href":"https:\/\/api.w.org\/{rel}","templated":true}]}}